{"id":7,"date":"2016-06-17T01:20:37","date_gmt":"2016-06-17T01:20:37","guid":{"rendered":"http:\/\/www.cartrophen.com\/?page_id=7"},"modified":"2019-08-01T20:25:45","modified_gmt":"2019-08-01T20:25:45","slug":"about-us","status":"publish","type":"page","link":"https:\/\/www.cartrophen.com\/fr\/about-us\/","title":{"rendered":"A propos"},"content":{"rendered":"<p><\/p>\n<h3>Biopharm Australia<\/h3>\n<p>Fond\u00e9 dans les ann\u00e9es 1980, Biopharm Australia s\u2019est engag\u00e9 \u00e0 am\u00e9liorer la sant\u00e9 animale au travers des meilleures technologies. Depuis plus de 30 ans, Biopharm reste un des leaders mondiaux dans le traitement de l\u2019ost\u00e9oarthrose. Afin de parvenir \u00e0 notre but qui est d\u2019am\u00e9liorer la sant\u00e9 au travers des meilleurs technologies, Biopharm a beaucoup investi dans le d\u00e9veloppement de nouvelles technologies et m\u00e9dicaments qui am\u00e9liorent la qualit\u00e9 de vie des animaux et renforcent, gr\u00e2ce \u00e0 une bonne m\u00e9decine, l\u2019attachement humain-animal.<\/p>\n<p>La s\u00e9curit\u00e9 a toujours \u00e9t\u00e9 au premier plan dans nos produits, particuli\u00e8rement en ce qui concerne les mol\u00e9cules larges et complexes comme les polysaccharides. Evidemment, l\u2019efficacit\u00e9 est&nbsp; le pilier&nbsp; de nos produits et des \u00e9tudes ont \u00e9t\u00e9s men\u00e9es en Australie, au Canada, au Danemark, en Finlande, en Allemagne, au Japon, en Nouvelle-Z\u00e9lande, au Royaume-Uni et aux USA. Une collaboration scientifique a \u00e9t\u00e9 men\u00e9e \u00e0 bien avec de nombreuses institutions locales et \u00e9trang\u00e8res.<\/p>\n<p>Nos normes exigeantes de s\u00e9curit\u00e9 et d\u2019efficacit\u00e9 sont reconnues et nos produits ont \u00e9t\u00e9 accept\u00e9s par les autorit\u00e9s r\u00e9glementaires \u00e0 travers le monde, comme m\u00e9dicaments v\u00e9t\u00e9rinaires. Nos produits ont \u00e9t\u00e9s largement utilis\u00e9s, sur nos chers animaux de compagnie ainsi que sur des chevaux de course valant plusieurs millions d\u2019euros, et nous continuons de nous assurer que nos produits sont fabriqu\u00e9s de fa\u00e7on \u00e0 d\u00e9livrer le plus haut niveau d\u2019efficacit\u00e9 et de s\u00e9curit\u00e9. Le polysulfate de pentosane utilis\u00e9 par Biopharm dans ses m\u00e9dicaments traitant l\u2019arthrose, est la m\u00eame substance approuv\u00e9e et utilis\u00e9e en Europe pour les humains (conditions non-arthrosiques) depuis plus de 50 ans.<\/p>\n<p>La qualit\u00e9 des produits Biopharm est consolid\u00e9e par l\u2019excellence de ses laboratoires de contr\u00f4le \u00ab&nbsp;d\u2019assurance qualit\u00e9&nbsp;\u00bb&nbsp; accr\u00e9dit\u00e9s par l\u2019Association Nationale des Autorit\u00e9s de Contr\u00f4le, Australie (NATA) et sous licence de l\u2019Administration des Produits Th\u00e9rapeutiques (TGA). Ces accr\u00e9ditations sont reconnues dans le monde entier par des accords de \u00abreconnaissance mutuelle&nbsp;\u00bb propres \u00e0 chaque r\u00e9gion.<\/p>\n<p>Vous pouvez faire confiance aux produits Biopharm, sachant qu\u2019ils sont de la meilleure qualit\u00e9 et fiabilit\u00e9.<\/p>","protected":false},"excerpt":{"rendered":"<p>Biopharm Australia Fond\u00e9 dans les ann\u00e9es 1980, Biopharm Australia s\u2019est engag\u00e9 \u00e0 am\u00e9liorer la sant\u00e9 animale au travers des meilleures technologies. Depuis plus de 30 ans, Biopharm reste un des leaders mondiaux dans le traitement de l\u2019ost\u00e9oarthrose. Afin de parvenir \u00e0 notre but qui est d\u2019am\u00e9liorer la sant\u00e9 au travers des meilleurs technologies, Biopharm a&#8230;  <a class=\"excerpt-read-more\" href=\"https:\/\/www.cartrophen.com\/fr\/about-us\/\" title=\"ReadA propos\">Read more &raquo;<\/a><\/p>\n","protected":false},"author":1,"featured_media":0,"parent":0,"menu_order":0,"comment_status":"closed","ping_status":"closed","template":"page-about.php","meta":{"_acf_changed":false,"footnotes":""},"class_list":["post-7","page","type-page","status-publish","hentry"],"acf":[],"yoast_head":"<!-- This site is optimized with the Yoast SEO plugin v26.4 - https:\/\/yoast.com\/wordpress\/plugins\/seo\/ -->\n<title>Biopharm Australia<\/title>\n<meta name=\"robots\" content=\"index, follow, max-snippet:-1, max-image-preview:large, max-video-preview:-1\" \/>\n<link rel=\"canonical\" href=\"http:\/\/www.cartrophen.com\/fr\/about-us\/\" \/>\n<meta property=\"og:locale\" content=\"fr_FR\" \/>\n<meta property=\"og:type\" content=\"article\" \/>\n<meta property=\"og:title\" content=\"Biopharm Australia\" \/>\n<meta property=\"og:description\" content=\"Biopharm Australia Fond\u00e9 dans les ann\u00e9es 1980, Biopharm Australia s\u2019est engag\u00e9 \u00e0 am\u00e9liorer la sant\u00e9 animale au travers des meilleures technologies. Depuis plus de 30 ans, Biopharm reste un des leaders mondiaux dans le traitement de l\u2019ost\u00e9oarthrose. Afin de parvenir \u00e0 notre but qui est d\u2019am\u00e9liorer la sant\u00e9 au travers des meilleurs technologies, Biopharm a... Read more &raquo;\" \/>\n<meta property=\"og:url\" content=\"http:\/\/www.cartrophen.com\/fr\/about-us\/\" \/>\n<meta property=\"og:site_name\" content=\"Cartrophen Vet\" \/>\n<meta property=\"article:publisher\" content=\"https:\/\/www.facebook.com\/cartrophenvet\/\" \/>\n<meta property=\"article:modified_time\" content=\"2019-08-01T20:25:45+00:00\" \/>\n<meta name=\"twitter:card\" content=\"summary_large_image\" \/>\n<meta name=\"twitter:label1\" content=\"Dur\u00e9e de lecture estim\u00e9e\" \/>\n\t<meta name=\"twitter:data1\" content=\"3 minutes\" \/>\n<script type=\"application\/ld+json\" class=\"yoast-schema-graph\">{\"@context\":\"https:\/\/schema.org\",\"@graph\":[{\"@type\":\"WebPage\",\"@id\":\"http:\/\/www.cartrophen.com\/fr\/about-us\/\",\"url\":\"http:\/\/www.cartrophen.com\/fr\/about-us\/\",\"name\":\"Biopharm Australia\",\"isPartOf\":{\"@id\":\"https:\/\/www.cartrophen.com\/#website\"},\"datePublished\":\"2016-06-17T01:20:37+00:00\",\"dateModified\":\"2019-08-01T20:25:45+00:00\",\"breadcrumb\":{\"@id\":\"http:\/\/www.cartrophen.com\/fr\/about-us\/#breadcrumb\"},\"inLanguage\":\"fr-FR\",\"potentialAction\":[{\"@type\":\"ReadAction\",\"target\":[\"http:\/\/www.cartrophen.com\/fr\/about-us\/\"]}]},{\"@type\":\"BreadcrumbList\",\"@id\":\"http:\/\/www.cartrophen.com\/fr\/about-us\/#breadcrumb\",\"itemListElement\":[{\"@type\":\"ListItem\",\"position\":1,\"name\":\"Home\",\"item\":\"https:\/\/www.cartrophen.com\/\"},{\"@type\":\"ListItem\",\"position\":2,\"name\":\"A propos\"}]},{\"@type\":\"WebSite\",\"@id\":\"https:\/\/www.cartrophen.com\/#website\",\"url\":\"https:\/\/www.cartrophen.com\/\",\"name\":\"Cartrophen Vet\",\"description\":\"Healthy joints, happy pets\",\"potentialAction\":[{\"@type\":\"SearchAction\",\"target\":{\"@type\":\"EntryPoint\",\"urlTemplate\":\"https:\/\/www.cartrophen.com\/?s={search_term_string}\"},\"query-input\":{\"@type\":\"PropertyValueSpecification\",\"valueRequired\":true,\"valueName\":\"search_term_string\"}}],\"inLanguage\":\"fr-FR\"}]}<\/script>\n<!-- \/ Yoast SEO plugin. -->","yoast_head_json":{"title":"Biopharm Australia","robots":{"index":"index","follow":"follow","max-snippet":"max-snippet:-1","max-image-preview":"max-image-preview:large","max-video-preview":"max-video-preview:-1"},"canonical":"http:\/\/www.cartrophen.com\/fr\/about-us\/","og_locale":"fr_FR","og_type":"article","og_title":"Biopharm Australia","og_description":"Biopharm Australia Fond\u00e9 dans les ann\u00e9es 1980, Biopharm Australia s\u2019est engag\u00e9 \u00e0 am\u00e9liorer la sant\u00e9 animale au travers des meilleures technologies. Depuis plus de 30 ans, Biopharm reste un des leaders mondiaux dans le traitement de l\u2019ost\u00e9oarthrose. Afin de parvenir \u00e0 notre but qui est d\u2019am\u00e9liorer la sant\u00e9 au travers des meilleurs technologies, Biopharm a... Read more &raquo;","og_url":"http:\/\/www.cartrophen.com\/fr\/about-us\/","og_site_name":"Cartrophen Vet","article_publisher":"https:\/\/www.facebook.com\/cartrophenvet\/","article_modified_time":"2019-08-01T20:25:45+00:00","twitter_card":"summary_large_image","twitter_misc":{"Dur\u00e9e de lecture estim\u00e9e":"3 minutes"},"schema":{"@context":"https:\/\/schema.org","@graph":[{"@type":"WebPage","@id":"http:\/\/www.cartrophen.com\/fr\/about-us\/","url":"http:\/\/www.cartrophen.com\/fr\/about-us\/","name":"Biopharm Australia","isPartOf":{"@id":"https:\/\/www.cartrophen.com\/#website"},"datePublished":"2016-06-17T01:20:37+00:00","dateModified":"2019-08-01T20:25:45+00:00","breadcrumb":{"@id":"http:\/\/www.cartrophen.com\/fr\/about-us\/#breadcrumb"},"inLanguage":"fr-FR","potentialAction":[{"@type":"ReadAction","target":["http:\/\/www.cartrophen.com\/fr\/about-us\/"]}]},{"@type":"BreadcrumbList","@id":"http:\/\/www.cartrophen.com\/fr\/about-us\/#breadcrumb","itemListElement":[{"@type":"ListItem","position":1,"name":"Home","item":"https:\/\/www.cartrophen.com\/"},{"@type":"ListItem","position":2,"name":"A propos"}]},{"@type":"WebSite","@id":"https:\/\/www.cartrophen.com\/#website","url":"https:\/\/www.cartrophen.com\/","name":"Cartrophen Vet","description":"Healthy joints, happy pets","potentialAction":[{"@type":"SearchAction","target":{"@type":"EntryPoint","urlTemplate":"https:\/\/www.cartrophen.com\/?s={search_term_string}"},"query-input":{"@type":"PropertyValueSpecification","valueRequired":true,"valueName":"search_term_string"}}],"inLanguage":"fr-FR"}]}},"_links":{"self":[{"href":"https:\/\/www.cartrophen.com\/fr\/wp-json\/wp\/v2\/pages\/7","targetHints":{"allow":["GET"]}}],"collection":[{"href":"https:\/\/www.cartrophen.com\/fr\/wp-json\/wp\/v2\/pages"}],"about":[{"href":"https:\/\/www.cartrophen.com\/fr\/wp-json\/wp\/v2\/types\/page"}],"author":[{"embeddable":true,"href":"https:\/\/www.cartrophen.com\/fr\/wp-json\/wp\/v2\/users\/1"}],"replies":[{"embeddable":true,"href":"https:\/\/www.cartrophen.com\/fr\/wp-json\/wp\/v2\/comments?post=7"}],"version-history":[{"count":16,"href":"https:\/\/www.cartrophen.com\/fr\/wp-json\/wp\/v2\/pages\/7\/revisions"}],"predecessor-version":[{"id":4531,"href":"https:\/\/www.cartrophen.com\/fr\/wp-json\/wp\/v2\/pages\/7\/revisions\/4531"}],"wp:attachment":[{"href":"https:\/\/www.cartrophen.com\/fr\/wp-json\/wp\/v2\/media?parent=7"}],"curies":[{"name":"wp","href":"https:\/\/api.w.org\/{rel}","templated":true}]}}