{"id":44,"date":"2016-06-17T01:29:21","date_gmt":"2016-06-17T01:29:21","guid":{"rendered":"http:\/\/www.cartrophen.com\/?page_id=44"},"modified":"2016-10-11T09:05:09","modified_gmt":"2016-10-11T09:05:09","slug":"dosage-usage","status":"publish","type":"page","link":"https:\/\/www.cartrophen.com\/fr\/for-vets\/dosage-usage\/","title":{"rendered":"Posologie et Indications"},"content":{"rendered":"<p><\/p>\n<h2><strong>Posologie<\/strong><\/h2>\n<p>Anarthron a une efficacit\u00e9 optimale sur les chiens \u00e0 la dose de 3mg\/kg de polysulfate de pentosane sodique (PPS), administr\u00e9e en sous-cutan\u00e9 \u00e0 quatre reprises et \u00e0 des intervalles de 5-7 jours. Chez les chevaux le dosage recommand\u00e9 est l\u00e9g\u00e8rement inf\u00e9rieur, soit 2-2.5mg\/kg de PPS administr\u00e9 par voie d\u2019injection intramusculaire, \u00e0 quatre reprises et \u00e0 des intervalles de 5-7 jours. Le dosage est \u00e9quivalent \u00e0 1g de PPS pour un cheval de 400-500kg soit l\u2019\u00e9quivalent d\u2019un flacon d\u2019Anarthron (10ml) ou Cartrophen Equine Forte (4ml) qui contient 1g de PPS.<\/p>\n<p>Des \u00e9tudes dose-effet men\u00e9es chez les chiens arthrosiques ont d\u00e9montr\u00e9 que la dose optimale d\u2019Anarthron \u00e9tait de 3mg\u00a0\/kg et que les doses de 1mg\/kg et 5mg\/kg n\u2019\u00e9taient pas aussi efficaces. L\u2019indice de claudication a \u00e9t\u00e9 mesur\u00e9 sur une \u00e9chelle de s\u00e9v\u00e9rit\u00e9 \u00e0 5 points (de \u00abpas de boiterie\u00a0\u00bb \u00e0 \u00abne veut pas s&rsquo;en servir\u00bb), et sa valeur a diminu\u00e9 apr\u00e8s les quatre injections hebdomadaires se maintenant, pendant les quatre semaines suivant le traitement (huiti\u00e8me semaine). L\u2019indice d&rsquo;efficacit\u00e9 \u00e9tait le nombre de modifications importantes de l&rsquo;\u00e9tat clinique dans chacun des groupes, compar\u00e9 aux valeurs de d\u00e9part (Read et al, 1996). Des dosages plus \u00e9lev\u00e9s ont montr\u00e9 une efficacit\u00e9 diminu\u00e9e, qui n\u2019\u00e9tait pas un effet toxique mais plut\u00f4t un changement vers un \u00e9quilibre moins favorable des activit\u00e9s anti-catabolique et pro-catabolique quand l\u2019effet tissulaire global est moins favorable.<\/p>\n<p>Posologie d\u2019Anarthron \u2013 T\u00e9l\u00e9charger PDF<\/p>\n<h2><img loading=\"lazy\" decoding=\"async\" class=\"alignnone size-full wp-image-294\" style=\"font-size: 16px; line-height: 1.5;\" src=\"http:\/\/www.cartrophen.com\/wp-content\/uploads\/2016\/07\/graph-3.png\" alt=\"graph-3\" width=\"1497\" height=\"496\" srcset=\"https:\/\/www.cartrophen.com\/wp-content\/uploads\/2016\/07\/graph-3.png 1497w, https:\/\/www.cartrophen.com\/wp-content\/uploads\/2016\/07\/graph-3-300x100.png 300w, https:\/\/www.cartrophen.com\/wp-content\/uploads\/2016\/07\/graph-3-768x254.png 768w, https:\/\/www.cartrophen.com\/wp-content\/uploads\/2016\/07\/graph-3-1024x339.png 1024w\" sizes=\"auto, (max-width: 1497px) 100vw, 1497px\" \/><\/h2>\n<p><\/p>","protected":false},"excerpt":{"rendered":"<p>Posologie Anarthron a une efficacit\u00e9 optimale sur les chiens \u00e0 la dose de 3mg\/kg de polysulfate de pentosane sodique (PPS), administr\u00e9e en sous-cutan\u00e9 \u00e0 quatre reprises et \u00e0 des intervalles de 5-7 jours. Chez les chevaux le dosage recommand\u00e9 est l\u00e9g\u00e8rement inf\u00e9rieur, soit 2-2.5mg\/kg de PPS administr\u00e9 par voie d\u2019injection intramusculaire, \u00e0 quatre reprises et&#8230;  <a class=\"excerpt-read-more\" href=\"https:\/\/www.cartrophen.com\/fr\/for-vets\/dosage-usage\/\" title=\"ReadPosologie et Indications\">Read more &raquo;<\/a><\/p>\n","protected":false},"author":1,"featured_media":0,"parent":37,"menu_order":0,"comment_status":"closed","ping_status":"closed","template":"","meta":{"_acf_changed":false,"footnotes":""},"class_list":["post-44","page","type-page","status-publish","hentry"],"acf":[],"yoast_head":"<!-- This site is optimized with the Yoast SEO plugin v26.4 - https:\/\/yoast.com\/wordpress\/plugins\/seo\/ -->\n<title>Posologie et Indications - Cartrophen Vet<\/title>\n<meta name=\"robots\" content=\"index, follow, max-snippet:-1, max-image-preview:large, max-video-preview:-1\" \/>\n<link rel=\"canonical\" href=\"https:\/\/www.cartrophen.com\/for-vets\/dosage-usage\/\" \/>\n<meta property=\"og:locale\" content=\"fr_FR\" \/>\n<meta property=\"og:type\" content=\"article\" \/>\n<meta property=\"og:title\" content=\"Posologie et Indications - Cartrophen Vet\" \/>\n<meta property=\"og:description\" content=\"Posologie Anarthron a une efficacit\u00e9 optimale sur les chiens \u00e0 la dose de 3mg\/kg de polysulfate de pentosane sodique (PPS), administr\u00e9e en sous-cutan\u00e9 \u00e0 quatre reprises et \u00e0 des intervalles de 5-7 jours. Chez les chevaux le dosage recommand\u00e9 est l\u00e9g\u00e8rement inf\u00e9rieur, soit 2-2.5mg\/kg de PPS administr\u00e9 par voie d\u2019injection intramusculaire, \u00e0 quatre reprises et... Read more &raquo;\" \/>\n<meta property=\"og:url\" content=\"https:\/\/www.cartrophen.com\/for-vets\/dosage-usage\/\" \/>\n<meta property=\"og:site_name\" content=\"Cartrophen Vet\" \/>\n<meta property=\"article:publisher\" content=\"https:\/\/www.facebook.com\/cartrophenvet\/\" \/>\n<meta property=\"article:modified_time\" content=\"2016-10-11T09:05:09+00:00\" \/>\n<meta property=\"og:image\" content=\"http:\/\/www.cartrophen.com\/wp-content\/uploads\/2016\/07\/graph-3.png\" \/>\n<meta name=\"twitter:card\" content=\"summary_large_image\" \/>\n<meta name=\"twitter:label1\" content=\"Dur\u00e9e de lecture estim\u00e9e\" \/>\n\t<meta name=\"twitter:data1\" content=\"2 minutes\" \/>\n<script type=\"application\/ld+json\" class=\"yoast-schema-graph\">{\"@context\":\"https:\/\/schema.org\",\"@graph\":[{\"@type\":\"WebPage\",\"@id\":\"https:\/\/www.cartrophen.com\/for-vets\/dosage-usage\/\",\"url\":\"https:\/\/www.cartrophen.com\/for-vets\/dosage-usage\/\",\"name\":\"Posologie et Indications - Cartrophen Vet\",\"isPartOf\":{\"@id\":\"https:\/\/www.cartrophen.com\/#website\"},\"primaryImageOfPage\":{\"@id\":\"https:\/\/www.cartrophen.com\/for-vets\/dosage-usage\/#primaryimage\"},\"image\":{\"@id\":\"https:\/\/www.cartrophen.com\/for-vets\/dosage-usage\/#primaryimage\"},\"thumbnailUrl\":\"http:\/\/www.cartrophen.com\/wp-content\/uploads\/2016\/07\/graph-3.png\",\"datePublished\":\"2016-06-17T01:29:21+00:00\",\"dateModified\":\"2016-10-11T09:05:09+00:00\",\"breadcrumb\":{\"@id\":\"https:\/\/www.cartrophen.com\/for-vets\/dosage-usage\/#breadcrumb\"},\"inLanguage\":\"fr-FR\",\"potentialAction\":[{\"@type\":\"ReadAction\",\"target\":[\"https:\/\/www.cartrophen.com\/for-vets\/dosage-usage\/\"]}]},{\"@type\":\"ImageObject\",\"inLanguage\":\"fr-FR\",\"@id\":\"https:\/\/www.cartrophen.com\/for-vets\/dosage-usage\/#primaryimage\",\"url\":\"http:\/\/www.cartrophen.com\/wp-content\/uploads\/2016\/07\/graph-3.png\",\"contentUrl\":\"http:\/\/www.cartrophen.com\/wp-content\/uploads\/2016\/07\/graph-3.png\"},{\"@type\":\"BreadcrumbList\",\"@id\":\"https:\/\/www.cartrophen.com\/for-vets\/dosage-usage\/#breadcrumb\",\"itemListElement\":[{\"@type\":\"ListItem\",\"position\":1,\"name\":\"Home\",\"item\":\"https:\/\/www.cartrophen.com\/\"},{\"@type\":\"ListItem\",\"position\":2,\"name\":\"For Vets\",\"item\":\"https:\/\/www.cartrophen.com\/for-vets\/\"},{\"@type\":\"ListItem\",\"position\":3,\"name\":\"Dosage and Usage\"}]},{\"@type\":\"WebSite\",\"@id\":\"https:\/\/www.cartrophen.com\/#website\",\"url\":\"https:\/\/www.cartrophen.com\/\",\"name\":\"Cartrophen Vet\",\"description\":\"Healthy joints, happy pets\",\"potentialAction\":[{\"@type\":\"SearchAction\",\"target\":{\"@type\":\"EntryPoint\",\"urlTemplate\":\"https:\/\/www.cartrophen.com\/?s={search_term_string}\"},\"query-input\":{\"@type\":\"PropertyValueSpecification\",\"valueRequired\":true,\"valueName\":\"search_term_string\"}}],\"inLanguage\":\"fr-FR\"}]}<\/script>\n<!-- \/ Yoast SEO plugin. -->","yoast_head_json":{"title":"Posologie et Indications - Cartrophen Vet","robots":{"index":"index","follow":"follow","max-snippet":"max-snippet:-1","max-image-preview":"max-image-preview:large","max-video-preview":"max-video-preview:-1"},"canonical":"https:\/\/www.cartrophen.com\/for-vets\/dosage-usage\/","og_locale":"fr_FR","og_type":"article","og_title":"Posologie et Indications - Cartrophen Vet","og_description":"Posologie Anarthron a une efficacit\u00e9 optimale sur les chiens \u00e0 la dose de 3mg\/kg de polysulfate de pentosane sodique (PPS), administr\u00e9e en sous-cutan\u00e9 \u00e0 quatre reprises et \u00e0 des intervalles de 5-7 jours. Chez les chevaux le dosage recommand\u00e9 est l\u00e9g\u00e8rement inf\u00e9rieur, soit 2-2.5mg\/kg de PPS administr\u00e9 par voie d\u2019injection intramusculaire, \u00e0 quatre reprises et... Read more &raquo;","og_url":"https:\/\/www.cartrophen.com\/for-vets\/dosage-usage\/","og_site_name":"Cartrophen Vet","article_publisher":"https:\/\/www.facebook.com\/cartrophenvet\/","article_modified_time":"2016-10-11T09:05:09+00:00","og_image":[{"url":"http:\/\/www.cartrophen.com\/wp-content\/uploads\/2016\/07\/graph-3.png","type":"","width":"","height":""}],"twitter_card":"summary_large_image","twitter_misc":{"Dur\u00e9e de lecture estim\u00e9e":"2 minutes"},"schema":{"@context":"https:\/\/schema.org","@graph":[{"@type":"WebPage","@id":"https:\/\/www.cartrophen.com\/for-vets\/dosage-usage\/","url":"https:\/\/www.cartrophen.com\/for-vets\/dosage-usage\/","name":"Posologie et Indications - Cartrophen Vet","isPartOf":{"@id":"https:\/\/www.cartrophen.com\/#website"},"primaryImageOfPage":{"@id":"https:\/\/www.cartrophen.com\/for-vets\/dosage-usage\/#primaryimage"},"image":{"@id":"https:\/\/www.cartrophen.com\/for-vets\/dosage-usage\/#primaryimage"},"thumbnailUrl":"http:\/\/www.cartrophen.com\/wp-content\/uploads\/2016\/07\/graph-3.png","datePublished":"2016-06-17T01:29:21+00:00","dateModified":"2016-10-11T09:05:09+00:00","breadcrumb":{"@id":"https:\/\/www.cartrophen.com\/for-vets\/dosage-usage\/#breadcrumb"},"inLanguage":"fr-FR","potentialAction":[{"@type":"ReadAction","target":["https:\/\/www.cartrophen.com\/for-vets\/dosage-usage\/"]}]},{"@type":"ImageObject","inLanguage":"fr-FR","@id":"https:\/\/www.cartrophen.com\/for-vets\/dosage-usage\/#primaryimage","url":"http:\/\/www.cartrophen.com\/wp-content\/uploads\/2016\/07\/graph-3.png","contentUrl":"http:\/\/www.cartrophen.com\/wp-content\/uploads\/2016\/07\/graph-3.png"},{"@type":"BreadcrumbList","@id":"https:\/\/www.cartrophen.com\/for-vets\/dosage-usage\/#breadcrumb","itemListElement":[{"@type":"ListItem","position":1,"name":"Home","item":"https:\/\/www.cartrophen.com\/"},{"@type":"ListItem","position":2,"name":"For Vets","item":"https:\/\/www.cartrophen.com\/for-vets\/"},{"@type":"ListItem","position":3,"name":"Dosage and Usage"}]},{"@type":"WebSite","@id":"https:\/\/www.cartrophen.com\/#website","url":"https:\/\/www.cartrophen.com\/","name":"Cartrophen Vet","description":"Healthy joints, happy pets","potentialAction":[{"@type":"SearchAction","target":{"@type":"EntryPoint","urlTemplate":"https:\/\/www.cartrophen.com\/?s={search_term_string}"},"query-input":{"@type":"PropertyValueSpecification","valueRequired":true,"valueName":"search_term_string"}}],"inLanguage":"fr-FR"}]}},"_links":{"self":[{"href":"https:\/\/www.cartrophen.com\/fr\/wp-json\/wp\/v2\/pages\/44","targetHints":{"allow":["GET"]}}],"collection":[{"href":"https:\/\/www.cartrophen.com\/fr\/wp-json\/wp\/v2\/pages"}],"about":[{"href":"https:\/\/www.cartrophen.com\/fr\/wp-json\/wp\/v2\/types\/page"}],"author":[{"embeddable":true,"href":"https:\/\/www.cartrophen.com\/fr\/wp-json\/wp\/v2\/users\/1"}],"replies":[{"embeddable":true,"href":"https:\/\/www.cartrophen.com\/fr\/wp-json\/wp\/v2\/comments?post=44"}],"version-history":[{"count":11,"href":"https:\/\/www.cartrophen.com\/fr\/wp-json\/wp\/v2\/pages\/44\/revisions"}],"predecessor-version":[{"id":583,"href":"https:\/\/www.cartrophen.com\/fr\/wp-json\/wp\/v2\/pages\/44\/revisions\/583"}],"up":[{"embeddable":true,"href":"https:\/\/www.cartrophen.com\/fr\/wp-json\/wp\/v2\/pages\/37"}],"wp:attachment":[{"href":"https:\/\/www.cartrophen.com\/fr\/wp-json\/wp\/v2\/media?parent=44"}],"curies":[{"name":"wp","href":"https:\/\/api.w.org\/{rel}","templated":true}]}}