{"id":43,"date":"2016-07-05T13:33:09","date_gmt":"2016-07-05T13:33:09","guid":{"rendered":"http:\/\/www.cartrophen.com\/?page_id=43"},"modified":"2016-08-30T08:59:46","modified_gmt":"2016-08-30T08:59:46","slug":"what-is-cartrophen-vet","status":"publish","type":"page","link":"https:\/\/www.cartrophen.com\/fr\/for-vets\/what-is-cartrophen-vet\/","title":{"rendered":"Qu\u2019est ce qu\u2019Anarthron?"},"content":{"rendered":"<p><\/p>\n<h2><strong>Qu\u2019est ce qu\u2019Anarthron et comment fonctionne-t-il?<\/strong><\/h2>\n<p>Anarthron (100mg\/mL polysulfate de pentosane sodique) est un traitement de l\u2019ost\u00e9oarthrose (OA aussi connu comme maladie d\u00e9g\u00e9n\u00e9rative articulaire) li\u00e9e aux troubles musculosquelettiques chez les chiens et les chevaux. Il \u00a0soulage la douleur en agissant au niveau de l\u2019articulation sur la pathologie responsable de la douleur et la boiterie. Anarthron poss\u00e8de de nombreux sites d\u2019actions dans les processus sous-jacents de la maladie arthritique, qui contribuent \u00e0 maintenir la sant\u00e9 des articulations et pr\u00e9server le cartilage articulaire.\u00a0 Il est donc class\u00e9 comme m\u00e9dicament modifiant la maladie arthrosique.<\/p>\n<p>Anarthron n\u2019est d\u00e9livr\u00e9 que sous ordonnance, il est injectable et les polysaccharides polysulfat\u00e9s sont d\u2019origine v\u00e9g\u00e9tale.<\/p>\n<p>Anarthron aura d\u2019amples b\u00e9n\u00e9fices sur l\u2019OA chronique due \u00e0 la nature progressive de la maladie. Une intervention pr\u00e9coce avec Anarthron dans les l\u00e9sions aigu\u00ebs maximisera la restauration de la fonction normale des tissus conjonctifs.<\/p>\n<p>Avec 20 % des chiens \u00e2g\u00e9s de plus d\u2019un an souffrant d\u2019OA et 60 % de boiterie chez les chevaux li\u00e9e \u00e0 l\u2019OA, Anarthron et les MMMA repr\u00e9sentent une approche rationnelle au traitement m\u00e9dical de l\u2019OA.<\/p>\n<p>La posologie efficace et les indications d\u2019Anarthron sont discut\u00e9es dans l\u2019onglet \u00ab\u00a0Quelles sont les indications et la posologie d\u2019Anarthron\u00a0?\u00a0\u00bb<\/p>\n<p><strong>Comment Anarthron fonctionne-t-il\u00a0?<\/strong><\/p>\n<p>Anarthron est un traitement dont l\u2019activit\u00e9 est de corriger le m\u00e9tabolisme sous-jacent de l\u2019OA. En r\u00e9\u00e9quilibrant les processus m\u00e9taboliques, il pr\u00e9serve la sant\u00e9 des articulations et procure ult\u00e9rieurement un soulagement des signes cliniques de l\u2019OA. Les changements qu\u2019occasionne Anarthron \u00e0 la maladie sont \u00e9vidents dans ses effets \u00e0 long-terme. Les b\u00e9n\u00e9fices sont ressentis bien au-del\u00e0 de la p\u00e9riode de traitement de 4 semaines avec des traitements r\u00e9p\u00e9t\u00e9s dans certains cas, \u00e0 un an d\u2019intervalle. Anarthron s\u2019est montr\u00e9 \u00eatre efficace sur 80 % des chiens trait\u00e9s (Francis et Read, 1993\u00a0; Cullis-Hill et Ghosjh, 1994\u00a0; Bouck et al, 1995\u00a0; Read et al, 1996\u00a0; Smith et al, 2001), discut\u00e9 plus en d\u00e9tails dans l\u2019onglet \u00ab\u00a0Quelle est l\u2019efficacit\u00e9 d\u2019Anarthron\u00a0?\u00a0\u00bb<\/p>\n<p>Anarthron a d\u00e9montr\u00e9 les modes d\u2019action suivants\u00a0:<\/p>\n<ol>\n<li><strong>Stimule la production de cartilage<\/strong> \u2013 Stimule les chondrocytes pour synth\u00e9tiser la matrice du cartilage,<\/li>\n<li><strong>Am\u00e9liore la quantit\u00e9 et la qualit\u00e9 du liquide synovial<\/strong> \u2013 Stimule la biosynth\u00e8se de l\u2019acide hyaluronique par les synoviocytes, am\u00e9liorant \u00e0 la fois la quantit\u00e9 et le poids mol\u00e9culaire,<\/li>\n<li><strong>Stimule l\u2019activit\u00e9 des cellules souches et la diff\u00e9renciation cellulaire du cartilage<\/strong> \u2013 Favorise la prolif\u00e9ration de cellules pr\u00e9curseurs du m\u00e9senchyme (CPM) ainsi que la diff\u00e9renciation cellulaire du cartilage. Cela est surtout pertinent avec la fr\u00e9quence de CPM \u00e9lev\u00e9s dans le cartilage arthrosique,<\/li>\n<li><strong>Augmente l\u2019irrigation du sang et la nutrition de l\u2019articulation et de l\u2019os sous-chondral<\/strong> \u2013 Mobilise les d\u00e9p\u00f4ts de thrombus et de fibrine, de lipides et cholest\u00e9rol dans les tissus synoviaux et les vaisseaux sanguins sous-chondraux afin de permettre l\u2019augmentation du flux sanguin dans les parties cl\u00e9s de l\u2019articulation synoviale,<\/li>\n<li><strong>Puissantes propri\u00e9t\u00e9s anti-inflammatoires<\/strong> \u2013 Les activit\u00e9s anti-inflammatoires du PPS ont \u00e9t\u00e9 constamment d\u00e9montr\u00e9es dans diff\u00e9rents mod\u00e8les d\u2019inflammation grave,<\/li>\n<li><strong>Freine les enzymes d\u00e9gradant le cartilage<\/strong> \u2013 L\u2019enzyme collag\u00e9nase catabolique est inhib\u00e9e par la stimulation de l\u2019inhibiteur tissulaire de la m\u00e9talloprot\u00e9ase,<\/li>\n<li><strong>Augmente la production de l\u2019enzyme qui pi\u00e8ge les radicaux libres<\/strong> \u2013 Stimule la lipase ainsi que les enzymes superoxyde dismutase qui pi\u00e8gent les radicaux libres,<\/li>\n<li><strong>Stimule les facteurs de croissance importants qui favorisent la croissance du cartilage<\/strong> \u2013 Augmente la production du facteur trophique essentiel pour le cartilage, le facteur de croissance 1 analogue \u00e0 l\u2019insuline (IGF-1), qui stimule l\u2019incorporation de sulfate et encourage la croissance du cartilage,<\/li>\n<li><strong>Affinit\u00e9 pour le cartilage<\/strong> \u2013 La forte liaison du m\u00e9dicament aux prot\u00e9ines du cartilage entra\u00eene le maintien des concentrations th\u00e9rapeutiques jusqu&rsquo;\u00e0 4 jours, (Donn\u00e9es internes, Biopharm Australia Pty Ltd)<\/li>\n<li><strong>Inhibe et module toute une gamme de substances nocives<\/strong> \u2013 telles que des m\u00e9diateurs pro-inflammatoires, des amines bioactifs comme l\u2019histamine, la s\u00e9rotonine, des radicaux libres super oxydes, des enzymes comme l\u2019\u00e9lastase, la hyaluronidase, les cathepsines, l\u2019enzyme de conversion du FNT-\u03b1 (TACE) et des prot\u00e9ines du syst\u00e8me du compl\u00e9ment, qui sont impliqu\u00e9s dans la d\u00e9gradation des composants de la matrice du cartilage<\/li>\n<\/ol>\n<p><\/p>","protected":false},"excerpt":{"rendered":"<p>Qu\u2019est ce qu\u2019Anarthron et comment fonctionne-t-il? Anarthron (100mg\/mL polysulfate de pentosane sodique) est un traitement de l\u2019ost\u00e9oarthrose (OA aussi connu comme maladie d\u00e9g\u00e9n\u00e9rative articulaire) li\u00e9e aux troubles musculosquelettiques chez les chiens et les chevaux. Il \u00a0soulage la douleur en agissant au niveau de l\u2019articulation sur la pathologie responsable de la douleur et la boiterie. Anarthron&#8230;  <a class=\"excerpt-read-more\" href=\"https:\/\/www.cartrophen.com\/fr\/for-vets\/what-is-cartrophen-vet\/\" title=\"ReadQu\u2019est ce qu\u2019Anarthron?\">Read more &raquo;<\/a><\/p>\n","protected":false},"author":1,"featured_media":0,"parent":37,"menu_order":0,"comment_status":"closed","ping_status":"closed","template":"","meta":{"_acf_changed":false,"footnotes":""},"class_list":["post-43","page","type-page","status-publish","hentry"],"acf":[],"yoast_head":"<!-- This site is optimized with the Yoast SEO plugin v26.4 - https:\/\/yoast.com\/wordpress\/plugins\/seo\/ -->\n<title>Qu\u2019est ce qu\u2019Anarthron? - Cartrophen Vet<\/title>\n<meta name=\"robots\" content=\"index, follow, max-snippet:-1, max-image-preview:large, max-video-preview:-1\" \/>\n<link rel=\"canonical\" href=\"https:\/\/www.cartrophen.com\/for-vets\/what-is-cartrophen-vet\/\" \/>\n<meta property=\"og:locale\" content=\"fr_FR\" \/>\n<meta property=\"og:type\" content=\"article\" \/>\n<meta property=\"og:title\" content=\"Qu\u2019est ce qu\u2019Anarthron? - Cartrophen Vet\" \/>\n<meta property=\"og:description\" content=\"Qu\u2019est ce qu\u2019Anarthron et comment fonctionne-t-il? Anarthron (100mg\/mL polysulfate de pentosane sodique) est un traitement de l\u2019ost\u00e9oarthrose (OA aussi connu comme maladie d\u00e9g\u00e9n\u00e9rative articulaire) li\u00e9e aux troubles musculosquelettiques chez les chiens et les chevaux. Il \u00a0soulage la douleur en agissant au niveau de l\u2019articulation sur la pathologie responsable de la douleur et la boiterie. Anarthron... Read more &raquo;\" \/>\n<meta property=\"og:url\" content=\"https:\/\/www.cartrophen.com\/for-vets\/what-is-cartrophen-vet\/\" \/>\n<meta property=\"og:site_name\" content=\"Cartrophen Vet\" \/>\n<meta property=\"article:publisher\" content=\"https:\/\/www.facebook.com\/cartrophenvet\/\" \/>\n<meta property=\"article:modified_time\" content=\"2016-08-30T08:59:46+00:00\" \/>\n<meta property=\"og:image\" content=\"http:\/\/www.cartrophen.com\/wp-content\/uploads\/2016\/06\/Arthritis-cycle.png\" \/>\n<meta name=\"twitter:card\" content=\"summary_large_image\" \/>\n<meta name=\"twitter:label1\" content=\"Dur\u00e9e de lecture estim\u00e9e\" \/>\n\t<meta name=\"twitter:data1\" content=\"6 minutes\" \/>\n<script type=\"application\/ld+json\" class=\"yoast-schema-graph\">{\"@context\":\"https:\/\/schema.org\",\"@graph\":[{\"@type\":\"WebPage\",\"@id\":\"https:\/\/www.cartrophen.com\/for-vets\/what-is-cartrophen-vet\/\",\"url\":\"https:\/\/www.cartrophen.com\/for-vets\/what-is-cartrophen-vet\/\",\"name\":\"Qu\u2019est ce qu\u2019Anarthron? - Cartrophen Vet\",\"isPartOf\":{\"@id\":\"http:\/\/www.cartrophen.com\/#website\"},\"primaryImageOfPage\":{\"@id\":\"https:\/\/www.cartrophen.com\/for-vets\/what-is-cartrophen-vet\/#primaryimage\"},\"image\":{\"@id\":\"https:\/\/www.cartrophen.com\/for-vets\/what-is-cartrophen-vet\/#primaryimage\"},\"thumbnailUrl\":\"http:\/\/www.cartrophen.com\/wp-content\/uploads\/2016\/06\/Arthritis-cycle.png\",\"datePublished\":\"2016-07-05T13:33:09+00:00\",\"dateModified\":\"2016-08-30T08:59:46+00:00\",\"breadcrumb\":{\"@id\":\"https:\/\/www.cartrophen.com\/for-vets\/what-is-cartrophen-vet\/#breadcrumb\"},\"inLanguage\":\"fr-FR\",\"potentialAction\":[{\"@type\":\"ReadAction\",\"target\":[\"https:\/\/www.cartrophen.com\/for-vets\/what-is-cartrophen-vet\/\"]}]},{\"@type\":\"ImageObject\",\"inLanguage\":\"fr-FR\",\"@id\":\"https:\/\/www.cartrophen.com\/for-vets\/what-is-cartrophen-vet\/#primaryimage\",\"url\":\"http:\/\/www.cartrophen.com\/wp-content\/uploads\/2016\/06\/Arthritis-cycle.png\",\"contentUrl\":\"http:\/\/www.cartrophen.com\/wp-content\/uploads\/2016\/06\/Arthritis-cycle.png\"},{\"@type\":\"BreadcrumbList\",\"@id\":\"https:\/\/www.cartrophen.com\/for-vets\/what-is-cartrophen-vet\/#breadcrumb\",\"itemListElement\":[{\"@type\":\"ListItem\",\"position\":1,\"name\":\"Home\",\"item\":\"http:\/\/www.cartrophen.com\/\"},{\"@type\":\"ListItem\",\"position\":2,\"name\":\"For Vets\",\"item\":\"https:\/\/www.cartrophen.com\/for-vets\/\"},{\"@type\":\"ListItem\",\"position\":3,\"name\":\"What is Cartrophen Vet?\"}]},{\"@type\":\"WebSite\",\"@id\":\"http:\/\/www.cartrophen.com\/#website\",\"url\":\"http:\/\/www.cartrophen.com\/\",\"name\":\"Cartrophen Vet\",\"description\":\"Healthy joints, happy pets\",\"potentialAction\":[{\"@type\":\"SearchAction\",\"target\":{\"@type\":\"EntryPoint\",\"urlTemplate\":\"http:\/\/www.cartrophen.com\/?s={search_term_string}\"},\"query-input\":{\"@type\":\"PropertyValueSpecification\",\"valueRequired\":true,\"valueName\":\"search_term_string\"}}],\"inLanguage\":\"fr-FR\"}]}<\/script>\n<!-- \/ Yoast SEO plugin. -->","yoast_head_json":{"title":"Qu\u2019est ce qu\u2019Anarthron? - Cartrophen Vet","robots":{"index":"index","follow":"follow","max-snippet":"max-snippet:-1","max-image-preview":"max-image-preview:large","max-video-preview":"max-video-preview:-1"},"canonical":"https:\/\/www.cartrophen.com\/for-vets\/what-is-cartrophen-vet\/","og_locale":"fr_FR","og_type":"article","og_title":"Qu\u2019est ce qu\u2019Anarthron? - Cartrophen Vet","og_description":"Qu\u2019est ce qu\u2019Anarthron et comment fonctionne-t-il? Anarthron (100mg\/mL polysulfate de pentosane sodique) est un traitement de l\u2019ost\u00e9oarthrose (OA aussi connu comme maladie d\u00e9g\u00e9n\u00e9rative articulaire) li\u00e9e aux troubles musculosquelettiques chez les chiens et les chevaux. Il \u00a0soulage la douleur en agissant au niveau de l\u2019articulation sur la pathologie responsable de la douleur et la boiterie. Anarthron... Read more &raquo;","og_url":"https:\/\/www.cartrophen.com\/for-vets\/what-is-cartrophen-vet\/","og_site_name":"Cartrophen Vet","article_publisher":"https:\/\/www.facebook.com\/cartrophenvet\/","article_modified_time":"2016-08-30T08:59:46+00:00","og_image":[{"url":"http:\/\/www.cartrophen.com\/wp-content\/uploads\/2016\/06\/Arthritis-cycle.png","type":"","width":"","height":""}],"twitter_card":"summary_large_image","twitter_misc":{"Dur\u00e9e de lecture estim\u00e9e":"6 minutes"},"schema":{"@context":"https:\/\/schema.org","@graph":[{"@type":"WebPage","@id":"https:\/\/www.cartrophen.com\/for-vets\/what-is-cartrophen-vet\/","url":"https:\/\/www.cartrophen.com\/for-vets\/what-is-cartrophen-vet\/","name":"Qu\u2019est ce qu\u2019Anarthron? - Cartrophen Vet","isPartOf":{"@id":"http:\/\/www.cartrophen.com\/#website"},"primaryImageOfPage":{"@id":"https:\/\/www.cartrophen.com\/for-vets\/what-is-cartrophen-vet\/#primaryimage"},"image":{"@id":"https:\/\/www.cartrophen.com\/for-vets\/what-is-cartrophen-vet\/#primaryimage"},"thumbnailUrl":"http:\/\/www.cartrophen.com\/wp-content\/uploads\/2016\/06\/Arthritis-cycle.png","datePublished":"2016-07-05T13:33:09+00:00","dateModified":"2016-08-30T08:59:46+00:00","breadcrumb":{"@id":"https:\/\/www.cartrophen.com\/for-vets\/what-is-cartrophen-vet\/#breadcrumb"},"inLanguage":"fr-FR","potentialAction":[{"@type":"ReadAction","target":["https:\/\/www.cartrophen.com\/for-vets\/what-is-cartrophen-vet\/"]}]},{"@type":"ImageObject","inLanguage":"fr-FR","@id":"https:\/\/www.cartrophen.com\/for-vets\/what-is-cartrophen-vet\/#primaryimage","url":"http:\/\/www.cartrophen.com\/wp-content\/uploads\/2016\/06\/Arthritis-cycle.png","contentUrl":"http:\/\/www.cartrophen.com\/wp-content\/uploads\/2016\/06\/Arthritis-cycle.png"},{"@type":"BreadcrumbList","@id":"https:\/\/www.cartrophen.com\/for-vets\/what-is-cartrophen-vet\/#breadcrumb","itemListElement":[{"@type":"ListItem","position":1,"name":"Home","item":"http:\/\/www.cartrophen.com\/"},{"@type":"ListItem","position":2,"name":"For Vets","item":"https:\/\/www.cartrophen.com\/for-vets\/"},{"@type":"ListItem","position":3,"name":"What is Cartrophen Vet?"}]},{"@type":"WebSite","@id":"http:\/\/www.cartrophen.com\/#website","url":"http:\/\/www.cartrophen.com\/","name":"Cartrophen Vet","description":"Healthy joints, happy pets","potentialAction":[{"@type":"SearchAction","target":{"@type":"EntryPoint","urlTemplate":"http:\/\/www.cartrophen.com\/?s={search_term_string}"},"query-input":{"@type":"PropertyValueSpecification","valueRequired":true,"valueName":"search_term_string"}}],"inLanguage":"fr-FR"}]}},"_links":{"self":[{"href":"https:\/\/www.cartrophen.com\/fr\/wp-json\/wp\/v2\/pages\/43","targetHints":{"allow":["GET"]}}],"collection":[{"href":"https:\/\/www.cartrophen.com\/fr\/wp-json\/wp\/v2\/pages"}],"about":[{"href":"https:\/\/www.cartrophen.com\/fr\/wp-json\/wp\/v2\/types\/page"}],"author":[{"embeddable":true,"href":"https:\/\/www.cartrophen.com\/fr\/wp-json\/wp\/v2\/users\/1"}],"replies":[{"embeddable":true,"href":"https:\/\/www.cartrophen.com\/fr\/wp-json\/wp\/v2\/comments?post=43"}],"version-history":[{"count":10,"href":"https:\/\/www.cartrophen.com\/fr\/wp-json\/wp\/v2\/pages\/43\/revisions"}],"predecessor-version":[{"id":525,"href":"https:\/\/www.cartrophen.com\/fr\/wp-json\/wp\/v2\/pages\/43\/revisions\/525"}],"up":[{"embeddable":true,"href":"https:\/\/www.cartrophen.com\/fr\/wp-json\/wp\/v2\/pages\/37"}],"wp:attachment":[{"href":"https:\/\/www.cartrophen.com\/fr\/wp-json\/wp\/v2\/media?parent=43"}],"curies":[{"name":"wp","href":"https:\/\/api.w.org\/{rel}","templated":true}]}}