{"id":41,"date":"2016-06-17T01:28:28","date_gmt":"2016-06-17T01:28:28","guid":{"rendered":"http:\/\/www.cartrophen.com\/?page_id=41"},"modified":"2016-08-30T08:48:04","modified_gmt":"2016-08-30T08:48:04","slug":"equine-traumatic-joint-disease","status":"publish","type":"page","link":"https:\/\/www.cartrophen.com\/fr\/for-vets\/equine-traumatic-joint-disease\/","title":{"rendered":"Le cycle de l\u2019arthrose"},"content":{"rendered":"<p>&nbsp;<\/p>\n<h2><strong>Le cycle de l\u2019arthrose<\/strong><\/h2>\n<p>Le \u00ab\u00a0Cycle de l\u2019arthrose\u00bb repr\u00e9sente la d\u00e9gradation continuelle et le d\u00e9s\u00e9quilibre des processus m\u00e9taboliques dans l\u2019articulation une fois le cycle de la maladie arthrosique \u00e9tabli.\u00a0L\u2019OA peut \u00eatre mise en place par une s\u00e9rie de facteurs externes, tels que des blessures ou traumatismes articulaires. Une fois le processus arthrosique mis en place, il y a plusieurs processus qui subissent un cycle de d\u00e9t\u00e9rioration. Trois de ces cycles sont discut\u00e9s ci-dessous et montr\u00e9s dans le diagramme suivant.<\/p>\n<p><strong>Cycle 1 \u2013 Occlusions Vasculaires<\/strong> &#8211;\u00a0Les antig\u00e8nes d\u00e9riv\u00e9s du cartilage, lib\u00e9r\u00e9s dans le liquide synovial, peuvent activer les leucocytes du sang et exprimer des activit\u00e9s pro-coagulantes et de la cytokine.\u00a0Cela peut entra\u00eener des d\u00e9p\u00f4ts de caillots de fibrine et de lipides dans les tissus synoviaux et dans les petits vaisseaux sanguins alimentant les os sous-chondraux.\u00a0Lorsque le flux sanguin et la nutrition des cellules osseuses et synoviales sont compromis, il en r\u00e9sulte une isch\u00e9mie, une n\u00e9crose cellulaire et des douleurs articulaires.<\/p>\n<p>En r\u00e9ponse \u00e0 la n\u00e9crose cellulaire et au traumatisme, il y a remodelage et \u00e9paississement de l\u2019os sous-chondral, alt\u00e9rant ainsi sa conformit\u00e9 m\u00e9canique.Ces changements augmentent la contrainte de poids support\u00e9e par les articulations du cartilage sus-jacentes, les soumettant de ce fait \u00e0 des forces m\u00e9caniques excessives. Ces facteurs m\u00e9caniques contribuent \u00e0 l\u2019insuffisance de cartilage et la lib\u00e9ration d\u2019antig\u00e8nes suppl\u00e9mentaires.<\/p>\n<p><strong>Cycle 2 \u2013 D\u00e9gradation Synoviale &#8211;\u00a0<\/strong>Les fragments de cartilage et les produits de d\u00e9gradation de la matrice (ex\u00a0: \u00e0 partir de prot\u00e9oglycanes\u00a0 et de collag\u00e8ne Type II) lib\u00e9r\u00e9s du cartilage articulaire endommag\u00e9 sont antig\u00e9niques, quand ils se localisent dans la membrane synoviale, ils peuvent provoquer une r\u00e9action inflammatoire (synovite).<\/p>\n<p>Une fois la synovite install\u00e9e dans l\u2019articulation, les cellules synoviales ainsi que les leucocytes recrut\u00e9s dans le sang, lib\u00e8rent de nombreuses substances nocives qui peuvent perp\u00e9tuer le processus de l\u2019arthrose.\u00a0Parmi ces substances nocives, on peut citer les prostaglandines, les prot\u00e9inases, les cytokines (IL-1, TNF-\u03b1) et les radicaux libres, qui peuvent directement ou indirectement d\u00e9grader le cartilage, les os et l\u2019acide hyaluronique du liquide synovial.<\/p>\n<p>Par la suite,\u00a0le m\u00e9tabolisme des synoviocytes est anormal, produisant un acide hyaluronique de mauvaise qualit\u00e9, de faible poids mol\u00e9culaire, perp\u00e9tuant une plus grande friction des articulations et une plus grande d\u00e9gradation du cartilage articulaire.<\/p>\n<p><strong>Cycle 3 \u2013 Enzymes Prot\u00e9olytiques &#8211;\u00a0<\/strong>La structure anormale de l\u2019articulation due \u00e0 l\u2019insuffisance de cartilage augmente les forces m\u00e9caniques et les inflammations.\u00a0Les contraintes r\u00e9sultent en un m\u00e9tabolisme anormal de chondrocyte, augmentant la production de m\u00e9talloprot\u00e9ines cataboliques qui rompent la matrice cartilagineuse.\u00a0Les chondrocytes produisent un inhibiteur tissulaire de m\u00e9talloprot\u00e9ines pour contrecarrer la lib\u00e9ration d\u2019enzymes, mais pas en quantit\u00e9 suffisante pour r\u00e9duire le processus de destruction. De plus la d\u00e9gradation du cartilage r\u00e9sulte en des anomalies au niveau de l\u2019articulation et fait progresser le processus de la maladie.<\/p>\n<p>Ci-dessous une repr\u00e9sentation graphique du\u00a0 cycle de l\u2019arthrose. Il montre l\u2019articulation saine (au-dessus) avec une s\u00e9rie de facteurs externes qui influencent l\u2019articulation, depuis les probl\u00e8mes h\u00e9r\u00e9ditaires et g\u00e9n\u00e9tiques jusqu\u2019aux traumatismes et blessures. Les facteurs externes aident \u00e0 amorcer le cycle de l\u2019arthrose. Une fois install\u00e9e, la maladie peut emprunter divers chemins pour continuer une d\u00e9t\u00e9rioration si l\u2019on ne fournit pas un traitement et des soins appropri\u00e9s.<\/p>","protected":false},"excerpt":{"rendered":"<p>&nbsp; Le cycle de l\u2019arthrose Le \u00ab\u00a0Cycle de l\u2019arthrose\u00bb repr\u00e9sente la d\u00e9gradation continuelle et le d\u00e9s\u00e9quilibre des processus m\u00e9taboliques dans l\u2019articulation une fois le cycle de la maladie arthrosique \u00e9tabli.\u00a0L\u2019OA peut \u00eatre mise en place par une s\u00e9rie de facteurs externes, tels que des blessures ou traumatismes articulaires. Une fois le processus arthrosique mis en&#8230;  <a class=\"excerpt-read-more\" href=\"https:\/\/www.cartrophen.com\/fr\/for-vets\/equine-traumatic-joint-disease\/\" title=\"ReadLe cycle de l\u2019arthrose\">Read more &raquo;<\/a><\/p>\n","protected":false},"author":1,"featured_media":0,"parent":37,"menu_order":0,"comment_status":"closed","ping_status":"closed","template":"","meta":{"_acf_changed":false,"footnotes":""},"class_list":["post-41","page","type-page","status-publish","hentry"],"acf":[],"yoast_head":"<!-- This site is optimized with the Yoast SEO plugin v26.4 - https:\/\/yoast.com\/wordpress\/plugins\/seo\/ -->\n<title>Le cycle de l\u2019arthrose - Cartrophen Vet<\/title>\n<meta name=\"robots\" content=\"index, follow, max-snippet:-1, max-image-preview:large, max-video-preview:-1\" \/>\n<link rel=\"canonical\" href=\"http:\/\/www.cartrophen.com\/for-vets\/equine-traumatic-joint-disease\/\" \/>\n<meta property=\"og:locale\" content=\"fr_FR\" \/>\n<meta property=\"og:type\" content=\"article\" \/>\n<meta property=\"og:title\" content=\"Le cycle de l\u2019arthrose - Cartrophen Vet\" \/>\n<meta property=\"og:description\" content=\"&nbsp; Le cycle de l\u2019arthrose Le \u00ab\u00a0Cycle de l\u2019arthrose\u00bb repr\u00e9sente la d\u00e9gradation continuelle et le d\u00e9s\u00e9quilibre des processus m\u00e9taboliques dans l\u2019articulation une fois le cycle de la maladie arthrosique \u00e9tabli.\u00a0L\u2019OA peut \u00eatre mise en place par une s\u00e9rie de facteurs externes, tels que des blessures ou traumatismes articulaires. Une fois le processus arthrosique mis en... Read more &raquo;\" \/>\n<meta property=\"og:url\" content=\"http:\/\/www.cartrophen.com\/for-vets\/equine-traumatic-joint-disease\/\" \/>\n<meta property=\"og:site_name\" content=\"Cartrophen Vet\" \/>\n<meta property=\"article:publisher\" content=\"https:\/\/www.facebook.com\/cartrophenvet\/\" \/>\n<meta property=\"article:modified_time\" content=\"2016-08-30T08:48:04+00:00\" \/>\n<meta property=\"og:image\" content=\"http:\/\/www.cartrophen.com\/wp-content\/uploads\/2016\/06\/Arthritis-cycle.png\" \/>\n<meta name=\"twitter:card\" content=\"summary_large_image\" \/>\n<meta name=\"twitter:label1\" content=\"Dur\u00e9e de lecture estim\u00e9e\" \/>\n\t<meta name=\"twitter:data1\" content=\"6 minutes\" \/>\n<script type=\"application\/ld+json\" class=\"yoast-schema-graph\">{\"@context\":\"https:\/\/schema.org\",\"@graph\":[{\"@type\":\"WebPage\",\"@id\":\"http:\/\/www.cartrophen.com\/for-vets\/equine-traumatic-joint-disease\/\",\"url\":\"http:\/\/www.cartrophen.com\/for-vets\/equine-traumatic-joint-disease\/\",\"name\":\"Le cycle de l\u2019arthrose - Cartrophen Vet\",\"isPartOf\":{\"@id\":\"https:\/\/www.cartrophen.com\/#website\"},\"primaryImageOfPage\":{\"@id\":\"http:\/\/www.cartrophen.com\/for-vets\/equine-traumatic-joint-disease\/#primaryimage\"},\"image\":{\"@id\":\"http:\/\/www.cartrophen.com\/for-vets\/equine-traumatic-joint-disease\/#primaryimage\"},\"thumbnailUrl\":\"http:\/\/www.cartrophen.com\/wp-content\/uploads\/2016\/06\/Arthritis-cycle.png\",\"datePublished\":\"2016-06-17T01:28:28+00:00\",\"dateModified\":\"2016-08-30T08:48:04+00:00\",\"breadcrumb\":{\"@id\":\"http:\/\/www.cartrophen.com\/for-vets\/equine-traumatic-joint-disease\/#breadcrumb\"},\"inLanguage\":\"fr-FR\",\"potentialAction\":[{\"@type\":\"ReadAction\",\"target\":[\"http:\/\/www.cartrophen.com\/for-vets\/equine-traumatic-joint-disease\/\"]}]},{\"@type\":\"ImageObject\",\"inLanguage\":\"fr-FR\",\"@id\":\"http:\/\/www.cartrophen.com\/for-vets\/equine-traumatic-joint-disease\/#primaryimage\",\"url\":\"http:\/\/www.cartrophen.com\/wp-content\/uploads\/2016\/06\/Arthritis-cycle.png\",\"contentUrl\":\"http:\/\/www.cartrophen.com\/wp-content\/uploads\/2016\/06\/Arthritis-cycle.png\"},{\"@type\":\"BreadcrumbList\",\"@id\":\"http:\/\/www.cartrophen.com\/for-vets\/equine-traumatic-joint-disease\/#breadcrumb\",\"itemListElement\":[{\"@type\":\"ListItem\",\"position\":1,\"name\":\"Home\",\"item\":\"https:\/\/www.cartrophen.com\/\"},{\"@type\":\"ListItem\",\"position\":2,\"name\":\"For Vets\",\"item\":\"https:\/\/www.cartrophen.com\/for-vets\/\"},{\"@type\":\"ListItem\",\"position\":3,\"name\":\"Equine Traumatic Joint Disease\"}]},{\"@type\":\"WebSite\",\"@id\":\"https:\/\/www.cartrophen.com\/#website\",\"url\":\"https:\/\/www.cartrophen.com\/\",\"name\":\"Cartrophen Vet\",\"description\":\"Healthy joints, happy pets\",\"potentialAction\":[{\"@type\":\"SearchAction\",\"target\":{\"@type\":\"EntryPoint\",\"urlTemplate\":\"https:\/\/www.cartrophen.com\/?s={search_term_string}\"},\"query-input\":{\"@type\":\"PropertyValueSpecification\",\"valueRequired\":true,\"valueName\":\"search_term_string\"}}],\"inLanguage\":\"fr-FR\"}]}<\/script>\n<!-- \/ Yoast SEO plugin. -->","yoast_head_json":{"title":"Le cycle de l\u2019arthrose - Cartrophen Vet","robots":{"index":"index","follow":"follow","max-snippet":"max-snippet:-1","max-image-preview":"max-image-preview:large","max-video-preview":"max-video-preview:-1"},"canonical":"http:\/\/www.cartrophen.com\/for-vets\/equine-traumatic-joint-disease\/","og_locale":"fr_FR","og_type":"article","og_title":"Le cycle de l\u2019arthrose - Cartrophen Vet","og_description":"&nbsp; Le cycle de l\u2019arthrose Le \u00ab\u00a0Cycle de l\u2019arthrose\u00bb repr\u00e9sente la d\u00e9gradation continuelle et le d\u00e9s\u00e9quilibre des processus m\u00e9taboliques dans l\u2019articulation une fois le cycle de la maladie arthrosique \u00e9tabli.\u00a0L\u2019OA peut \u00eatre mise en place par une s\u00e9rie de facteurs externes, tels que des blessures ou traumatismes articulaires. Une fois le processus arthrosique mis en... Read more &raquo;","og_url":"http:\/\/www.cartrophen.com\/for-vets\/equine-traumatic-joint-disease\/","og_site_name":"Cartrophen Vet","article_publisher":"https:\/\/www.facebook.com\/cartrophenvet\/","article_modified_time":"2016-08-30T08:48:04+00:00","og_image":[{"url":"http:\/\/www.cartrophen.com\/wp-content\/uploads\/2016\/06\/Arthritis-cycle.png","type":"","width":"","height":""}],"twitter_card":"summary_large_image","twitter_misc":{"Dur\u00e9e de lecture estim\u00e9e":"6 minutes"},"schema":{"@context":"https:\/\/schema.org","@graph":[{"@type":"WebPage","@id":"http:\/\/www.cartrophen.com\/for-vets\/equine-traumatic-joint-disease\/","url":"http:\/\/www.cartrophen.com\/for-vets\/equine-traumatic-joint-disease\/","name":"Le cycle de l\u2019arthrose - Cartrophen Vet","isPartOf":{"@id":"https:\/\/www.cartrophen.com\/#website"},"primaryImageOfPage":{"@id":"http:\/\/www.cartrophen.com\/for-vets\/equine-traumatic-joint-disease\/#primaryimage"},"image":{"@id":"http:\/\/www.cartrophen.com\/for-vets\/equine-traumatic-joint-disease\/#primaryimage"},"thumbnailUrl":"http:\/\/www.cartrophen.com\/wp-content\/uploads\/2016\/06\/Arthritis-cycle.png","datePublished":"2016-06-17T01:28:28+00:00","dateModified":"2016-08-30T08:48:04+00:00","breadcrumb":{"@id":"http:\/\/www.cartrophen.com\/for-vets\/equine-traumatic-joint-disease\/#breadcrumb"},"inLanguage":"fr-FR","potentialAction":[{"@type":"ReadAction","target":["http:\/\/www.cartrophen.com\/for-vets\/equine-traumatic-joint-disease\/"]}]},{"@type":"ImageObject","inLanguage":"fr-FR","@id":"http:\/\/www.cartrophen.com\/for-vets\/equine-traumatic-joint-disease\/#primaryimage","url":"http:\/\/www.cartrophen.com\/wp-content\/uploads\/2016\/06\/Arthritis-cycle.png","contentUrl":"http:\/\/www.cartrophen.com\/wp-content\/uploads\/2016\/06\/Arthritis-cycle.png"},{"@type":"BreadcrumbList","@id":"http:\/\/www.cartrophen.com\/for-vets\/equine-traumatic-joint-disease\/#breadcrumb","itemListElement":[{"@type":"ListItem","position":1,"name":"Home","item":"https:\/\/www.cartrophen.com\/"},{"@type":"ListItem","position":2,"name":"For Vets","item":"https:\/\/www.cartrophen.com\/for-vets\/"},{"@type":"ListItem","position":3,"name":"Equine Traumatic Joint Disease"}]},{"@type":"WebSite","@id":"https:\/\/www.cartrophen.com\/#website","url":"https:\/\/www.cartrophen.com\/","name":"Cartrophen Vet","description":"Healthy joints, happy pets","potentialAction":[{"@type":"SearchAction","target":{"@type":"EntryPoint","urlTemplate":"https:\/\/www.cartrophen.com\/?s={search_term_string}"},"query-input":{"@type":"PropertyValueSpecification","valueRequired":true,"valueName":"search_term_string"}}],"inLanguage":"fr-FR"}]}},"_links":{"self":[{"href":"https:\/\/www.cartrophen.com\/fr\/wp-json\/wp\/v2\/pages\/41","targetHints":{"allow":["GET"]}}],"collection":[{"href":"https:\/\/www.cartrophen.com\/fr\/wp-json\/wp\/v2\/pages"}],"about":[{"href":"https:\/\/www.cartrophen.com\/fr\/wp-json\/wp\/v2\/types\/page"}],"author":[{"embeddable":true,"href":"https:\/\/www.cartrophen.com\/fr\/wp-json\/wp\/v2\/users\/1"}],"replies":[{"embeddable":true,"href":"https:\/\/www.cartrophen.com\/fr\/wp-json\/wp\/v2\/comments?post=41"}],"version-history":[{"count":14,"href":"https:\/\/www.cartrophen.com\/fr\/wp-json\/wp\/v2\/pages\/41\/revisions"}],"predecessor-version":[{"id":523,"href":"https:\/\/www.cartrophen.com\/fr\/wp-json\/wp\/v2\/pages\/41\/revisions\/523"}],"up":[{"embeddable":true,"href":"https:\/\/www.cartrophen.com\/fr\/wp-json\/wp\/v2\/pages\/37"}],"wp:attachment":[{"href":"https:\/\/www.cartrophen.com\/fr\/wp-json\/wp\/v2\/media?parent=41"}],"curies":[{"name":"wp","href":"https:\/\/api.w.org\/{rel}","templated":true}]}}