{"id":35,"date":"2016-06-17T01:27:11","date_gmt":"2016-06-17T01:27:11","guid":{"rendered":"http:\/\/www.cartrophen.com\/?page_id=35"},"modified":"2016-08-30T07:36:08","modified_gmt":"2016-08-30T07:36:08","slug":"safety-and-efficacy","status":"publish","type":"page","link":"https:\/\/www.cartrophen.com\/fr\/for-dog-owners\/safety-and-efficacy\/","title":{"rendered":"S\u00e9curit\u00e9 et Efficacit\u00e9"},"content":{"rendered":"<p><\/p>\n<h2><strong>Anarthron est-il s\u00fbr\u00a0?<\/strong><\/h2>\n<p>ANARTHRON est utilis\u00e9 sur les chiens, en toute s\u00e9curit\u00e9, depuis plus de 20 ans. ANARTHRON pr\u00e9sente une faible incidence d\u2019effets secondaires qui sont mod\u00e9r\u00e9s et transitoires. Bas\u00e9 sur l\u2019historique commercial, le nombre de r\u00e9actions n\u00e9gatives sur la base d\u2019un traitement (4 injections hebdomadaires) \u00e9taient de 0,058 %.<\/p>\n<p>De tous les cas rapport\u00e9s, 50, 9 % \u00e9taient probablement li\u00e9s \u00e0 l\u2019administration d\u2019Anarthron. Donc le nombre de r\u00e9actions n\u00e9gatives rapport\u00e9s probablement li\u00e9s \u00e0 Anarthron \u00e9taient de 0, 0296 %, soit une r\u00e9action n\u00e9gative sur 3.300 traitements (4 injections hebdomadaires).<\/p>\n<h2><strong>Le traitement Anarthron est-il s\u00fbr avec l\u2019utilisation d\u2019autres m\u00e9dicaments\u00a0? <\/strong><\/h2>\n<p>M\u00e9dicaments AINS<\/p>\n<p>Il est important de consulter votre v\u00e9t\u00e9rinaire puisqu\u2019il peut y avoir\u00a0 des circonstances o\u00f9 il pense qu\u2019il est appropri\u00e9 d\u2019utiliser simultan\u00e9ment Anarthron et un autre anti-inflammatoire non-st\u00e9ro\u00efdien (AINS). Cependant, il n\u2019est g\u00e9n\u00e9ralement pas conseill\u00e9 d\u2019utiliser un AINS avec Anarthron \u00e0 cause de leurs modes contradictoires. De plus, le soulagement de la douleur offert par un AINS peut conduire un chien \u00e0 reprendre des activit\u00e9s plus t\u00f4t que pr\u00e9vu compromettant ainsi la progression du processus de cicatrisation. La reprise pr\u00e9matur\u00e9e d\u2019exercices \u00e9nerg\u00e9tiques peut aggraver la maladie.<\/p>\n<p>Avec des r\u00e9actions de douleur semblables entre Anarthron et les AINS une semaine apr\u00e8s le d\u00e9but du traitement, si un soulagement imm\u00e9diat de la douleur est requis, un antidouleur peut-\u00eatre une meilleure solution qu\u2019un AINS car il n\u2019interf\u00e8re pas avec le processus de cicatrisation.<\/p>\n<p><img loading=\"lazy\" decoding=\"async\" class=\"aligncenter size-full wp-image-514\" src=\"http:\/\/www.cartrophen.com\/wp-content\/uploads\/2016\/06\/graph-8.png\" alt=\"graph-8\" width=\"1496\" height=\"609\" srcset=\"https:\/\/www.cartrophen.com\/wp-content\/uploads\/2016\/06\/graph-8.png 1496w, https:\/\/www.cartrophen.com\/wp-content\/uploads\/2016\/06\/graph-8-300x122.png 300w, https:\/\/www.cartrophen.com\/wp-content\/uploads\/2016\/06\/graph-8-768x313.png 768w, https:\/\/www.cartrophen.com\/wp-content\/uploads\/2016\/06\/graph-8-1024x417.png 1024w\" sizes=\"auto, (max-width: 1496px) 100vw, 1496px\" \/>Dans une \u00e9tude comparative entre Anarthron et l\u2019anti-inflammatoire non-st\u00e9ro\u00efdien (AINS) Carprof\u00e8ne, Anarthron fait appara\u00eetre des r\u00e9sultats \u00e9gaux voire sup\u00e9rieurs \u00e0 Carprof\u00e8ne en ce qui concerne le soulagement de la douleur et de la boiterie. C\u2019est\u00a0la premi\u00e8re fois qu\u2019il est prouv\u00e9 qu\u2019un m\u00e9dicament modifiant la maladie arthrosique offre un soulagement important de la douleur comparable \u00e0 ceux procur\u00e9s par les AINS. L\u2019am\u00e9lioration apport\u00e9e par Anarthron se met en place plus lentement mais persiste plus longtemps apr\u00e8s les quatre semaines de traitement recommand\u00e9.<\/p>\n<p><strong style=\"line-height: 1.5;\">Quelle est l\u2019efficacit\u00e9 d\u2019Anarthron\u00a0?<\/strong><\/p>\n<p>Anarthron est soumis \u00e0 de stricts examens de s\u00e9curit\u00e9 et d\u2019efficacit\u00e9 men\u00e9s par les autorit\u00e9s r\u00e9glementaires de chaque pays o\u00f9 il est vendu.<\/p>\n<p>Lors d\u2019\u00e9tudes cliniques, Anarthron s\u2019est montr\u00e9 efficace dans 80 % des cas . Dans une \u00e9tude clinique r\u00e9cente faite au Japon, selon les impressions des v\u00e9t\u00e9rinaires, 96 % des cas se seraient am\u00e9lior\u00e9s avec le traitement Anarthron (Donn\u00e9es internes, Biopharm Australia Pty Ltd).<\/p>\n<p>Anarthron s\u2019est montr\u00e9 \u00eatre un traitement efficace de l\u2019arthrose depuis plus de 20 ans d\u2019usage commercial et des millions de doses administr\u00e9es.<br \/>\n<img loading=\"lazy\" decoding=\"async\" class=\"aligncenter size-full wp-image-513\" src=\"http:\/\/www.cartrophen.com\/wp-content\/uploads\/2016\/06\/graph-6.png\" alt=\"graph-6\" width=\"1496\" height=\"1037\" srcset=\"https:\/\/www.cartrophen.com\/wp-content\/uploads\/2016\/06\/graph-6.png 1496w, https:\/\/www.cartrophen.com\/wp-content\/uploads\/2016\/06\/graph-6-300x208.png 300w, https:\/\/www.cartrophen.com\/wp-content\/uploads\/2016\/06\/graph-6-768x532.png 768w, https:\/\/www.cartrophen.com\/wp-content\/uploads\/2016\/06\/graph-6-1024x710.png 1024w\" sizes=\"auto, (max-width: 1496px) 100vw, 1496px\" \/><\/p>","protected":false},"excerpt":{"rendered":"<p>Anarthron est-il s\u00fbr\u00a0? ANARTHRON est utilis\u00e9 sur les chiens, en toute s\u00e9curit\u00e9, depuis plus de 20 ans. ANARTHRON pr\u00e9sente une faible incidence d\u2019effets secondaires qui sont mod\u00e9r\u00e9s et transitoires. Bas\u00e9 sur l\u2019historique commercial, le nombre de r\u00e9actions n\u00e9gatives sur la base d\u2019un traitement (4 injections hebdomadaires) \u00e9taient de 0,058 %. De tous les cas rapport\u00e9s,&#8230;  <a class=\"excerpt-read-more\" href=\"https:\/\/www.cartrophen.com\/fr\/for-dog-owners\/safety-and-efficacy\/\" title=\"ReadS\u00e9curit\u00e9 et Efficacit\u00e9\">Read more &raquo;<\/a><\/p>\n","protected":false},"author":1,"featured_media":0,"parent":17,"menu_order":0,"comment_status":"closed","ping_status":"closed","template":"","meta":{"_acf_changed":false,"footnotes":""},"class_list":["post-35","page","type-page","status-publish","hentry"],"acf":[],"yoast_head":"<!-- This site is optimized with the Yoast SEO plugin v26.4 - https:\/\/yoast.com\/wordpress\/plugins\/seo\/ -->\n<title>S\u00e9curit\u00e9 et Efficacit\u00e9 - Cartrophen Vet<\/title>\n<meta name=\"robots\" content=\"index, follow, max-snippet:-1, max-image-preview:large, max-video-preview:-1\" \/>\n<link rel=\"canonical\" href=\"https:\/\/www.cartrophen.com\/for-dog-owners\/safety-and-efficacy\/\" \/>\n<meta property=\"og:locale\" content=\"fr_FR\" \/>\n<meta property=\"og:type\" content=\"article\" \/>\n<meta property=\"og:title\" content=\"S\u00e9curit\u00e9 et Efficacit\u00e9 - Cartrophen Vet\" \/>\n<meta property=\"og:description\" content=\"Anarthron est-il s\u00fbr\u00a0? ANARTHRON est utilis\u00e9 sur les chiens, en toute s\u00e9curit\u00e9, depuis plus de 20 ans. ANARTHRON pr\u00e9sente une faible incidence d\u2019effets secondaires qui sont mod\u00e9r\u00e9s et transitoires. Bas\u00e9 sur l\u2019historique commercial, le nombre de r\u00e9actions n\u00e9gatives sur la base d\u2019un traitement (4 injections hebdomadaires) \u00e9taient de 0,058 %. De tous les cas rapport\u00e9s,... Read more &raquo;\" \/>\n<meta property=\"og:url\" content=\"https:\/\/www.cartrophen.com\/for-dog-owners\/safety-and-efficacy\/\" \/>\n<meta property=\"og:site_name\" content=\"Cartrophen Vet\" \/>\n<meta property=\"article:publisher\" content=\"https:\/\/www.facebook.com\/cartrophenvet\/\" \/>\n<meta property=\"article:modified_time\" content=\"2016-08-30T07:36:08+00:00\" \/>\n<meta property=\"og:image\" content=\"http:\/\/www.cartrophen.com\/wp-content\/uploads\/2016\/07\/graph-8.png\" \/>\n<meta name=\"twitter:card\" content=\"summary_large_image\" \/>\n<meta name=\"twitter:label1\" content=\"Dur\u00e9e de lecture estim\u00e9e\" \/>\n\t<meta name=\"twitter:data1\" content=\"4 minutes\" \/>\n<script type=\"application\/ld+json\" class=\"yoast-schema-graph\">{\"@context\":\"https:\/\/schema.org\",\"@graph\":[{\"@type\":\"WebPage\",\"@id\":\"https:\/\/www.cartrophen.com\/for-dog-owners\/safety-and-efficacy\/\",\"url\":\"https:\/\/www.cartrophen.com\/for-dog-owners\/safety-and-efficacy\/\",\"name\":\"S\u00e9curit\u00e9 et Efficacit\u00e9 - Cartrophen Vet\",\"isPartOf\":{\"@id\":\"https:\/\/www.cartrophen.com\/#website\"},\"primaryImageOfPage\":{\"@id\":\"https:\/\/www.cartrophen.com\/for-dog-owners\/safety-and-efficacy\/#primaryimage\"},\"image\":{\"@id\":\"https:\/\/www.cartrophen.com\/for-dog-owners\/safety-and-efficacy\/#primaryimage\"},\"thumbnailUrl\":\"http:\/\/www.cartrophen.com\/wp-content\/uploads\/2016\/07\/graph-8.png\",\"datePublished\":\"2016-06-17T01:27:11+00:00\",\"dateModified\":\"2016-08-30T07:36:08+00:00\",\"breadcrumb\":{\"@id\":\"https:\/\/www.cartrophen.com\/for-dog-owners\/safety-and-efficacy\/#breadcrumb\"},\"inLanguage\":\"fr-FR\",\"potentialAction\":[{\"@type\":\"ReadAction\",\"target\":[\"https:\/\/www.cartrophen.com\/for-dog-owners\/safety-and-efficacy\/\"]}]},{\"@type\":\"ImageObject\",\"inLanguage\":\"fr-FR\",\"@id\":\"https:\/\/www.cartrophen.com\/for-dog-owners\/safety-and-efficacy\/#primaryimage\",\"url\":\"http:\/\/www.cartrophen.com\/wp-content\/uploads\/2016\/07\/graph-8.png\",\"contentUrl\":\"http:\/\/www.cartrophen.com\/wp-content\/uploads\/2016\/07\/graph-8.png\"},{\"@type\":\"BreadcrumbList\",\"@id\":\"https:\/\/www.cartrophen.com\/for-dog-owners\/safety-and-efficacy\/#breadcrumb\",\"itemListElement\":[{\"@type\":\"ListItem\",\"position\":1,\"name\":\"Home\",\"item\":\"https:\/\/www.cartrophen.com\/\"},{\"@type\":\"ListItem\",\"position\":2,\"name\":\"Pour les propri\u00e9taires de chiens\",\"item\":\"https:\/\/www.cartrophen.com\/fr\/for-dog-owners\/\"},{\"@type\":\"ListItem\",\"position\":3,\"name\":\"Safety and Efficacy\"}]},{\"@type\":\"WebSite\",\"@id\":\"https:\/\/www.cartrophen.com\/#website\",\"url\":\"https:\/\/www.cartrophen.com\/\",\"name\":\"Cartrophen Vet\",\"description\":\"Healthy joints, happy pets\",\"potentialAction\":[{\"@type\":\"SearchAction\",\"target\":{\"@type\":\"EntryPoint\",\"urlTemplate\":\"https:\/\/www.cartrophen.com\/?s={search_term_string}\"},\"query-input\":{\"@type\":\"PropertyValueSpecification\",\"valueRequired\":true,\"valueName\":\"search_term_string\"}}],\"inLanguage\":\"fr-FR\"}]}<\/script>\n<!-- \/ Yoast SEO plugin. -->","yoast_head_json":{"title":"S\u00e9curit\u00e9 et Efficacit\u00e9 - Cartrophen Vet","robots":{"index":"index","follow":"follow","max-snippet":"max-snippet:-1","max-image-preview":"max-image-preview:large","max-video-preview":"max-video-preview:-1"},"canonical":"https:\/\/www.cartrophen.com\/for-dog-owners\/safety-and-efficacy\/","og_locale":"fr_FR","og_type":"article","og_title":"S\u00e9curit\u00e9 et Efficacit\u00e9 - Cartrophen Vet","og_description":"Anarthron est-il s\u00fbr\u00a0? ANARTHRON est utilis\u00e9 sur les chiens, en toute s\u00e9curit\u00e9, depuis plus de 20 ans. ANARTHRON pr\u00e9sente une faible incidence d\u2019effets secondaires qui sont mod\u00e9r\u00e9s et transitoires. Bas\u00e9 sur l\u2019historique commercial, le nombre de r\u00e9actions n\u00e9gatives sur la base d\u2019un traitement (4 injections hebdomadaires) \u00e9taient de 0,058 %. De tous les cas rapport\u00e9s,... Read more &raquo;","og_url":"https:\/\/www.cartrophen.com\/for-dog-owners\/safety-and-efficacy\/","og_site_name":"Cartrophen Vet","article_publisher":"https:\/\/www.facebook.com\/cartrophenvet\/","article_modified_time":"2016-08-30T07:36:08+00:00","og_image":[{"url":"http:\/\/www.cartrophen.com\/wp-content\/uploads\/2016\/07\/graph-8.png","type":"","width":"","height":""}],"twitter_card":"summary_large_image","twitter_misc":{"Dur\u00e9e de lecture estim\u00e9e":"4 minutes"},"schema":{"@context":"https:\/\/schema.org","@graph":[{"@type":"WebPage","@id":"https:\/\/www.cartrophen.com\/for-dog-owners\/safety-and-efficacy\/","url":"https:\/\/www.cartrophen.com\/for-dog-owners\/safety-and-efficacy\/","name":"S\u00e9curit\u00e9 et Efficacit\u00e9 - Cartrophen Vet","isPartOf":{"@id":"https:\/\/www.cartrophen.com\/#website"},"primaryImageOfPage":{"@id":"https:\/\/www.cartrophen.com\/for-dog-owners\/safety-and-efficacy\/#primaryimage"},"image":{"@id":"https:\/\/www.cartrophen.com\/for-dog-owners\/safety-and-efficacy\/#primaryimage"},"thumbnailUrl":"http:\/\/www.cartrophen.com\/wp-content\/uploads\/2016\/07\/graph-8.png","datePublished":"2016-06-17T01:27:11+00:00","dateModified":"2016-08-30T07:36:08+00:00","breadcrumb":{"@id":"https:\/\/www.cartrophen.com\/for-dog-owners\/safety-and-efficacy\/#breadcrumb"},"inLanguage":"fr-FR","potentialAction":[{"@type":"ReadAction","target":["https:\/\/www.cartrophen.com\/for-dog-owners\/safety-and-efficacy\/"]}]},{"@type":"ImageObject","inLanguage":"fr-FR","@id":"https:\/\/www.cartrophen.com\/for-dog-owners\/safety-and-efficacy\/#primaryimage","url":"http:\/\/www.cartrophen.com\/wp-content\/uploads\/2016\/07\/graph-8.png","contentUrl":"http:\/\/www.cartrophen.com\/wp-content\/uploads\/2016\/07\/graph-8.png"},{"@type":"BreadcrumbList","@id":"https:\/\/www.cartrophen.com\/for-dog-owners\/safety-and-efficacy\/#breadcrumb","itemListElement":[{"@type":"ListItem","position":1,"name":"Home","item":"https:\/\/www.cartrophen.com\/"},{"@type":"ListItem","position":2,"name":"Pour les propri\u00e9taires de chiens","item":"https:\/\/www.cartrophen.com\/fr\/for-dog-owners\/"},{"@type":"ListItem","position":3,"name":"Safety and Efficacy"}]},{"@type":"WebSite","@id":"https:\/\/www.cartrophen.com\/#website","url":"https:\/\/www.cartrophen.com\/","name":"Cartrophen Vet","description":"Healthy joints, happy pets","potentialAction":[{"@type":"SearchAction","target":{"@type":"EntryPoint","urlTemplate":"https:\/\/www.cartrophen.com\/?s={search_term_string}"},"query-input":{"@type":"PropertyValueSpecification","valueRequired":true,"valueName":"search_term_string"}}],"inLanguage":"fr-FR"}]}},"_links":{"self":[{"href":"https:\/\/www.cartrophen.com\/fr\/wp-json\/wp\/v2\/pages\/35","targetHints":{"allow":["GET"]}}],"collection":[{"href":"https:\/\/www.cartrophen.com\/fr\/wp-json\/wp\/v2\/pages"}],"about":[{"href":"https:\/\/www.cartrophen.com\/fr\/wp-json\/wp\/v2\/types\/page"}],"author":[{"embeddable":true,"href":"https:\/\/www.cartrophen.com\/fr\/wp-json\/wp\/v2\/users\/1"}],"replies":[{"embeddable":true,"href":"https:\/\/www.cartrophen.com\/fr\/wp-json\/wp\/v2\/comments?post=35"}],"version-history":[{"count":10,"href":"https:\/\/www.cartrophen.com\/fr\/wp-json\/wp\/v2\/pages\/35\/revisions"}],"predecessor-version":[{"id":515,"href":"https:\/\/www.cartrophen.com\/fr\/wp-json\/wp\/v2\/pages\/35\/revisions\/515"}],"up":[{"embeddable":true,"href":"https:\/\/www.cartrophen.com\/fr\/wp-json\/wp\/v2\/pages\/17"}],"wp:attachment":[{"href":"https:\/\/www.cartrophen.com\/fr\/wp-json\/wp\/v2\/media?parent=35"}],"curies":[{"name":"wp","href":"https:\/\/api.w.org\/{rel}","templated":true}]}}