{"id":27,"date":"2016-06-17T01:25:15","date_gmt":"2016-06-17T01:25:15","guid":{"rendered":"http:\/\/www.cartrophen.com\/?page_id=27"},"modified":"2020-03-17T16:58:35","modified_gmt":"2020-03-17T16:58:35","slug":"faqs","status":"publish","type":"page","link":"https:\/\/www.cartrophen.com\/fr\/for-dog-owners\/faqs\/","title":{"rendered":"Questions fr\u00e9quemment"},"content":{"rendered":"<p><\/p>\n<h2><strong>Quels sont les signes de l\u2019arthrose? <\/strong><\/h2>\n<p>Certains des signes les plus communs de l&rsquo;arthrite sont:<\/p>\n<p>Rigidit\u00e9, de m\u00e2cher ou de l\u00e9cher les articulations particuli\u00e8res, des difficult\u00e9s \u00e0 marcher vers le haut ou en bas des escaliers, la marche en g\u00e9n\u00e9ral, manger lentement, forex comportementale<\/p>\n<h2><strong>L\u2019arthrose n\u2019affecte-t-elle pas que les chiens \u00e2g\u00e9s?<\/strong><\/h2>\n<p>Bien que l\u2019arthrose soit plus commune avec l\u2019\u00e2ge, malheureusement n\u2019importe quel chien de n\u2019importe quel \u00e2ge peut \u00eatre touch\u00e9. Il est estim\u00e9 que 20 % des chiens \u00e2g\u00e9s d\u2019un an ou plus seraient touch\u00e9s par la maladie (Hegeman et al, 2003), l\u2019arthrose est donc plus commune que ce que l\u2019on peut penser. On peut trouver une grille d\u2019\u00e9valuation pouvant vous aider \u00e0 en d\u00e9tecter les signes chez votre chien dans.<\/p>\n<h2><strong>Comment Anarthron est-il administr\u00e9? <\/strong><\/h2>\n<p>Anarthron est une injection administr\u00e9e par votre v\u00e9t\u00e9rinaire de la m\u00eame fa\u00e7on qu\u2019un vaccin, \u00e0 raison de quatre injections, une par semaine. C\u2019est une fa\u00e7on commode d\u2019assurer que votre animal de compagnie re\u00e7oive la dose appropri\u00e9e sans r\u00e9gime quotidien particulier. Il est essentiel que votre chien re\u00e7oive ces 4 injections afin d\u2019assurer un r\u00e9sultat optimal et voir la modification du processus de la maladie.<\/p>\n<p>La fr\u00e9quence du traitement varie d\u2019une fois par an pour les cas mod\u00e9r\u00e9s \u00e0 trois fois par an pour les cas s\u00e9v\u00e8res.<\/p>\n<p>Votre v\u00e9t\u00e9rinaire peut varier les modalit\u00e9s de traitement pour obtenir une r\u00e9duction optimale des sympt\u00f4mes arthritiques.<\/p>\n<h2><strong>Combien de temps faut-il pour voir des r\u00e9sultats?<\/strong><\/h2>\n<p>Le temps varie d\u2019un chien \u00e0 l\u2019autre et d\u00e9pend \u00e9galement de la s\u00e9v\u00e9rit\u00e9 de l\u2019arthrose. Dans certains cas, ils seront soulag\u00e9s quelques jours apr\u00e8s la premi\u00e8re injection, pour d\u2019autres l\u2019am\u00e9lioration peut se constater \u00e0 la fin du traitement de quatre injections. Si vous ne voyez pas d\u2019am\u00e9lioration, consultez votre v\u00e9t\u00e9rinaire.<\/p>\n<h2><strong>Anarthron est-il s\u00fbr? Existe-t-il des effets secondaires? <\/strong><\/h2>\n<p>Anarthron est utilis\u00e9 sur les chiens, en toute s\u00e9curit\u00e9, depuis plus de 30 ans. Dans de tr\u00e8s rare cas, des effets secondaires ont \u00e9t\u00e9s observ\u00e9s mais ils ont tendance \u00e0 \u00eatre mod\u00e9r\u00e9s et temporaires. Pour plus de d\u00e9tails concernant la s\u00e9curit\u00e9 d\u2019Anarthron, pri\u00e8re de consulter.<\/p>\n<h2><strong>Anarthron est-il d\u2019origine animale?<\/strong><\/h2>\n<p>Anarthron n\u2019est pas un produit d\u2019origine animale. Il est d\u2019origine v\u00e9g\u00e9tale et provient d\u2019un d\u00e9riv\u00e9 du h\u00eatre.<\/p>\n<h2><strong>Anarthron peut-il \u00eatre utilis\u00e9 sur les chats? <\/strong><\/h2>\n<p>Anarthron n\u2019est pas approuv\u00e9 pour l\u2019utilisation sur les chats mais certains v\u00e9t\u00e9rinaires \u00e0 travers le monde l\u2019utilisent hors indication (syst\u00e8me en cascade) en traitement de l\u2019arthrose chez les chats, apr\u00e8s consentement du propri\u00e9taire.<\/p>\n<h2><strong>O\u00f9 peut-on acheter Anarthron?<\/strong><\/h2>\n<p>Anarthron est un produit d\u00e9livr\u00e9 sur ordonnance seulement. Parlez d\u2019Anarthron directement avec votre v\u00e9t\u00e9rinaire.<\/p>","protected":false},"excerpt":{"rendered":"<p>Quels sont les signes de l\u2019arthrose? Certains des signes les plus communs de l&rsquo;arthrite sont: Rigidit\u00e9, de m\u00e2cher ou de l\u00e9cher les articulations particuli\u00e8res, des difficult\u00e9s \u00e0 marcher vers le haut ou en bas des escaliers, la marche en g\u00e9n\u00e9ral, manger lentement, forex comportementale L\u2019arthrose n\u2019affecte-t-elle pas que les chiens \u00e2g\u00e9s? Bien que l\u2019arthrose soit&#8230;  <a class=\"excerpt-read-more\" href=\"https:\/\/www.cartrophen.com\/fr\/for-dog-owners\/faqs\/\" title=\"ReadQuestions fr\u00e9quemment\">Read more &raquo;<\/a><\/p>\n","protected":false},"author":1,"featured_media":0,"parent":17,"menu_order":0,"comment_status":"closed","ping_status":"closed","template":"","meta":{"_acf_changed":false,"footnotes":""},"class_list":["post-27","page","type-page","status-publish","hentry"],"acf":[],"yoast_head":"<!-- This site is optimized with the Yoast SEO plugin v26.4 - https:\/\/yoast.com\/wordpress\/plugins\/seo\/ -->\n<title>Questions fr\u00e9quemment - Cartrophen Vet<\/title>\n<meta name=\"robots\" content=\"index, follow, max-snippet:-1, max-image-preview:large, max-video-preview:-1\" \/>\n<link rel=\"canonical\" href=\"https:\/\/www.cartrophen.com\/for-dog-owners\/faqs\/\" \/>\n<meta property=\"og:locale\" content=\"fr_FR\" \/>\n<meta property=\"og:type\" content=\"article\" \/>\n<meta property=\"og:title\" content=\"Questions fr\u00e9quemment - Cartrophen Vet\" \/>\n<meta property=\"og:description\" content=\"Quels sont les signes de l\u2019arthrose? Certains des signes les plus communs de l&rsquo;arthrite sont: Rigidit\u00e9, de m\u00e2cher ou de l\u00e9cher les articulations particuli\u00e8res, des difficult\u00e9s \u00e0 marcher vers le haut ou en bas des escaliers, la marche en g\u00e9n\u00e9ral, manger lentement, forex comportementale L\u2019arthrose n\u2019affecte-t-elle pas que les chiens \u00e2g\u00e9s? Bien que l\u2019arthrose soit... Read more &raquo;\" \/>\n<meta property=\"og:url\" content=\"https:\/\/www.cartrophen.com\/for-dog-owners\/faqs\/\" \/>\n<meta property=\"og:site_name\" content=\"Cartrophen Vet\" \/>\n<meta property=\"article:publisher\" content=\"https:\/\/www.facebook.com\/cartrophenvet\/\" \/>\n<meta property=\"article:modified_time\" content=\"2020-03-17T16:58:35+00:00\" \/>\n<meta name=\"twitter:card\" content=\"summary_large_image\" \/>\n<meta name=\"twitter:label1\" content=\"Dur\u00e9e de lecture estim\u00e9e\" \/>\n\t<meta name=\"twitter:data1\" content=\"5 minutes\" \/>\n<script type=\"application\/ld+json\" class=\"yoast-schema-graph\">{\"@context\":\"https:\/\/schema.org\",\"@graph\":[{\"@type\":\"WebPage\",\"@id\":\"https:\/\/www.cartrophen.com\/for-dog-owners\/faqs\/\",\"url\":\"https:\/\/www.cartrophen.com\/for-dog-owners\/faqs\/\",\"name\":\"Questions fr\u00e9quemment - Cartrophen Vet\",\"isPartOf\":{\"@id\":\"https:\/\/www.cartrophen.com\/#website\"},\"datePublished\":\"2016-06-17T01:25:15+00:00\",\"dateModified\":\"2020-03-17T16:58:35+00:00\",\"breadcrumb\":{\"@id\":\"https:\/\/www.cartrophen.com\/for-dog-owners\/faqs\/#breadcrumb\"},\"inLanguage\":\"fr-FR\",\"potentialAction\":[{\"@type\":\"ReadAction\",\"target\":[\"https:\/\/www.cartrophen.com\/for-dog-owners\/faqs\/\"]}]},{\"@type\":\"BreadcrumbList\",\"@id\":\"https:\/\/www.cartrophen.com\/for-dog-owners\/faqs\/#breadcrumb\",\"itemListElement\":[{\"@type\":\"ListItem\",\"position\":1,\"name\":\"Home\",\"item\":\"https:\/\/www.cartrophen.com\/\"},{\"@type\":\"ListItem\",\"position\":2,\"name\":\"For Dog Owners\",\"item\":\"https:\/\/www.cartrophen.com\/for-dog-owners\/\"},{\"@type\":\"ListItem\",\"position\":3,\"name\":\"FAQs\"}]},{\"@type\":\"WebSite\",\"@id\":\"https:\/\/www.cartrophen.com\/#website\",\"url\":\"https:\/\/www.cartrophen.com\/\",\"name\":\"Cartrophen Vet\",\"description\":\"Healthy joints, happy pets\",\"potentialAction\":[{\"@type\":\"SearchAction\",\"target\":{\"@type\":\"EntryPoint\",\"urlTemplate\":\"https:\/\/www.cartrophen.com\/?s={search_term_string}\"},\"query-input\":{\"@type\":\"PropertyValueSpecification\",\"valueRequired\":true,\"valueName\":\"search_term_string\"}}],\"inLanguage\":\"fr-FR\"}]}<\/script>\n<!-- \/ Yoast SEO plugin. -->","yoast_head_json":{"title":"Questions fr\u00e9quemment - Cartrophen Vet","robots":{"index":"index","follow":"follow","max-snippet":"max-snippet:-1","max-image-preview":"max-image-preview:large","max-video-preview":"max-video-preview:-1"},"canonical":"https:\/\/www.cartrophen.com\/for-dog-owners\/faqs\/","og_locale":"fr_FR","og_type":"article","og_title":"Questions fr\u00e9quemment - Cartrophen Vet","og_description":"Quels sont les signes de l\u2019arthrose? Certains des signes les plus communs de l&rsquo;arthrite sont: Rigidit\u00e9, de m\u00e2cher ou de l\u00e9cher les articulations particuli\u00e8res, des difficult\u00e9s \u00e0 marcher vers le haut ou en bas des escaliers, la marche en g\u00e9n\u00e9ral, manger lentement, forex comportementale L\u2019arthrose n\u2019affecte-t-elle pas que les chiens \u00e2g\u00e9s? Bien que l\u2019arthrose soit... Read more &raquo;","og_url":"https:\/\/www.cartrophen.com\/for-dog-owners\/faqs\/","og_site_name":"Cartrophen Vet","article_publisher":"https:\/\/www.facebook.com\/cartrophenvet\/","article_modified_time":"2020-03-17T16:58:35+00:00","twitter_card":"summary_large_image","twitter_misc":{"Dur\u00e9e de lecture estim\u00e9e":"5 minutes"},"schema":{"@context":"https:\/\/schema.org","@graph":[{"@type":"WebPage","@id":"https:\/\/www.cartrophen.com\/for-dog-owners\/faqs\/","url":"https:\/\/www.cartrophen.com\/for-dog-owners\/faqs\/","name":"Questions fr\u00e9quemment - Cartrophen Vet","isPartOf":{"@id":"https:\/\/www.cartrophen.com\/#website"},"datePublished":"2016-06-17T01:25:15+00:00","dateModified":"2020-03-17T16:58:35+00:00","breadcrumb":{"@id":"https:\/\/www.cartrophen.com\/for-dog-owners\/faqs\/#breadcrumb"},"inLanguage":"fr-FR","potentialAction":[{"@type":"ReadAction","target":["https:\/\/www.cartrophen.com\/for-dog-owners\/faqs\/"]}]},{"@type":"BreadcrumbList","@id":"https:\/\/www.cartrophen.com\/for-dog-owners\/faqs\/#breadcrumb","itemListElement":[{"@type":"ListItem","position":1,"name":"Home","item":"https:\/\/www.cartrophen.com\/"},{"@type":"ListItem","position":2,"name":"For Dog Owners","item":"https:\/\/www.cartrophen.com\/for-dog-owners\/"},{"@type":"ListItem","position":3,"name":"FAQs"}]},{"@type":"WebSite","@id":"https:\/\/www.cartrophen.com\/#website","url":"https:\/\/www.cartrophen.com\/","name":"Cartrophen Vet","description":"Healthy joints, happy pets","potentialAction":[{"@type":"SearchAction","target":{"@type":"EntryPoint","urlTemplate":"https:\/\/www.cartrophen.com\/?s={search_term_string}"},"query-input":{"@type":"PropertyValueSpecification","valueRequired":true,"valueName":"search_term_string"}}],"inLanguage":"fr-FR"}]}},"_links":{"self":[{"href":"https:\/\/www.cartrophen.com\/fr\/wp-json\/wp\/v2\/pages\/27","targetHints":{"allow":["GET"]}}],"collection":[{"href":"https:\/\/www.cartrophen.com\/fr\/wp-json\/wp\/v2\/pages"}],"about":[{"href":"https:\/\/www.cartrophen.com\/fr\/wp-json\/wp\/v2\/types\/page"}],"author":[{"embeddable":true,"href":"https:\/\/www.cartrophen.com\/fr\/wp-json\/wp\/v2\/users\/1"}],"replies":[{"embeddable":true,"href":"https:\/\/www.cartrophen.com\/fr\/wp-json\/wp\/v2\/comments?post=27"}],"version-history":[{"count":8,"href":"https:\/\/www.cartrophen.com\/fr\/wp-json\/wp\/v2\/pages\/27\/revisions"}],"predecessor-version":[{"id":9034,"href":"https:\/\/www.cartrophen.com\/fr\/wp-json\/wp\/v2\/pages\/27\/revisions\/9034"}],"up":[{"embeddable":true,"href":"https:\/\/www.cartrophen.com\/fr\/wp-json\/wp\/v2\/pages\/17"}],"wp:attachment":[{"href":"https:\/\/www.cartrophen.com\/fr\/wp-json\/wp\/v2\/media?parent=27"}],"curies":[{"name":"wp","href":"https:\/\/api.w.org\/{rel}","templated":true}]}}