{"id":25,"date":"2016-06-17T01:24:28","date_gmt":"2016-06-17T01:24:28","guid":{"rendered":"http:\/\/www.cartrophen.com\/?page_id=25"},"modified":"2016-08-29T15:17:28","modified_gmt":"2016-08-29T15:17:28","slug":"tips-for-treatments","status":"publish","type":"page","link":"https:\/\/www.cartrophen.com\/fr\/for-dog-owners\/tips-for-treatments\/","title":{"rendered":"Conseils lors du traitement"},"content":{"rendered":"<p><\/p>\n<h2><strong>Conseils lors du traitement<\/strong><\/h2>\n<p>Voici quelques conseils \u00e0 suivre pendant le traitement mais \u00e9galement pour prendre soin de votre chien arthritique\u00a0; il est conseill\u00e9 de\u00a0:<\/p>\n<ol>\n<li>laisser votre chien se reposer et ainsi favoriser la progression du processus de gu\u00e9rison et de r\u00e9tablissement<\/li>\n<li>lui faire faire des exercices mod\u00e9r\u00e9s pendant le traitement mais \u00e9galement une \u00e0 deux semaines apr\u00e8s le traitement. Bien que votre chien puisse se sentir mieux imm\u00e9diatement apr\u00e8s le traitement, des exercices \u00e9nerg\u00e9tiques pourraient aggraver la maladie et le processus arthritique avant la progression suffisante du processus de cicatrisation.<\/li>\n<li>Il est essentiel de compl\u00e9ter la totalit\u00e9 du traitement de quatre injections. Bien que de bons r\u00e9sultats puissent se produire t\u00f4t durant le traitement, afin d\u2019obtenir la meilleure cicatrisation, la meilleure r\u00e9paration et avoir des articulations en bonne sant\u00e9 sur le long-terme, on obtiendra les meilleurs r\u00e9sultats lorsque les quatre injections auront \u00e9t\u00e9 administr\u00e9es selon l\u2019enregistrement du produit.<\/li>\n<li>installer votre chien dans un endroit chaud et confortable.<\/li>\n<li>garder votre chien aussi sec que possible et loin des courants d\u2019air.<\/li>\n<li>L\u2019ob\u00e9sit\u00e9 est nuisible sachant que les articulations sont faites pour porter le surpoids. Pour le bien-\u00eatre de votre compagnon, bien v\u00e9rifier avec votre v\u00e9t\u00e9rinaire la n\u00e9cessit\u00e9 d\u2019une perte de poids.<\/li>\n<\/ol>\n<p>&nbsp;<\/p>","protected":false},"excerpt":{"rendered":"<p>Conseils lors du traitement Voici quelques conseils \u00e0 suivre pendant le traitement mais \u00e9galement pour prendre soin de votre chien arthritique\u00a0; il est conseill\u00e9 de\u00a0: laisser votre chien se reposer et ainsi favoriser la progression du processus de gu\u00e9rison et de r\u00e9tablissement lui faire faire des exercices mod\u00e9r\u00e9s pendant le traitement mais \u00e9galement une \u00e0&#8230;  <a class=\"excerpt-read-more\" href=\"https:\/\/www.cartrophen.com\/fr\/for-dog-owners\/tips-for-treatments\/\" title=\"ReadConseils lors du traitement\">Read more &raquo;<\/a><\/p>\n","protected":false},"author":1,"featured_media":0,"parent":17,"menu_order":0,"comment_status":"closed","ping_status":"closed","template":"","meta":{"_acf_changed":false,"footnotes":""},"class_list":["post-25","page","type-page","status-publish","hentry"],"acf":[],"yoast_head":"<!-- This site is optimized with the Yoast SEO plugin v26.4 - https:\/\/yoast.com\/wordpress\/plugins\/seo\/ -->\n<title>Conseils lors du traitement - Cartrophen Vet<\/title>\n<meta name=\"robots\" content=\"index, follow, max-snippet:-1, max-image-preview:large, max-video-preview:-1\" \/>\n<link rel=\"canonical\" href=\"https:\/\/www.cartrophen.com\/fr\/for-dog-owners\/tips-for-treatments\/\" \/>\n<meta property=\"og:locale\" content=\"fr_FR\" \/>\n<meta property=\"og:type\" content=\"article\" \/>\n<meta property=\"og:title\" content=\"Conseils lors du traitement - Cartrophen Vet\" \/>\n<meta property=\"og:description\" content=\"Conseils lors du traitement Voici quelques conseils \u00e0 suivre pendant le traitement mais \u00e9galement pour prendre soin de votre chien arthritique\u00a0; il est conseill\u00e9 de\u00a0: laisser votre chien se reposer et ainsi favoriser la progression du processus de gu\u00e9rison et de r\u00e9tablissement lui faire faire des exercices mod\u00e9r\u00e9s pendant le traitement mais \u00e9galement une \u00e0... Read more &raquo;\" \/>\n<meta property=\"og:url\" content=\"https:\/\/www.cartrophen.com\/fr\/for-dog-owners\/tips-for-treatments\/\" \/>\n<meta property=\"og:site_name\" content=\"Cartrophen Vet\" \/>\n<meta property=\"article:publisher\" content=\"https:\/\/www.facebook.com\/cartrophenvet\/\" \/>\n<meta property=\"article:modified_time\" content=\"2016-08-29T15:17:28+00:00\" \/>\n<meta name=\"twitter:card\" content=\"summary_large_image\" \/>\n<meta name=\"twitter:label1\" content=\"Dur\u00e9e de lecture estim\u00e9e\" \/>\n\t<meta name=\"twitter:data1\" content=\"2 minutes\" \/>\n<script type=\"application\/ld+json\" class=\"yoast-schema-graph\">{\"@context\":\"https:\/\/schema.org\",\"@graph\":[{\"@type\":\"WebPage\",\"@id\":\"https:\/\/www.cartrophen.com\/fr\/for-dog-owners\/tips-for-treatments\/\",\"url\":\"https:\/\/www.cartrophen.com\/fr\/for-dog-owners\/tips-for-treatments\/\",\"name\":\"Conseils lors du traitement - Cartrophen Vet\",\"isPartOf\":{\"@id\":\"https:\/\/www.cartrophen.com\/#website\"},\"datePublished\":\"2016-06-17T01:24:28+00:00\",\"dateModified\":\"2016-08-29T15:17:28+00:00\",\"breadcrumb\":{\"@id\":\"https:\/\/www.cartrophen.com\/fr\/for-dog-owners\/tips-for-treatments\/#breadcrumb\"},\"inLanguage\":\"fr-FR\",\"potentialAction\":[{\"@type\":\"ReadAction\",\"target\":[\"https:\/\/www.cartrophen.com\/fr\/for-dog-owners\/tips-for-treatments\/\"]}]},{\"@type\":\"BreadcrumbList\",\"@id\":\"https:\/\/www.cartrophen.com\/fr\/for-dog-owners\/tips-for-treatments\/#breadcrumb\",\"itemListElement\":[{\"@type\":\"ListItem\",\"position\":1,\"name\":\"Home\",\"item\":\"https:\/\/www.cartrophen.com\/\"},{\"@type\":\"ListItem\",\"position\":2,\"name\":\"Pour les propri\u00e9taires de chiens\",\"item\":\"https:\/\/www.cartrophen.com\/fr\/for-dog-owners\/\"},{\"@type\":\"ListItem\",\"position\":3,\"name\":\"Conseils lors du traitement\"}]},{\"@type\":\"WebSite\",\"@id\":\"https:\/\/www.cartrophen.com\/#website\",\"url\":\"https:\/\/www.cartrophen.com\/\",\"name\":\"Cartrophen Vet\",\"description\":\"Healthy joints, happy pets\",\"potentialAction\":[{\"@type\":\"SearchAction\",\"target\":{\"@type\":\"EntryPoint\",\"urlTemplate\":\"https:\/\/www.cartrophen.com\/?s={search_term_string}\"},\"query-input\":{\"@type\":\"PropertyValueSpecification\",\"valueRequired\":true,\"valueName\":\"search_term_string\"}}],\"inLanguage\":\"fr-FR\"}]}<\/script>\n<!-- \/ Yoast SEO plugin. -->","yoast_head_json":{"title":"Conseils lors du traitement - Cartrophen Vet","robots":{"index":"index","follow":"follow","max-snippet":"max-snippet:-1","max-image-preview":"max-image-preview:large","max-video-preview":"max-video-preview:-1"},"canonical":"https:\/\/www.cartrophen.com\/fr\/for-dog-owners\/tips-for-treatments\/","og_locale":"fr_FR","og_type":"article","og_title":"Conseils lors du traitement - Cartrophen Vet","og_description":"Conseils lors du traitement Voici quelques conseils \u00e0 suivre pendant le traitement mais \u00e9galement pour prendre soin de votre chien arthritique\u00a0; il est conseill\u00e9 de\u00a0: laisser votre chien se reposer et ainsi favoriser la progression du processus de gu\u00e9rison et de r\u00e9tablissement lui faire faire des exercices mod\u00e9r\u00e9s pendant le traitement mais \u00e9galement une \u00e0... Read more &raquo;","og_url":"https:\/\/www.cartrophen.com\/fr\/for-dog-owners\/tips-for-treatments\/","og_site_name":"Cartrophen Vet","article_publisher":"https:\/\/www.facebook.com\/cartrophenvet\/","article_modified_time":"2016-08-29T15:17:28+00:00","twitter_card":"summary_large_image","twitter_misc":{"Dur\u00e9e de lecture estim\u00e9e":"2 minutes"},"schema":{"@context":"https:\/\/schema.org","@graph":[{"@type":"WebPage","@id":"https:\/\/www.cartrophen.com\/fr\/for-dog-owners\/tips-for-treatments\/","url":"https:\/\/www.cartrophen.com\/fr\/for-dog-owners\/tips-for-treatments\/","name":"Conseils lors du traitement - Cartrophen Vet","isPartOf":{"@id":"https:\/\/www.cartrophen.com\/#website"},"datePublished":"2016-06-17T01:24:28+00:00","dateModified":"2016-08-29T15:17:28+00:00","breadcrumb":{"@id":"https:\/\/www.cartrophen.com\/fr\/for-dog-owners\/tips-for-treatments\/#breadcrumb"},"inLanguage":"fr-FR","potentialAction":[{"@type":"ReadAction","target":["https:\/\/www.cartrophen.com\/fr\/for-dog-owners\/tips-for-treatments\/"]}]},{"@type":"BreadcrumbList","@id":"https:\/\/www.cartrophen.com\/fr\/for-dog-owners\/tips-for-treatments\/#breadcrumb","itemListElement":[{"@type":"ListItem","position":1,"name":"Home","item":"https:\/\/www.cartrophen.com\/"},{"@type":"ListItem","position":2,"name":"Pour les propri\u00e9taires de chiens","item":"https:\/\/www.cartrophen.com\/fr\/for-dog-owners\/"},{"@type":"ListItem","position":3,"name":"Conseils lors du traitement"}]},{"@type":"WebSite","@id":"https:\/\/www.cartrophen.com\/#website","url":"https:\/\/www.cartrophen.com\/","name":"Cartrophen Vet","description":"Healthy joints, happy pets","potentialAction":[{"@type":"SearchAction","target":{"@type":"EntryPoint","urlTemplate":"https:\/\/www.cartrophen.com\/?s={search_term_string}"},"query-input":{"@type":"PropertyValueSpecification","valueRequired":true,"valueName":"search_term_string"}}],"inLanguage":"fr-FR"}]}},"_links":{"self":[{"href":"https:\/\/www.cartrophen.com\/fr\/wp-json\/wp\/v2\/pages\/25","targetHints":{"allow":["GET"]}}],"collection":[{"href":"https:\/\/www.cartrophen.com\/fr\/wp-json\/wp\/v2\/pages"}],"about":[{"href":"https:\/\/www.cartrophen.com\/fr\/wp-json\/wp\/v2\/types\/page"}],"author":[{"embeddable":true,"href":"https:\/\/www.cartrophen.com\/fr\/wp-json\/wp\/v2\/users\/1"}],"replies":[{"embeddable":true,"href":"https:\/\/www.cartrophen.com\/fr\/wp-json\/wp\/v2\/comments?post=25"}],"version-history":[{"count":7,"href":"https:\/\/www.cartrophen.com\/fr\/wp-json\/wp\/v2\/pages\/25\/revisions"}],"predecessor-version":[{"id":503,"href":"https:\/\/www.cartrophen.com\/fr\/wp-json\/wp\/v2\/pages\/25\/revisions\/503"}],"up":[{"embeddable":true,"href":"https:\/\/www.cartrophen.com\/fr\/wp-json\/wp\/v2\/pages\/17"}],"wp:attachment":[{"href":"https:\/\/www.cartrophen.com\/fr\/wp-json\/wp\/v2\/media?parent=25"}],"curies":[{"name":"wp","href":"https:\/\/api.w.org\/{rel}","templated":true}]}}