{"id":21,"date":"2016-06-17T01:23:53","date_gmt":"2016-06-17T01:23:53","guid":{"rendered":"http:\/\/www.cartrophen.com\/?page_id=21"},"modified":"2016-08-29T09:59:16","modified_gmt":"2016-08-29T09:59:16","slug":"arthritis-checklist","status":"publish","type":"page","link":"https:\/\/www.cartrophen.com\/fr\/for-dog-owners\/arthritis-checklist\/","title":{"rendered":"Liste de contr\u00f4le de l'arthrose"},"content":{"rendered":"<p>Avec 20 % de chiens, soit 1 chien sur 5, souffrant d\u2019arthrose, votre chien pourrait en souffrir sans que vous ne soyez au courant. Ou peut-\u00eatre consid\u00e9rez-vous que c\u2019est un signe naturel d\u2019\u00e2ge avanc\u00e9.\u00a0 Les chiens ne nous disent pas comment ils se sentent, autant que nous souhaiterions qu\u2019ils le fassent, il vous faut donc faire attention aux signes d\u2019arthrose. En g\u00e9n\u00e9ral, l\u2019arthrose se d\u00e9veloppe lentement dans le temps et nous n\u2019avons peut-\u00eatre pas remarqu\u00e9 les changements progressifs et subtils de comportement et de mobilit\u00e9.<\/p>\n<p>La boiterie est souvent un signe classique de l\u2019arthrose mais les questions pratiques ci-dessous pourraient vous aider \u00e0 en d\u00e9tecter les signes. Comment votre chien se sent-il par rapport aux faits suivants\u00a0?<\/p>","protected":false},"excerpt":{"rendered":"<p>Avec 20 % de chiens, soit 1 chien sur 5, souffrant d\u2019arthrose, votre chien pourrait en souffrir sans que vous ne soyez au courant. Ou peut-\u00eatre consid\u00e9rez-vous que c\u2019est un signe naturel d\u2019\u00e2ge avanc\u00e9.\u00a0 Les chiens ne nous disent pas comment ils se sentent, autant que nous souhaiterions qu\u2019ils le fassent, il vous faut donc&#8230;  <a class=\"excerpt-read-more\" href=\"https:\/\/www.cartrophen.com\/fr\/for-dog-owners\/arthritis-checklist\/\" title=\"ReadListe de contr\u00f4le de l'arthrose\">Read more &raquo;<\/a><\/p>\n","protected":false},"author":1,"featured_media":0,"parent":17,"menu_order":0,"comment_status":"closed","ping_status":"closed","template":"page-quizz.php","meta":{"_acf_changed":false,"footnotes":""},"class_list":["post-21","page","type-page","status-publish","hentry"],"acf":[],"yoast_head":"<!-- This site is optimized with the Yoast SEO plugin v26.4 - https:\/\/yoast.com\/wordpress\/plugins\/seo\/ -->\n<title>Liste de contr\u00f4le de l&#039;arthrose - Cartrophen Vet<\/title>\n<meta name=\"robots\" content=\"index, follow, max-snippet:-1, max-image-preview:large, max-video-preview:-1\" \/>\n<link rel=\"canonical\" href=\"http:\/\/www.cartrophen.com\/for-dog-owners\/arthritis-checklist\/\" \/>\n<meta property=\"og:locale\" content=\"fr_FR\" \/>\n<meta property=\"og:type\" content=\"article\" \/>\n<meta property=\"og:title\" content=\"Liste de contr\u00f4le de l&#039;arthrose - Cartrophen Vet\" \/>\n<meta property=\"og:description\" content=\"Avec 20 % de chiens, soit 1 chien sur 5, souffrant d\u2019arthrose, votre chien pourrait en souffrir sans que vous ne soyez au courant. Ou peut-\u00eatre consid\u00e9rez-vous que c\u2019est un signe naturel d\u2019\u00e2ge avanc\u00e9.\u00a0 Les chiens ne nous disent pas comment ils se sentent, autant que nous souhaiterions qu\u2019ils le fassent, il vous faut donc... Read more &raquo;\" \/>\n<meta property=\"og:url\" content=\"http:\/\/www.cartrophen.com\/for-dog-owners\/arthritis-checklist\/\" \/>\n<meta property=\"og:site_name\" content=\"Cartrophen Vet\" \/>\n<meta property=\"article:publisher\" content=\"https:\/\/www.facebook.com\/cartrophenvet\/\" \/>\n<meta property=\"article:modified_time\" content=\"2016-08-29T09:59:16+00:00\" \/>\n<meta name=\"twitter:card\" content=\"summary_large_image\" \/>\n<meta name=\"twitter:label1\" content=\"Dur\u00e9e de lecture estim\u00e9e\" \/>\n\t<meta name=\"twitter:data1\" content=\"1 minute\" \/>\n<script type=\"application\/ld+json\" class=\"yoast-schema-graph\">{\"@context\":\"https:\/\/schema.org\",\"@graph\":[{\"@type\":\"WebPage\",\"@id\":\"http:\/\/www.cartrophen.com\/for-dog-owners\/arthritis-checklist\/\",\"url\":\"http:\/\/www.cartrophen.com\/for-dog-owners\/arthritis-checklist\/\",\"name\":\"Liste de contr\u00f4le de l'arthrose - Cartrophen Vet\",\"isPartOf\":{\"@id\":\"https:\/\/www.cartrophen.com\/#website\"},\"datePublished\":\"2016-06-17T01:23:53+00:00\",\"dateModified\":\"2016-08-29T09:59:16+00:00\",\"breadcrumb\":{\"@id\":\"http:\/\/www.cartrophen.com\/for-dog-owners\/arthritis-checklist\/#breadcrumb\"},\"inLanguage\":\"fr-FR\",\"potentialAction\":[{\"@type\":\"ReadAction\",\"target\":[\"http:\/\/www.cartrophen.com\/for-dog-owners\/arthritis-checklist\/\"]}]},{\"@type\":\"BreadcrumbList\",\"@id\":\"http:\/\/www.cartrophen.com\/for-dog-owners\/arthritis-checklist\/#breadcrumb\",\"itemListElement\":[{\"@type\":\"ListItem\",\"position\":1,\"name\":\"Home\",\"item\":\"https:\/\/www.cartrophen.com\/\"},{\"@type\":\"ListItem\",\"position\":2,\"name\":\"For Dog Owners\",\"item\":\"https:\/\/www.cartrophen.com\/for-dog-owners\/\"},{\"@type\":\"ListItem\",\"position\":3,\"name\":\"Arthritis Checklist\"}]},{\"@type\":\"WebSite\",\"@id\":\"https:\/\/www.cartrophen.com\/#website\",\"url\":\"https:\/\/www.cartrophen.com\/\",\"name\":\"Cartrophen Vet\",\"description\":\"Healthy joints, happy pets\",\"potentialAction\":[{\"@type\":\"SearchAction\",\"target\":{\"@type\":\"EntryPoint\",\"urlTemplate\":\"https:\/\/www.cartrophen.com\/?s={search_term_string}\"},\"query-input\":{\"@type\":\"PropertyValueSpecification\",\"valueRequired\":true,\"valueName\":\"search_term_string\"}}],\"inLanguage\":\"fr-FR\"}]}<\/script>\n<!-- \/ Yoast SEO plugin. -->","yoast_head_json":{"title":"Liste de contr\u00f4le de l'arthrose - Cartrophen Vet","robots":{"index":"index","follow":"follow","max-snippet":"max-snippet:-1","max-image-preview":"max-image-preview:large","max-video-preview":"max-video-preview:-1"},"canonical":"http:\/\/www.cartrophen.com\/for-dog-owners\/arthritis-checklist\/","og_locale":"fr_FR","og_type":"article","og_title":"Liste de contr\u00f4le de l'arthrose - Cartrophen Vet","og_description":"Avec 20 % de chiens, soit 1 chien sur 5, souffrant d\u2019arthrose, votre chien pourrait en souffrir sans que vous ne soyez au courant. Ou peut-\u00eatre consid\u00e9rez-vous que c\u2019est un signe naturel d\u2019\u00e2ge avanc\u00e9.\u00a0 Les chiens ne nous disent pas comment ils se sentent, autant que nous souhaiterions qu\u2019ils le fassent, il vous faut donc... Read more &raquo;","og_url":"http:\/\/www.cartrophen.com\/for-dog-owners\/arthritis-checklist\/","og_site_name":"Cartrophen Vet","article_publisher":"https:\/\/www.facebook.com\/cartrophenvet\/","article_modified_time":"2016-08-29T09:59:16+00:00","twitter_card":"summary_large_image","twitter_misc":{"Dur\u00e9e de lecture estim\u00e9e":"1 minute"},"schema":{"@context":"https:\/\/schema.org","@graph":[{"@type":"WebPage","@id":"http:\/\/www.cartrophen.com\/for-dog-owners\/arthritis-checklist\/","url":"http:\/\/www.cartrophen.com\/for-dog-owners\/arthritis-checklist\/","name":"Liste de contr\u00f4le de l'arthrose - Cartrophen Vet","isPartOf":{"@id":"https:\/\/www.cartrophen.com\/#website"},"datePublished":"2016-06-17T01:23:53+00:00","dateModified":"2016-08-29T09:59:16+00:00","breadcrumb":{"@id":"http:\/\/www.cartrophen.com\/for-dog-owners\/arthritis-checklist\/#breadcrumb"},"inLanguage":"fr-FR","potentialAction":[{"@type":"ReadAction","target":["http:\/\/www.cartrophen.com\/for-dog-owners\/arthritis-checklist\/"]}]},{"@type":"BreadcrumbList","@id":"http:\/\/www.cartrophen.com\/for-dog-owners\/arthritis-checklist\/#breadcrumb","itemListElement":[{"@type":"ListItem","position":1,"name":"Home","item":"https:\/\/www.cartrophen.com\/"},{"@type":"ListItem","position":2,"name":"For Dog Owners","item":"https:\/\/www.cartrophen.com\/for-dog-owners\/"},{"@type":"ListItem","position":3,"name":"Arthritis Checklist"}]},{"@type":"WebSite","@id":"https:\/\/www.cartrophen.com\/#website","url":"https:\/\/www.cartrophen.com\/","name":"Cartrophen Vet","description":"Healthy joints, happy pets","potentialAction":[{"@type":"SearchAction","target":{"@type":"EntryPoint","urlTemplate":"https:\/\/www.cartrophen.com\/?s={search_term_string}"},"query-input":{"@type":"PropertyValueSpecification","valueRequired":true,"valueName":"search_term_string"}}],"inLanguage":"fr-FR"}]}},"_links":{"self":[{"href":"https:\/\/www.cartrophen.com\/fr\/wp-json\/wp\/v2\/pages\/21","targetHints":{"allow":["GET"]}}],"collection":[{"href":"https:\/\/www.cartrophen.com\/fr\/wp-json\/wp\/v2\/pages"}],"about":[{"href":"https:\/\/www.cartrophen.com\/fr\/wp-json\/wp\/v2\/types\/page"}],"author":[{"embeddable":true,"href":"https:\/\/www.cartrophen.com\/fr\/wp-json\/wp\/v2\/users\/1"}],"replies":[{"embeddable":true,"href":"https:\/\/www.cartrophen.com\/fr\/wp-json\/wp\/v2\/comments?post=21"}],"version-history":[{"count":11,"href":"https:\/\/www.cartrophen.com\/fr\/wp-json\/wp\/v2\/pages\/21\/revisions"}],"predecessor-version":[{"id":499,"href":"https:\/\/www.cartrophen.com\/fr\/wp-json\/wp\/v2\/pages\/21\/revisions\/499"}],"up":[{"embeddable":true,"href":"https:\/\/www.cartrophen.com\/fr\/wp-json\/wp\/v2\/pages\/17"}],"wp:attachment":[{"href":"https:\/\/www.cartrophen.com\/fr\/wp-json\/wp\/v2\/media?parent=21"}],"curies":[{"name":"wp","href":"https:\/\/api.w.org\/{rel}","templated":true}]}}