{"id":19,"date":"2016-06-17T01:23:36","date_gmt":"2016-06-17T01:23:36","guid":{"rendered":"http:\/\/www.cartrophen.com\/?page_id=19"},"modified":"2016-08-30T06:05:59","modified_gmt":"2016-08-30T06:05:59","slug":"what-is-arthritis","status":"publish","type":"page","link":"https:\/\/www.cartrophen.com\/fr\/for-dog-owners\/what-is-arthritis\/","title":{"rendered":"Qu\u2019est ce que l\u2019arthrose?"},"content":{"rendered":"<p><\/p>\n<h2>Arthrose<\/h2>\n<p>Le mot arthrose est un terme g\u00e9n\u00e9rique qui englobe diff\u00e9rents types de conditions de l\u2019articulation. L\u2019ost\u00e9oarthrose (OA) est la plus fr\u00e9quente forme d\u2019arthrose\u00a0; elle est pr\u00e9sente chez 20 % des chiens, soit 1 chien sur 5, \u00e2g\u00e9s de plus d\u2019un an. Quand on emploie le terme d\u2019arthrose, on fait g\u00e9n\u00e9ralement r\u00e9f\u00e9rence \u00e0 l\u2019OA, aussi connu comme maladie d\u00e9g\u00e9n\u00e9rative articulaire.<\/p>\n<p>L\u2019arthrose est un trouble lent et progressif d\u2019une ou plusieurs articulations. Elle implique la d\u00e9t\u00e9rioration des processus normaux chimique et physique.<\/p>\n<p>Les processus affect\u00e9s par l\u2019arthrose comprennent\u00a0:<\/p>\n<p><strong>La circulation sanguine<\/strong> \u2013\u00a0L\u2019obstruction des vaisseaux sanguins emp\u00eache la bonne nutrition de l\u2019articulation<\/p>\n<p><strong>Le fluide articulaire<\/strong> \u2013 Le lubrifiant naturel du corps est de mauvaise qualit\u00e9<\/p>\n<p><strong>Le cartilage articulaire<\/strong> \u2013 L\u2019absorbeur de chocs naturel du corps se d\u00e9t\u00e9riore<\/p>\n<p><strong>La r\u00e9action immunitaire<\/strong> \u2013 Le corps r\u00e9agit \u00e0 des processus anormaux comme \u00e0 l\u2019inflammation articulaire<\/p>\n<p>&nbsp;<\/p>\n<p>L\u2019arthrose conduit \u00e0 des douleurs, boiterie, inflammation articulaire et r\u00e9duction de mobilit\u00e9, entra\u00eenant une r\u00e9duction de qualit\u00e9 de vie.<\/p>\n<p>Le diagramme ci-dessous montre une comparaison entre une articulation normale et une articulation affect\u00e9e par l\u2019arthrose.<\/p>","protected":false},"excerpt":{"rendered":"<p>Arthrose Le mot arthrose est un terme g\u00e9n\u00e9rique qui englobe diff\u00e9rents types de conditions de l\u2019articulation. L\u2019ost\u00e9oarthrose (OA) est la plus fr\u00e9quente forme d\u2019arthrose\u00a0; elle est pr\u00e9sente chez 20 % des chiens, soit 1 chien sur 5, \u00e2g\u00e9s de plus d\u2019un an. Quand on emploie le terme d\u2019arthrose, on fait g\u00e9n\u00e9ralement r\u00e9f\u00e9rence \u00e0 l\u2019OA, aussi&#8230;  <a class=\"excerpt-read-more\" href=\"https:\/\/www.cartrophen.com\/fr\/for-dog-owners\/what-is-arthritis\/\" title=\"ReadQu\u2019est ce que l\u2019arthrose?\">Read more &raquo;<\/a><\/p>\n","protected":false},"author":1,"featured_media":0,"parent":17,"menu_order":0,"comment_status":"closed","ping_status":"closed","template":"","meta":{"_acf_changed":false,"footnotes":""},"class_list":["post-19","page","type-page","status-publish","hentry"],"acf":[],"yoast_head":"<!-- This site is optimized with the Yoast SEO plugin v26.4 - https:\/\/yoast.com\/wordpress\/plugins\/seo\/ -->\n<title>Qu\u2019est ce que l\u2019arthrose? - Cartrophen Vet<\/title>\n<meta name=\"robots\" content=\"index, follow, max-snippet:-1, max-image-preview:large, max-video-preview:-1\" \/>\n<link rel=\"canonical\" href=\"https:\/\/www.cartrophen.com\/fr\/for-dog-owners\/what-is-arthritis\/\" \/>\n<meta property=\"og:locale\" content=\"fr_FR\" \/>\n<meta property=\"og:type\" content=\"article\" \/>\n<meta property=\"og:title\" content=\"Qu\u2019est ce que l\u2019arthrose? - Cartrophen Vet\" \/>\n<meta property=\"og:description\" content=\"Arthrose Le mot arthrose est un terme g\u00e9n\u00e9rique qui englobe diff\u00e9rents types de conditions de l\u2019articulation. L\u2019ost\u00e9oarthrose (OA) est la plus fr\u00e9quente forme d\u2019arthrose\u00a0; elle est pr\u00e9sente chez 20 % des chiens, soit 1 chien sur 5, \u00e2g\u00e9s de plus d\u2019un an. Quand on emploie le terme d\u2019arthrose, on fait g\u00e9n\u00e9ralement r\u00e9f\u00e9rence \u00e0 l\u2019OA, aussi... Read more &raquo;\" \/>\n<meta property=\"og:url\" content=\"https:\/\/www.cartrophen.com\/fr\/for-dog-owners\/what-is-arthritis\/\" \/>\n<meta property=\"og:site_name\" content=\"Cartrophen Vet\" \/>\n<meta property=\"article:publisher\" content=\"https:\/\/www.facebook.com\/cartrophenvet\/\" \/>\n<meta property=\"article:modified_time\" content=\"2016-08-30T06:05:59+00:00\" \/>\n<meta name=\"twitter:card\" content=\"summary_large_image\" \/>\n<meta name=\"twitter:label1\" content=\"Dur\u00e9e de lecture estim\u00e9e\" \/>\n\t<meta name=\"twitter:data1\" content=\"2 minutes\" \/>\n<script type=\"application\/ld+json\" class=\"yoast-schema-graph\">{\"@context\":\"https:\/\/schema.org\",\"@graph\":[{\"@type\":\"WebPage\",\"@id\":\"https:\/\/www.cartrophen.com\/fr\/for-dog-owners\/what-is-arthritis\/\",\"url\":\"https:\/\/www.cartrophen.com\/fr\/for-dog-owners\/what-is-arthritis\/\",\"name\":\"Qu\u2019est ce que l\u2019arthrose? - Cartrophen Vet\",\"isPartOf\":{\"@id\":\"https:\/\/www.cartrophen.com\/#website\"},\"datePublished\":\"2016-06-17T01:23:36+00:00\",\"dateModified\":\"2016-08-30T06:05:59+00:00\",\"breadcrumb\":{\"@id\":\"https:\/\/www.cartrophen.com\/fr\/for-dog-owners\/what-is-arthritis\/#breadcrumb\"},\"inLanguage\":\"fr-FR\",\"potentialAction\":[{\"@type\":\"ReadAction\",\"target\":[\"https:\/\/www.cartrophen.com\/fr\/for-dog-owners\/what-is-arthritis\/\"]}]},{\"@type\":\"BreadcrumbList\",\"@id\":\"https:\/\/www.cartrophen.com\/fr\/for-dog-owners\/what-is-arthritis\/#breadcrumb\",\"itemListElement\":[{\"@type\":\"ListItem\",\"position\":1,\"name\":\"Home\",\"item\":\"https:\/\/www.cartrophen.com\/\"},{\"@type\":\"ListItem\",\"position\":2,\"name\":\"For Dog Owners\",\"item\":\"https:\/\/www.cartrophen.com\/for-dog-owners\/\"},{\"@type\":\"ListItem\",\"position\":3,\"name\":\"Qu\u2019est ce que l\u2019arthrose?\"}]},{\"@type\":\"WebSite\",\"@id\":\"https:\/\/www.cartrophen.com\/#website\",\"url\":\"https:\/\/www.cartrophen.com\/\",\"name\":\"Cartrophen Vet\",\"description\":\"Healthy joints, happy pets\",\"potentialAction\":[{\"@type\":\"SearchAction\",\"target\":{\"@type\":\"EntryPoint\",\"urlTemplate\":\"https:\/\/www.cartrophen.com\/?s={search_term_string}\"},\"query-input\":{\"@type\":\"PropertyValueSpecification\",\"valueRequired\":true,\"valueName\":\"search_term_string\"}}],\"inLanguage\":\"fr-FR\"}]}<\/script>\n<!-- \/ Yoast SEO plugin. -->","yoast_head_json":{"title":"Qu\u2019est ce que l\u2019arthrose? - Cartrophen Vet","robots":{"index":"index","follow":"follow","max-snippet":"max-snippet:-1","max-image-preview":"max-image-preview:large","max-video-preview":"max-video-preview:-1"},"canonical":"https:\/\/www.cartrophen.com\/fr\/for-dog-owners\/what-is-arthritis\/","og_locale":"fr_FR","og_type":"article","og_title":"Qu\u2019est ce que l\u2019arthrose? - Cartrophen Vet","og_description":"Arthrose Le mot arthrose est un terme g\u00e9n\u00e9rique qui englobe diff\u00e9rents types de conditions de l\u2019articulation. L\u2019ost\u00e9oarthrose (OA) est la plus fr\u00e9quente forme d\u2019arthrose\u00a0; elle est pr\u00e9sente chez 20 % des chiens, soit 1 chien sur 5, \u00e2g\u00e9s de plus d\u2019un an. Quand on emploie le terme d\u2019arthrose, on fait g\u00e9n\u00e9ralement r\u00e9f\u00e9rence \u00e0 l\u2019OA, aussi... Read more &raquo;","og_url":"https:\/\/www.cartrophen.com\/fr\/for-dog-owners\/what-is-arthritis\/","og_site_name":"Cartrophen Vet","article_publisher":"https:\/\/www.facebook.com\/cartrophenvet\/","article_modified_time":"2016-08-30T06:05:59+00:00","twitter_card":"summary_large_image","twitter_misc":{"Dur\u00e9e de lecture estim\u00e9e":"2 minutes"},"schema":{"@context":"https:\/\/schema.org","@graph":[{"@type":"WebPage","@id":"https:\/\/www.cartrophen.com\/fr\/for-dog-owners\/what-is-arthritis\/","url":"https:\/\/www.cartrophen.com\/fr\/for-dog-owners\/what-is-arthritis\/","name":"Qu\u2019est ce que l\u2019arthrose? - Cartrophen Vet","isPartOf":{"@id":"https:\/\/www.cartrophen.com\/#website"},"datePublished":"2016-06-17T01:23:36+00:00","dateModified":"2016-08-30T06:05:59+00:00","breadcrumb":{"@id":"https:\/\/www.cartrophen.com\/fr\/for-dog-owners\/what-is-arthritis\/#breadcrumb"},"inLanguage":"fr-FR","potentialAction":[{"@type":"ReadAction","target":["https:\/\/www.cartrophen.com\/fr\/for-dog-owners\/what-is-arthritis\/"]}]},{"@type":"BreadcrumbList","@id":"https:\/\/www.cartrophen.com\/fr\/for-dog-owners\/what-is-arthritis\/#breadcrumb","itemListElement":[{"@type":"ListItem","position":1,"name":"Home","item":"https:\/\/www.cartrophen.com\/"},{"@type":"ListItem","position":2,"name":"For Dog Owners","item":"https:\/\/www.cartrophen.com\/for-dog-owners\/"},{"@type":"ListItem","position":3,"name":"Qu\u2019est ce que l\u2019arthrose?"}]},{"@type":"WebSite","@id":"https:\/\/www.cartrophen.com\/#website","url":"https:\/\/www.cartrophen.com\/","name":"Cartrophen Vet","description":"Healthy joints, happy pets","potentialAction":[{"@type":"SearchAction","target":{"@type":"EntryPoint","urlTemplate":"https:\/\/www.cartrophen.com\/?s={search_term_string}"},"query-input":{"@type":"PropertyValueSpecification","valueRequired":true,"valueName":"search_term_string"}}],"inLanguage":"fr-FR"}]}},"_links":{"self":[{"href":"https:\/\/www.cartrophen.com\/fr\/wp-json\/wp\/v2\/pages\/19","targetHints":{"allow":["GET"]}}],"collection":[{"href":"https:\/\/www.cartrophen.com\/fr\/wp-json\/wp\/v2\/pages"}],"about":[{"href":"https:\/\/www.cartrophen.com\/fr\/wp-json\/wp\/v2\/types\/page"}],"author":[{"embeddable":true,"href":"https:\/\/www.cartrophen.com\/fr\/wp-json\/wp\/v2\/users\/1"}],"replies":[{"embeddable":true,"href":"https:\/\/www.cartrophen.com\/fr\/wp-json\/wp\/v2\/comments?post=19"}],"version-history":[{"count":16,"href":"https:\/\/www.cartrophen.com\/fr\/wp-json\/wp\/v2\/pages\/19\/revisions"}],"predecessor-version":[{"id":511,"href":"https:\/\/www.cartrophen.com\/fr\/wp-json\/wp\/v2\/pages\/19\/revisions\/511"}],"up":[{"embeddable":true,"href":"https:\/\/www.cartrophen.com\/fr\/wp-json\/wp\/v2\/pages\/17"}],"wp:attachment":[{"href":"https:\/\/www.cartrophen.com\/fr\/wp-json\/wp\/v2\/media?parent=19"}],"curies":[{"name":"wp","href":"https:\/\/api.w.org\/{rel}","templated":true}]}}