{"id":15,"date":"2016-06-17T01:22:42","date_gmt":"2016-06-17T01:22:42","guid":{"rendered":"http:\/\/www.cartrophen.com\/?page_id=15"},"modified":"2016-09-13T08:09:50","modified_gmt":"2016-09-13T08:09:50","slug":"downloads","status":"publish","type":"page","link":"https:\/\/www.cartrophen.com\/fr\/about-us\/downloads\/","title":{"rendered":"T\u00e9l\u00e9charger"},"content":{"rendered":"<p>Vous trouverez ici des informations relatives \u00e0 Arthrose ainsi que nos produits<\/p>\n<p>&nbsp;<\/p>\n<p><strong style=\"line-height: 1.5;\">What is\u00a0Osteoarthritis<\/strong><\/p>\n<p><a href=\"http:\/\/www.cartrophen.com\/wp-content\/uploads\/2016\/07\/What_is_Osteoarthritis-cartrophen-vet.pdf\" target=\"_blank\">Download PDF (577KB)<\/a><\/p>\n<p><strong>General information on Cartrophen Vet<br \/>\n<\/strong><a href=\"http:\/\/www.cartrophen.com\/wp-content\/uploads\/2016\/07\/General_information_on_Cartrophen_Vet.pdf\" target=\"_blank\">Download PDF (2.7MB)<\/a><\/p>\n<p><strong>Cartrophen Vet brochure (16 pages)<br \/>\n<\/strong><a href=\"http:\/\/www.cartrophen.com\/wp-content\/uploads\/2016\/07\/Cartrophen_Vet_brochure_16-pages.pdf\" target=\"_blank\">Download PDF (2MB)<\/a><\/p>\n<p><strong>Cartrophen Equine Forte\u00a0brochure (16 pages)<br \/>\n<\/strong><a href=\"http:\/\/www.cartrophen.com\/wp-content\/uploads\/2016\/07\/Cartrophen_Equine_Forte_brochure-_16-pages.pdf\" target=\"_blank\">Download PDF (2MB)<\/a><\/p>\n<p>&nbsp;<\/p>\n<p>&nbsp;<\/p>","protected":false},"excerpt":{"rendered":"<p>Vous trouverez ici des informations relatives \u00e0 Arthrose ainsi que nos produits &nbsp; What is\u00a0Osteoarthritis Download PDF (577KB) General information on Cartrophen Vet Download PDF (2.7MB) Cartrophen Vet brochure (16 pages) Download PDF (2MB) Cartrophen Equine Forte\u00a0brochure (16 pages) Download PDF (2MB) &nbsp; &nbsp;<\/p>\n","protected":false},"author":1,"featured_media":0,"parent":7,"menu_order":5,"comment_status":"closed","ping_status":"closed","template":"","meta":{"_acf_changed":false,"footnotes":""},"class_list":["post-15","page","type-page","status-publish","hentry"],"acf":[],"yoast_head":"<!-- This site is optimized with the Yoast SEO plugin v26.4 - https:\/\/yoast.com\/wordpress\/plugins\/seo\/ -->\n<title>T\u00e9l\u00e9charger - Cartrophen Vet<\/title>\n<meta name=\"robots\" content=\"index, follow, max-snippet:-1, max-image-preview:large, max-video-preview:-1\" \/>\n<link rel=\"canonical\" href=\"https:\/\/www.cartrophen.com\/about-us\/downloads\/\" \/>\n<meta property=\"og:locale\" content=\"fr_FR\" \/>\n<meta property=\"og:type\" content=\"article\" \/>\n<meta property=\"og:title\" content=\"T\u00e9l\u00e9charger - Cartrophen Vet\" \/>\n<meta property=\"og:description\" content=\"Vous trouverez ici des informations relatives \u00e0 Arthrose ainsi que nos produits &nbsp; What is\u00a0Osteoarthritis Download PDF (577KB) General information on Cartrophen Vet Download PDF (2.7MB) Cartrophen Vet brochure (16 pages) Download PDF (2MB) Cartrophen Equine Forte\u00a0brochure (16 pages) Download PDF (2MB) &nbsp; &nbsp;\" \/>\n<meta property=\"og:url\" content=\"https:\/\/www.cartrophen.com\/about-us\/downloads\/\" \/>\n<meta property=\"og:site_name\" content=\"Cartrophen Vet\" \/>\n<meta property=\"article:publisher\" content=\"https:\/\/www.facebook.com\/cartrophenvet\/\" \/>\n<meta property=\"article:modified_time\" content=\"2016-09-13T08:09:50+00:00\" \/>\n<meta name=\"twitter:card\" content=\"summary_large_image\" \/>\n<script type=\"application\/ld+json\" class=\"yoast-schema-graph\">{\"@context\":\"https:\/\/schema.org\",\"@graph\":[{\"@type\":\"WebPage\",\"@id\":\"https:\/\/www.cartrophen.com\/about-us\/downloads\/\",\"url\":\"https:\/\/www.cartrophen.com\/about-us\/downloads\/\",\"name\":\"T\u00e9l\u00e9charger - Cartrophen Vet\",\"isPartOf\":{\"@id\":\"https:\/\/www.cartrophen.com\/#website\"},\"datePublished\":\"2016-06-17T01:22:42+00:00\",\"dateModified\":\"2016-09-13T08:09:50+00:00\",\"breadcrumb\":{\"@id\":\"https:\/\/www.cartrophen.com\/about-us\/downloads\/#breadcrumb\"},\"inLanguage\":\"fr-FR\",\"potentialAction\":[{\"@type\":\"ReadAction\",\"target\":[\"https:\/\/www.cartrophen.com\/about-us\/downloads\/\"]}]},{\"@type\":\"BreadcrumbList\",\"@id\":\"https:\/\/www.cartrophen.com\/about-us\/downloads\/#breadcrumb\",\"itemListElement\":[{\"@type\":\"ListItem\",\"position\":1,\"name\":\"Home\",\"item\":\"https:\/\/www.cartrophen.com\/\"},{\"@type\":\"ListItem\",\"position\":2,\"name\":\"About us\",\"item\":\"https:\/\/www.cartrophen.com\/about-us\/\"},{\"@type\":\"ListItem\",\"position\":3,\"name\":\"Downloads\"}]},{\"@type\":\"WebSite\",\"@id\":\"https:\/\/www.cartrophen.com\/#website\",\"url\":\"https:\/\/www.cartrophen.com\/\",\"name\":\"Cartrophen Vet\",\"description\":\"Healthy joints, happy pets\",\"potentialAction\":[{\"@type\":\"SearchAction\",\"target\":{\"@type\":\"EntryPoint\",\"urlTemplate\":\"https:\/\/www.cartrophen.com\/?s={search_term_string}\"},\"query-input\":{\"@type\":\"PropertyValueSpecification\",\"valueRequired\":true,\"valueName\":\"search_term_string\"}}],\"inLanguage\":\"fr-FR\"}]}<\/script>\n<!-- \/ Yoast SEO plugin. -->","yoast_head_json":{"title":"T\u00e9l\u00e9charger - Cartrophen Vet","robots":{"index":"index","follow":"follow","max-snippet":"max-snippet:-1","max-image-preview":"max-image-preview:large","max-video-preview":"max-video-preview:-1"},"canonical":"https:\/\/www.cartrophen.com\/about-us\/downloads\/","og_locale":"fr_FR","og_type":"article","og_title":"T\u00e9l\u00e9charger - Cartrophen Vet","og_description":"Vous trouverez ici des informations relatives \u00e0 Arthrose ainsi que nos produits &nbsp; What is\u00a0Osteoarthritis Download PDF (577KB) General information on Cartrophen Vet Download PDF (2.7MB) Cartrophen Vet brochure (16 pages) Download PDF (2MB) Cartrophen Equine Forte\u00a0brochure (16 pages) Download PDF (2MB) &nbsp; &nbsp;","og_url":"https:\/\/www.cartrophen.com\/about-us\/downloads\/","og_site_name":"Cartrophen Vet","article_publisher":"https:\/\/www.facebook.com\/cartrophenvet\/","article_modified_time":"2016-09-13T08:09:50+00:00","twitter_card":"summary_large_image","schema":{"@context":"https:\/\/schema.org","@graph":[{"@type":"WebPage","@id":"https:\/\/www.cartrophen.com\/about-us\/downloads\/","url":"https:\/\/www.cartrophen.com\/about-us\/downloads\/","name":"T\u00e9l\u00e9charger - Cartrophen Vet","isPartOf":{"@id":"https:\/\/www.cartrophen.com\/#website"},"datePublished":"2016-06-17T01:22:42+00:00","dateModified":"2016-09-13T08:09:50+00:00","breadcrumb":{"@id":"https:\/\/www.cartrophen.com\/about-us\/downloads\/#breadcrumb"},"inLanguage":"fr-FR","potentialAction":[{"@type":"ReadAction","target":["https:\/\/www.cartrophen.com\/about-us\/downloads\/"]}]},{"@type":"BreadcrumbList","@id":"https:\/\/www.cartrophen.com\/about-us\/downloads\/#breadcrumb","itemListElement":[{"@type":"ListItem","position":1,"name":"Home","item":"https:\/\/www.cartrophen.com\/"},{"@type":"ListItem","position":2,"name":"About us","item":"https:\/\/www.cartrophen.com\/about-us\/"},{"@type":"ListItem","position":3,"name":"Downloads"}]},{"@type":"WebSite","@id":"https:\/\/www.cartrophen.com\/#website","url":"https:\/\/www.cartrophen.com\/","name":"Cartrophen Vet","description":"Healthy joints, happy pets","potentialAction":[{"@type":"SearchAction","target":{"@type":"EntryPoint","urlTemplate":"https:\/\/www.cartrophen.com\/?s={search_term_string}"},"query-input":{"@type":"PropertyValueSpecification","valueRequired":true,"valueName":"search_term_string"}}],"inLanguage":"fr-FR"}]}},"_links":{"self":[{"href":"https:\/\/www.cartrophen.com\/fr\/wp-json\/wp\/v2\/pages\/15","targetHints":{"allow":["GET"]}}],"collection":[{"href":"https:\/\/www.cartrophen.com\/fr\/wp-json\/wp\/v2\/pages"}],"about":[{"href":"https:\/\/www.cartrophen.com\/fr\/wp-json\/wp\/v2\/types\/page"}],"author":[{"embeddable":true,"href":"https:\/\/www.cartrophen.com\/fr\/wp-json\/wp\/v2\/users\/1"}],"replies":[{"embeddable":true,"href":"https:\/\/www.cartrophen.com\/fr\/wp-json\/wp\/v2\/comments?post=15"}],"version-history":[{"count":12,"href":"https:\/\/www.cartrophen.com\/fr\/wp-json\/wp\/v2\/pages\/15\/revisions"}],"predecessor-version":[{"id":545,"href":"https:\/\/www.cartrophen.com\/fr\/wp-json\/wp\/v2\/pages\/15\/revisions\/545"}],"up":[{"embeddable":true,"href":"https:\/\/www.cartrophen.com\/fr\/wp-json\/wp\/v2\/pages\/7"}],"wp:attachment":[{"href":"https:\/\/www.cartrophen.com\/fr\/wp-json\/wp\/v2\/media?parent=15"}],"curies":[{"name":"wp","href":"https:\/\/api.w.org\/{rel}","templated":true}]}}