{"id":142,"date":"2016-07-05T13:42:28","date_gmt":"2016-07-05T13:42:28","guid":{"rendered":"http:\/\/www.cartrophen.com\/?page_id=142"},"modified":"2016-08-30T15:20:15","modified_gmt":"2016-08-30T15:20:15","slug":"safety-and-efficacy","status":"publish","type":"page","link":"https:\/\/www.cartrophen.com\/fr\/for-vets\/safety-and-efficacy\/","title":{"rendered":"S\u00e9curit\u00e9 et Efficacit\u00e9"},"content":{"rendered":"<p><\/p>\n<h2>S\u00e9curit\u00e9<\/h2>\n<p><strong>Anarthron est-il s\u00fbr\u00a0? <\/strong><\/p>\n<p>Anarthron est utilis\u00e9 sur les chiens, en toute s\u00e9curit\u00e9, depuis plus de 20 ans. Anarthron a une faible incidence d\u2019effets secondaires qui sont mod\u00e9r\u00e9s et transitoires. Bas\u00e9 sur l\u2019historique commercial, le nombre de r\u00e9actions n\u00e9gatives not\u00e9 sur la base d\u2019un traitement (pour 4 injections hebdomadaires) \u00e9tait de 0,058 % (Hannon et al, 2003).<\/p>\n<p>Sur le total des cas rapport\u00e9s, 50,9 % \u00e9taient peut-\u00eatre ou probablement li\u00e9s \u00e0 l\u2019administration\u00a0 d\u2019Anarthron. Ainsi, le nombre de r\u00e9actions n\u00e9gatives signal\u00e9 \u00e9tant peut-\u00eatre ou probablement li\u00e9s au traitement Anarthron \u00e9taient de 0,0296 % soit une r\u00e9action n\u00e9gative rapport\u00e9e pour 3300 traitements administr\u00e9s (4 injections hebdomadaires).<\/p>\n<p>Bas\u00e9 sur les rapports de \u00ab\u00a0Hannon RL, et al\u00a0\u00bb (2003) et sur les informations du \u00ab\u00a0UK Veterinary Medicines Directorate\u00a0\u00bb, on estime que l\u2019on a 10 % de r\u00e9actions n\u00e9gatives, concernant tous les produits dont Anarthron. Ainsi, pour un pourcentage estim\u00e9 de r\u00e9actions n\u00e9gatives concernant un produit v\u00e9t\u00e9rinaire pharmaceutique, \u00a0le taux brut de r\u00e9actions n\u00e9gatives doit \u00eatre multipli\u00e9 par 10.<\/p>\n<p>&nbsp;<\/p>\n<p><strong>Existe t-il des effets secondaires\u00a0?<\/strong><\/p>\n<p>Dans de tr\u00e8s rares cas, 5-15 minutes apr\u00e8s la premi\u00e8re injection, un chien pourrait vomir ou \u00eatre un peu plus calme que d\u2019habitude pendant 24 ou peut-\u00eatre 48 heures. Ces effets temporaires sont rares et ne sont observ\u00e9s que chez quelques chiens. Globalement, la s\u00e9curit\u00e9 d\u2019Anarthron est bien respect\u00e9e et comprise apr\u00e8s 20 ans d\u2019utilisation sur les chiens.<\/p>\n<p>Anarthron a un effet temporaire sur la coagulation sanguine. Des investigations men\u00e9es sur les param\u00e8tres de coagulation sanguine chez le chien, temps de thromboplastine partielle activ\u00e9e (TCA) et temps de prothrombine (TP) suivant une s\u00e9rie de 12 administrations sous-cutan\u00e9es de 3\u00a0mg\/kg d\u2019 ANARTHRON\u00ae espac\u00e9es d\u2019une semaine, ont mis en \u00e9vidence une augmentation du TCA dans les deux heures qui ont suivi l\u2019administration mais un retour \u00e0 une valeur proche de la normale \u00e0 8 heures alors que la valeur du TP reste dans les normes.<\/p>\n<p>&nbsp;<\/p>\n<p>Aucune r\u00e9action d\u2019intol\u00e9rance locale en relation avec la substance (ex. h\u00e9matome) ou de mise en \u00e9vidence de saignements syst\u00e9miques (ex. ecchymoses ou saignement gastro-intestinal) n\u2019a \u00e9t\u00e9 observ\u00e9e, m\u00eame \u00e0 des doses allant jusqu\u2019\u00e0 30 mg\/kg inclus, ceci administr\u00e9 pendant douze semaines (10 fois la dose recommand\u00e9e et 3 fois la dur\u00e9e normale de traitement). Avec le profil pharmacologique de ce m\u00e9dicament, des saignements ne seraient pas \u00e0 pr\u00e9voir chez un animal avec une h\u00e9mostase normale et ANARTHRON\u00ae pr\u00e9sente un faible risque malgr\u00e9 des effets temporaires sur certains param\u00e8tres de la coagulation (Donn\u00e9es internes, Biopharm Australia Pty Ltd).<\/p>\n<p>Suite \u00e0 l\u2019administration d\u2019un bolus intraveineux de polysulfate de pentosane dans un mod\u00e8le de saignement \u00e0 l\u2019oreille du lapin, un effet h\u00e9morragique minimal mais important a \u00e9t\u00e9 observ\u00e9 \u00e0 trois fois la dose recommand\u00e9e d\u2019ANARTHRON\u00ae. Chez l\u2019Homme et chez les animaux de laboratoire, le polysulfate de pentosane pr\u00e9sente une activit\u00e9 anticoagulante mod\u00e9r\u00e9e, qui se situe entre un sixi\u00e8me et un dixi\u00e8me de celle de l\u2019h\u00e9parine. Cependant le polysulfate de pentosane est un puissant activateur du syst\u00e8me fibrinolytique dans la mesure o\u00f9 il stimule la lib\u00e9ration par l\u2019endoth\u00e9lium de l\u2019activateur du plasminog\u00e8ne tissulaire. Il en d\u00e9coule que l\u2019activit\u00e9 finale du polysulfate de pentosane est la dissolution des embolies thrombotiques dans les vaisseaux sanguins sans effet anticoagulant marqu\u00e9. Ainsi, contrairement \u00e0 l\u2019h\u00e9parine, le polysulfate de pentosane n\u2019engendre pas d\u2019alt\u00e9ration globale du syst\u00e8me de la coagulation sanguine (Maffrand et al, 1991)<\/p>\n<h2>Efficacit\u00e9<\/h2>\n<p><strong>Quelle est l\u2019efficacit\u00e9 d\u2019Anarthron\u00a0?<\/strong><\/p>\n<p>Anarthron est soumis \u00e0 de stricts examens de s\u00e9curit\u00e9 et d\u2019efficacit\u00e9 men\u00e9s par les autorit\u00e9s r\u00e9glementaires de chaque pays o\u00f9 il est vendu. Depuis Mars 2011, Anarthron est enregistr\u00e9 dans 18 pays incluant le Royaume-Uni*, Canada*, Japon*, France, Allemagne*, Pologne*, Danemark*, Irlande*, Finlande*, Pays-Bas, Belgique, Autriche, Norv\u00e8ge*, Islande*, Su\u00e8de*, Emirats Arabes Unis*, Nouvelle-Z\u00e9lande* et Australie*.<\/p>\n<p>(* Anarthron est enregistr\u00e9 sous Cartrophen Vet dans ces pays).<\/p>\n<p>Lors des \u00e9tudes cliniques, Anarthron s\u2019est montr\u00e9 \u00eatre efficace dans 80 % des cas. Lors d\u2019une \u00e9tude clinique r\u00e9cente faite au Japon, selon les impressions des v\u00e9t\u00e9rinaires, 96 % des cas se seraient am\u00e9lior\u00e9s avec Anarthron (Donn\u00e9es internes, Biopharm Australie Pty Ltd).<\/p>\n<p>Anarthron s\u2019est montr\u00e9 \u00eatre un traitement efficace de l\u2019arthrose depuis plus de 20 ans d\u2019usage commercial et des millions de doses administr\u00e9es.<\/p>\n<p>&nbsp;<\/p>\n<p><strong>A quelle vitesse Anarthron fonctionne-t-il\u00a0? <\/strong><\/p>\n<p>Lors d\u2019une \u00e9tude comparative entre Anarthron et l\u2019anti-inflammatoire non-st\u00e9ro\u00efdien Carprof\u00e8ne, Anarthron fait appara\u00eetre des effets puissants sur la douleur et la boiterie qui sont \u00e9gaux ou sup\u00e9rieurs \u00e0 ceux du Carprof\u00e8ne. C\u2019est la premi\u00e8re fois qu\u2019il est prouv\u00e9 qu\u2019un m\u00e9dicament modifiant la maladie arthrosique (MMMA), offre un soulagement important de la douleur comparable \u00e0 celui procur\u00e9 par les AINS. L\u2019am\u00e9lioration apport\u00e9e par Anarthron se met en place plus lentement mais persiste plus longtemps apr\u00e8s les quatre semaines de traitement recommand\u00e9es.<\/p>","protected":false},"excerpt":{"rendered":"<p>S\u00e9curit\u00e9 Anarthron est-il s\u00fbr\u00a0? Anarthron est utilis\u00e9 sur les chiens, en toute s\u00e9curit\u00e9, depuis plus de 20 ans. Anarthron a une faible incidence d\u2019effets secondaires qui sont mod\u00e9r\u00e9s et transitoires. Bas\u00e9 sur l\u2019historique commercial, le nombre de r\u00e9actions n\u00e9gatives not\u00e9 sur la base d\u2019un traitement (pour 4 injections hebdomadaires) \u00e9tait de 0,058 % (Hannon et&#8230;  <a class=\"excerpt-read-more\" href=\"https:\/\/www.cartrophen.com\/fr\/for-vets\/safety-and-efficacy\/\" title=\"ReadS\u00e9curit\u00e9 et Efficacit\u00e9\">Read more &raquo;<\/a><\/p>\n","protected":false},"author":1,"featured_media":0,"parent":37,"menu_order":0,"comment_status":"closed","ping_status":"closed","template":"","meta":{"_acf_changed":false,"footnotes":""},"class_list":["post-142","page","type-page","status-publish","hentry"],"acf":[],"yoast_head":"<!-- This site is optimized with the Yoast SEO plugin v26.4 - https:\/\/yoast.com\/wordpress\/plugins\/seo\/ -->\n<title>S\u00e9curit\u00e9 et Efficacit\u00e9 - Cartrophen Vet<\/title>\n<meta name=\"robots\" content=\"index, follow, max-snippet:-1, max-image-preview:large, max-video-preview:-1\" \/>\n<link rel=\"canonical\" href=\"https:\/\/www.cartrophen.com\/for-vets\/safety-and-efficacy\/\" \/>\n<meta property=\"og:locale\" content=\"fr_FR\" \/>\n<meta property=\"og:type\" content=\"article\" \/>\n<meta property=\"og:title\" content=\"S\u00e9curit\u00e9 et Efficacit\u00e9 - Cartrophen Vet\" \/>\n<meta property=\"og:description\" content=\"S\u00e9curit\u00e9 Anarthron est-il s\u00fbr\u00a0? Anarthron est utilis\u00e9 sur les chiens, en toute s\u00e9curit\u00e9, depuis plus de 20 ans. Anarthron a une faible incidence d\u2019effets secondaires qui sont mod\u00e9r\u00e9s et transitoires. Bas\u00e9 sur l\u2019historique commercial, le nombre de r\u00e9actions n\u00e9gatives not\u00e9 sur la base d\u2019un traitement (pour 4 injections hebdomadaires) \u00e9tait de 0,058 % (Hannon et... Read more &raquo;\" \/>\n<meta property=\"og:url\" content=\"https:\/\/www.cartrophen.com\/for-vets\/safety-and-efficacy\/\" \/>\n<meta property=\"og:site_name\" content=\"Cartrophen Vet\" \/>\n<meta property=\"article:publisher\" content=\"https:\/\/www.facebook.com\/cartrophenvet\/\" \/>\n<meta property=\"article:modified_time\" content=\"2016-08-30T15:20:15+00:00\" \/>\n<meta property=\"og:image\" content=\"http:\/\/www.cartrophen.com\/wp-content\/uploads\/2016\/07\/graph-4.png\" \/>\n<meta name=\"twitter:card\" content=\"summary_large_image\" \/>\n<meta name=\"twitter:label1\" content=\"Dur\u00e9e de lecture estim\u00e9e\" \/>\n\t<meta name=\"twitter:data1\" content=\"10 minutes\" \/>\n<script type=\"application\/ld+json\" class=\"yoast-schema-graph\">{\"@context\":\"https:\/\/schema.org\",\"@graph\":[{\"@type\":\"WebPage\",\"@id\":\"https:\/\/www.cartrophen.com\/for-vets\/safety-and-efficacy\/\",\"url\":\"https:\/\/www.cartrophen.com\/for-vets\/safety-and-efficacy\/\",\"name\":\"S\u00e9curit\u00e9 et Efficacit\u00e9 - Cartrophen Vet\",\"isPartOf\":{\"@id\":\"https:\/\/www.cartrophen.com\/#website\"},\"primaryImageOfPage\":{\"@id\":\"https:\/\/www.cartrophen.com\/for-vets\/safety-and-efficacy\/#primaryimage\"},\"image\":{\"@id\":\"https:\/\/www.cartrophen.com\/for-vets\/safety-and-efficacy\/#primaryimage\"},\"thumbnailUrl\":\"http:\/\/www.cartrophen.com\/wp-content\/uploads\/2016\/07\/graph-4.png\",\"datePublished\":\"2016-07-05T13:42:28+00:00\",\"dateModified\":\"2016-08-30T15:20:15+00:00\",\"breadcrumb\":{\"@id\":\"https:\/\/www.cartrophen.com\/for-vets\/safety-and-efficacy\/#breadcrumb\"},\"inLanguage\":\"fr-FR\",\"potentialAction\":[{\"@type\":\"ReadAction\",\"target\":[\"https:\/\/www.cartrophen.com\/for-vets\/safety-and-efficacy\/\"]}]},{\"@type\":\"ImageObject\",\"inLanguage\":\"fr-FR\",\"@id\":\"https:\/\/www.cartrophen.com\/for-vets\/safety-and-efficacy\/#primaryimage\",\"url\":\"http:\/\/www.cartrophen.com\/wp-content\/uploads\/2016\/07\/graph-4.png\",\"contentUrl\":\"http:\/\/www.cartrophen.com\/wp-content\/uploads\/2016\/07\/graph-4.png\"},{\"@type\":\"BreadcrumbList\",\"@id\":\"https:\/\/www.cartrophen.com\/for-vets\/safety-and-efficacy\/#breadcrumb\",\"itemListElement\":[{\"@type\":\"ListItem\",\"position\":1,\"name\":\"Home\",\"item\":\"https:\/\/www.cartrophen.com\/\"},{\"@type\":\"ListItem\",\"position\":2,\"name\":\"For Vets\",\"item\":\"https:\/\/www.cartrophen.com\/for-vets\/\"},{\"@type\":\"ListItem\",\"position\":3,\"name\":\"Safety and Efficacy\"}]},{\"@type\":\"WebSite\",\"@id\":\"https:\/\/www.cartrophen.com\/#website\",\"url\":\"https:\/\/www.cartrophen.com\/\",\"name\":\"Cartrophen Vet\",\"description\":\"Healthy joints, happy pets\",\"potentialAction\":[{\"@type\":\"SearchAction\",\"target\":{\"@type\":\"EntryPoint\",\"urlTemplate\":\"https:\/\/www.cartrophen.com\/?s={search_term_string}\"},\"query-input\":{\"@type\":\"PropertyValueSpecification\",\"valueRequired\":true,\"valueName\":\"search_term_string\"}}],\"inLanguage\":\"fr-FR\"}]}<\/script>\n<!-- \/ Yoast SEO plugin. -->","yoast_head_json":{"title":"S\u00e9curit\u00e9 et Efficacit\u00e9 - Cartrophen Vet","robots":{"index":"index","follow":"follow","max-snippet":"max-snippet:-1","max-image-preview":"max-image-preview:large","max-video-preview":"max-video-preview:-1"},"canonical":"https:\/\/www.cartrophen.com\/for-vets\/safety-and-efficacy\/","og_locale":"fr_FR","og_type":"article","og_title":"S\u00e9curit\u00e9 et Efficacit\u00e9 - Cartrophen Vet","og_description":"S\u00e9curit\u00e9 Anarthron est-il s\u00fbr\u00a0? Anarthron est utilis\u00e9 sur les chiens, en toute s\u00e9curit\u00e9, depuis plus de 20 ans. Anarthron a une faible incidence d\u2019effets secondaires qui sont mod\u00e9r\u00e9s et transitoires. Bas\u00e9 sur l\u2019historique commercial, le nombre de r\u00e9actions n\u00e9gatives not\u00e9 sur la base d\u2019un traitement (pour 4 injections hebdomadaires) \u00e9tait de 0,058 % (Hannon et... Read more &raquo;","og_url":"https:\/\/www.cartrophen.com\/for-vets\/safety-and-efficacy\/","og_site_name":"Cartrophen Vet","article_publisher":"https:\/\/www.facebook.com\/cartrophenvet\/","article_modified_time":"2016-08-30T15:20:15+00:00","og_image":[{"url":"http:\/\/www.cartrophen.com\/wp-content\/uploads\/2016\/07\/graph-4.png","type":"","width":"","height":""}],"twitter_card":"summary_large_image","twitter_misc":{"Dur\u00e9e de lecture estim\u00e9e":"10 minutes"},"schema":{"@context":"https:\/\/schema.org","@graph":[{"@type":"WebPage","@id":"https:\/\/www.cartrophen.com\/for-vets\/safety-and-efficacy\/","url":"https:\/\/www.cartrophen.com\/for-vets\/safety-and-efficacy\/","name":"S\u00e9curit\u00e9 et Efficacit\u00e9 - Cartrophen Vet","isPartOf":{"@id":"https:\/\/www.cartrophen.com\/#website"},"primaryImageOfPage":{"@id":"https:\/\/www.cartrophen.com\/for-vets\/safety-and-efficacy\/#primaryimage"},"image":{"@id":"https:\/\/www.cartrophen.com\/for-vets\/safety-and-efficacy\/#primaryimage"},"thumbnailUrl":"http:\/\/www.cartrophen.com\/wp-content\/uploads\/2016\/07\/graph-4.png","datePublished":"2016-07-05T13:42:28+00:00","dateModified":"2016-08-30T15:20:15+00:00","breadcrumb":{"@id":"https:\/\/www.cartrophen.com\/for-vets\/safety-and-efficacy\/#breadcrumb"},"inLanguage":"fr-FR","potentialAction":[{"@type":"ReadAction","target":["https:\/\/www.cartrophen.com\/for-vets\/safety-and-efficacy\/"]}]},{"@type":"ImageObject","inLanguage":"fr-FR","@id":"https:\/\/www.cartrophen.com\/for-vets\/safety-and-efficacy\/#primaryimage","url":"http:\/\/www.cartrophen.com\/wp-content\/uploads\/2016\/07\/graph-4.png","contentUrl":"http:\/\/www.cartrophen.com\/wp-content\/uploads\/2016\/07\/graph-4.png"},{"@type":"BreadcrumbList","@id":"https:\/\/www.cartrophen.com\/for-vets\/safety-and-efficacy\/#breadcrumb","itemListElement":[{"@type":"ListItem","position":1,"name":"Home","item":"https:\/\/www.cartrophen.com\/"},{"@type":"ListItem","position":2,"name":"For Vets","item":"https:\/\/www.cartrophen.com\/for-vets\/"},{"@type":"ListItem","position":3,"name":"Safety and Efficacy"}]},{"@type":"WebSite","@id":"https:\/\/www.cartrophen.com\/#website","url":"https:\/\/www.cartrophen.com\/","name":"Cartrophen Vet","description":"Healthy joints, happy pets","potentialAction":[{"@type":"SearchAction","target":{"@type":"EntryPoint","urlTemplate":"https:\/\/www.cartrophen.com\/?s={search_term_string}"},"query-input":{"@type":"PropertyValueSpecification","valueRequired":true,"valueName":"search_term_string"}}],"inLanguage":"fr-FR"}]}},"_links":{"self":[{"href":"https:\/\/www.cartrophen.com\/fr\/wp-json\/wp\/v2\/pages\/142","targetHints":{"allow":["GET"]}}],"collection":[{"href":"https:\/\/www.cartrophen.com\/fr\/wp-json\/wp\/v2\/pages"}],"about":[{"href":"https:\/\/www.cartrophen.com\/fr\/wp-json\/wp\/v2\/types\/page"}],"author":[{"embeddable":true,"href":"https:\/\/www.cartrophen.com\/fr\/wp-json\/wp\/v2\/users\/1"}],"replies":[{"embeddable":true,"href":"https:\/\/www.cartrophen.com\/fr\/wp-json\/wp\/v2\/comments?post=142"}],"version-history":[{"count":12,"href":"https:\/\/www.cartrophen.com\/fr\/wp-json\/wp\/v2\/pages\/142\/revisions"}],"predecessor-version":[{"id":538,"href":"https:\/\/www.cartrophen.com\/fr\/wp-json\/wp\/v2\/pages\/142\/revisions\/538"}],"up":[{"embeddable":true,"href":"https:\/\/www.cartrophen.com\/fr\/wp-json\/wp\/v2\/pages\/37"}],"wp:attachment":[{"href":"https:\/\/www.cartrophen.com\/fr\/wp-json\/wp\/v2\/media?parent=142"}],"curies":[{"name":"wp","href":"https:\/\/api.w.org\/{rel}","templated":true}]}}