{"id":11,"date":"2016-06-17T01:21:51","date_gmt":"2016-06-17T01:21:51","guid":{"rendered":"http:\/\/www.cartrophen.com\/?page_id=11"},"modified":"2017-02-02T22:45:08","modified_gmt":"2017-02-02T22:45:08","slug":"products","status":"publish","type":"page","link":"https:\/\/www.cartrophen.com\/fr\/about-us\/products\/","title":{"rendered":"Produits"},"content":{"rendered":"<p><\/p>\n<h2>Anarthon\u00a010ml<\/h2>\n<h4>SUBSTANCE ACTIVE<\/h4>\n<p>100mg\/mL POLUSULFATE DE PENTOSANE SODIQUE<\/p>\n<p>ANARTHRON\u00ae est une traitement de la boiterie et de la douleur dues aux maladies articulaires d\u00e9g\u00e9n\u00e9ratives \/ \u00e0\u00a0 l&rsquo;ost\u00e9o-arthrose (arthrose non- infectieuse) chez les chiens.<\/p>\n<p>Solution injectable.<br \/>\nSolution transparente, incolore \u00e0\u00a0 jaune p\u00e2le.<\/p>\n<h4><\/h4>\n<img loading=\"lazy\" decoding=\"async\" class=\"alignnone wp-image-276 size-full\" title=\"CVI-10ml-vial\" src=\"http:\/\/www.cartrophen.com\/wp-content\/uploads\/2016\/06\/CV-10ml-vial.jpg\" alt=\"CVI-10ml-vial\" width=\"1000\" height=\"600\" srcset=\"https:\/\/www.cartrophen.com\/wp-content\/uploads\/2016\/06\/CV-10ml-vial.jpg 1000w, https:\/\/www.cartrophen.com\/wp-content\/uploads\/2016\/06\/CV-10ml-vial-300x180.jpg 300w, https:\/\/www.cartrophen.com\/wp-content\/uploads\/2016\/06\/CV-10ml-vial-768x461.jpg 768w\" sizes=\"auto, (max-width: 1000px) 100vw, 1000px\" \/>\n<h2><\/h2>\n<p>&nbsp;<\/p>\n<h2>Cartrophen Equine Forte 4ml (seulement dans les pays inscrits)<\/h2>\n<h4>SUBSTANCE ACTIVE<\/h4>\n<p>250mg\/mL POLUSULFATE DE PENTOSANE SODIQUE<\/p>\n<p>Cartrophen Equine Forte est une solution st\u00e9rile formul\u00e9 comme une aide dans le traitement de la non-infectieuse, d&rsquo;une maladie articulaire inflammatoire chez le chevaux.<\/p>\n<h4><\/h4>\n<p>&nbsp;<\/p>\n<p><img loading=\"lazy\" decoding=\"async\" class=\"alignnone wp-image-274 size-full\" src=\"http:\/\/www.cartrophen.com\/wp-content\/uploads\/2016\/06\/CEF-4ml-vial.jpg\" alt=\"CEF-4ml-vial\" width=\"1000\" height=\"600\" srcset=\"https:\/\/www.cartrophen.com\/wp-content\/uploads\/2016\/06\/CEF-4ml-vial.jpg 1000w, https:\/\/www.cartrophen.com\/wp-content\/uploads\/2016\/06\/CEF-4ml-vial-300x180.jpg 300w, https:\/\/www.cartrophen.com\/wp-content\/uploads\/2016\/06\/CEF-4ml-vial-768x461.jpg 768w\" sizes=\"auto, (max-width: 1000px) 100vw, 1000px\" \/><\/p>","protected":false},"excerpt":{"rendered":"<p>Anarthon\u00a010ml SUBSTANCE ACTIVE 100mg\/mL POLUSULFATE DE PENTOSANE SODIQUE ANARTHRON\u00ae est une traitement de la boiterie et de la douleur dues aux maladies articulaires d\u00e9g\u00e9n\u00e9ratives \/ \u00e0\u00a0 l&rsquo;ost\u00e9o-arthrose (arthrose non- infectieuse) chez les chiens. Solution injectable. Solution transparente, incolore \u00e0\u00a0 jaune p\u00e2le. &nbsp; Cartrophen Equine Forte 4ml (seulement dans les pays inscrits) SUBSTANCE ACTIVE 250mg\/mL POLUSULFATE&#8230;  <a class=\"excerpt-read-more\" href=\"https:\/\/www.cartrophen.com\/fr\/about-us\/products\/\" title=\"ReadProduits\">Read more &raquo;<\/a><\/p>\n","protected":false},"author":1,"featured_media":0,"parent":7,"menu_order":2,"comment_status":"closed","ping_status":"closed","template":"page-products.php","meta":{"_acf_changed":false,"footnotes":""},"class_list":["post-11","page","type-page","status-publish","hentry"],"acf":[],"yoast_head":"<!-- This site is optimized with the Yoast SEO plugin v26.4 - https:\/\/yoast.com\/wordpress\/plugins\/seo\/ -->\n<title>Produits - Anarthron<\/title>\n<meta name=\"robots\" content=\"index, follow, max-snippet:-1, max-image-preview:large, max-video-preview:-1\" \/>\n<link rel=\"canonical\" href=\"http:\/\/www.cartrophen.com\/fr\/about-us\/products\/\" \/>\n<meta property=\"og:locale\" content=\"fr_FR\" \/>\n<meta property=\"og:type\" content=\"article\" \/>\n<meta property=\"og:title\" content=\"Produits - Anarthron\" \/>\n<meta property=\"og:description\" content=\"Anarthon\u00a010ml SUBSTANCE ACTIVE 100mg\/mL POLUSULFATE DE PENTOSANE SODIQUE ANARTHRON\u00ae est une traitement de la boiterie et de la douleur dues aux maladies articulaires d\u00e9g\u00e9n\u00e9ratives \/ \u00e0\u00a0 l&rsquo;ost\u00e9o-arthrose (arthrose non- infectieuse) chez les chiens. Solution injectable. Solution transparente, incolore \u00e0\u00a0 jaune p\u00e2le. &nbsp; Cartrophen Equine Forte 4ml (seulement dans les pays inscrits) SUBSTANCE ACTIVE 250mg\/mL POLUSULFATE... Read more &raquo;\" \/>\n<meta property=\"og:url\" content=\"http:\/\/www.cartrophen.com\/fr\/about-us\/products\/\" \/>\n<meta property=\"og:site_name\" content=\"Cartrophen Vet\" \/>\n<meta property=\"article:publisher\" content=\"https:\/\/www.facebook.com\/cartrophenvet\/\" \/>\n<meta property=\"article:modified_time\" content=\"2017-02-02T22:45:08+00:00\" \/>\n<meta property=\"og:image\" content=\"http:\/\/www.cartrophen.com\/wp-content\/uploads\/2016\/06\/CV-10ml-vial.jpg\" \/>\n<meta name=\"twitter:card\" content=\"summary_large_image\" \/>\n<meta name=\"twitter:label1\" content=\"Dur\u00e9e de lecture estim\u00e9e\" \/>\n\t<meta name=\"twitter:data1\" content=\"1 minute\" \/>\n<script type=\"application\/ld+json\" class=\"yoast-schema-graph\">{\"@context\":\"https:\/\/schema.org\",\"@graph\":[{\"@type\":\"WebPage\",\"@id\":\"http:\/\/www.cartrophen.com\/fr\/about-us\/products\/\",\"url\":\"http:\/\/www.cartrophen.com\/fr\/about-us\/products\/\",\"name\":\"Produits - Anarthron\",\"isPartOf\":{\"@id\":\"https:\/\/www.cartrophen.com\/#website\"},\"primaryImageOfPage\":{\"@id\":\"http:\/\/www.cartrophen.com\/fr\/about-us\/products\/#primaryimage\"},\"image\":{\"@id\":\"http:\/\/www.cartrophen.com\/fr\/about-us\/products\/#primaryimage\"},\"thumbnailUrl\":\"http:\/\/www.cartrophen.com\/wp-content\/uploads\/2016\/06\/CV-10ml-vial.jpg\",\"datePublished\":\"2016-06-17T01:21:51+00:00\",\"dateModified\":\"2017-02-02T22:45:08+00:00\",\"breadcrumb\":{\"@id\":\"http:\/\/www.cartrophen.com\/fr\/about-us\/products\/#breadcrumb\"},\"inLanguage\":\"fr-FR\",\"potentialAction\":[{\"@type\":\"ReadAction\",\"target\":[\"http:\/\/www.cartrophen.com\/fr\/about-us\/products\/\"]}]},{\"@type\":\"ImageObject\",\"inLanguage\":\"fr-FR\",\"@id\":\"http:\/\/www.cartrophen.com\/fr\/about-us\/products\/#primaryimage\",\"url\":\"http:\/\/www.cartrophen.com\/wp-content\/uploads\/2016\/06\/CV-10ml-vial.jpg\",\"contentUrl\":\"http:\/\/www.cartrophen.com\/wp-content\/uploads\/2016\/06\/CV-10ml-vial.jpg\"},{\"@type\":\"BreadcrumbList\",\"@id\":\"http:\/\/www.cartrophen.com\/fr\/about-us\/products\/#breadcrumb\",\"itemListElement\":[{\"@type\":\"ListItem\",\"position\":1,\"name\":\"Home\",\"item\":\"https:\/\/www.cartrophen.com\/\"},{\"@type\":\"ListItem\",\"position\":2,\"name\":\"About us\",\"item\":\"https:\/\/www.cartrophen.com\/about-us\/\"},{\"@type\":\"ListItem\",\"position\":3,\"name\":\"Produits\"}]},{\"@type\":\"WebSite\",\"@id\":\"https:\/\/www.cartrophen.com\/#website\",\"url\":\"https:\/\/www.cartrophen.com\/\",\"name\":\"Cartrophen Vet\",\"description\":\"Healthy joints, happy pets\",\"potentialAction\":[{\"@type\":\"SearchAction\",\"target\":{\"@type\":\"EntryPoint\",\"urlTemplate\":\"https:\/\/www.cartrophen.com\/?s={search_term_string}\"},\"query-input\":{\"@type\":\"PropertyValueSpecification\",\"valueRequired\":true,\"valueName\":\"search_term_string\"}}],\"inLanguage\":\"fr-FR\"}]}<\/script>\n<!-- \/ Yoast SEO plugin. -->","yoast_head_json":{"title":"Produits - Anarthron","robots":{"index":"index","follow":"follow","max-snippet":"max-snippet:-1","max-image-preview":"max-image-preview:large","max-video-preview":"max-video-preview:-1"},"canonical":"http:\/\/www.cartrophen.com\/fr\/about-us\/products\/","og_locale":"fr_FR","og_type":"article","og_title":"Produits - Anarthron","og_description":"Anarthon\u00a010ml SUBSTANCE ACTIVE 100mg\/mL POLUSULFATE DE PENTOSANE SODIQUE ANARTHRON\u00ae est une traitement de la boiterie et de la douleur dues aux maladies articulaires d\u00e9g\u00e9n\u00e9ratives \/ \u00e0\u00a0 l&rsquo;ost\u00e9o-arthrose (arthrose non- infectieuse) chez les chiens. Solution injectable. Solution transparente, incolore \u00e0\u00a0 jaune p\u00e2le. &nbsp; Cartrophen Equine Forte 4ml (seulement dans les pays inscrits) SUBSTANCE ACTIVE 250mg\/mL POLUSULFATE... Read more &raquo;","og_url":"http:\/\/www.cartrophen.com\/fr\/about-us\/products\/","og_site_name":"Cartrophen Vet","article_publisher":"https:\/\/www.facebook.com\/cartrophenvet\/","article_modified_time":"2017-02-02T22:45:08+00:00","og_image":[{"url":"http:\/\/www.cartrophen.com\/wp-content\/uploads\/2016\/06\/CV-10ml-vial.jpg","type":"","width":"","height":""}],"twitter_card":"summary_large_image","twitter_misc":{"Dur\u00e9e de lecture estim\u00e9e":"1 minute"},"schema":{"@context":"https:\/\/schema.org","@graph":[{"@type":"WebPage","@id":"http:\/\/www.cartrophen.com\/fr\/about-us\/products\/","url":"http:\/\/www.cartrophen.com\/fr\/about-us\/products\/","name":"Produits - Anarthron","isPartOf":{"@id":"https:\/\/www.cartrophen.com\/#website"},"primaryImageOfPage":{"@id":"http:\/\/www.cartrophen.com\/fr\/about-us\/products\/#primaryimage"},"image":{"@id":"http:\/\/www.cartrophen.com\/fr\/about-us\/products\/#primaryimage"},"thumbnailUrl":"http:\/\/www.cartrophen.com\/wp-content\/uploads\/2016\/06\/CV-10ml-vial.jpg","datePublished":"2016-06-17T01:21:51+00:00","dateModified":"2017-02-02T22:45:08+00:00","breadcrumb":{"@id":"http:\/\/www.cartrophen.com\/fr\/about-us\/products\/#breadcrumb"},"inLanguage":"fr-FR","potentialAction":[{"@type":"ReadAction","target":["http:\/\/www.cartrophen.com\/fr\/about-us\/products\/"]}]},{"@type":"ImageObject","inLanguage":"fr-FR","@id":"http:\/\/www.cartrophen.com\/fr\/about-us\/products\/#primaryimage","url":"http:\/\/www.cartrophen.com\/wp-content\/uploads\/2016\/06\/CV-10ml-vial.jpg","contentUrl":"http:\/\/www.cartrophen.com\/wp-content\/uploads\/2016\/06\/CV-10ml-vial.jpg"},{"@type":"BreadcrumbList","@id":"http:\/\/www.cartrophen.com\/fr\/about-us\/products\/#breadcrumb","itemListElement":[{"@type":"ListItem","position":1,"name":"Home","item":"https:\/\/www.cartrophen.com\/"},{"@type":"ListItem","position":2,"name":"About us","item":"https:\/\/www.cartrophen.com\/about-us\/"},{"@type":"ListItem","position":3,"name":"Produits"}]},{"@type":"WebSite","@id":"https:\/\/www.cartrophen.com\/#website","url":"https:\/\/www.cartrophen.com\/","name":"Cartrophen Vet","description":"Healthy joints, happy pets","potentialAction":[{"@type":"SearchAction","target":{"@type":"EntryPoint","urlTemplate":"https:\/\/www.cartrophen.com\/?s={search_term_string}"},"query-input":{"@type":"PropertyValueSpecification","valueRequired":true,"valueName":"search_term_string"}}],"inLanguage":"fr-FR"}]}},"_links":{"self":[{"href":"https:\/\/www.cartrophen.com\/fr\/wp-json\/wp\/v2\/pages\/11","targetHints":{"allow":["GET"]}}],"collection":[{"href":"https:\/\/www.cartrophen.com\/fr\/wp-json\/wp\/v2\/pages"}],"about":[{"href":"https:\/\/www.cartrophen.com\/fr\/wp-json\/wp\/v2\/types\/page"}],"author":[{"embeddable":true,"href":"https:\/\/www.cartrophen.com\/fr\/wp-json\/wp\/v2\/users\/1"}],"replies":[{"embeddable":true,"href":"https:\/\/www.cartrophen.com\/fr\/wp-json\/wp\/v2\/comments?post=11"}],"version-history":[{"count":20,"href":"https:\/\/www.cartrophen.com\/fr\/wp-json\/wp\/v2\/pages\/11\/revisions"}],"predecessor-version":[{"id":609,"href":"https:\/\/www.cartrophen.com\/fr\/wp-json\/wp\/v2\/pages\/11\/revisions\/609"}],"up":[{"embeddable":true,"href":"https:\/\/www.cartrophen.com\/fr\/wp-json\/wp\/v2\/pages\/7"}],"wp:attachment":[{"href":"https:\/\/www.cartrophen.com\/fr\/wp-json\/wp\/v2\/media?parent=11"}],"curies":[{"name":"wp","href":"https:\/\/api.w.org\/{rel}","templated":true}]}}