{"id":23,"date":"2016-06-17T01:24:10","date_gmt":"2016-06-17T01:24:10","guid":{"rendered":"http:\/\/www.cartrophen.com\/?page_id=23"},"modified":"2016-08-29T15:26:29","modified_gmt":"2016-08-29T15:26:29","slug":"what-is-cartrophen-vet","status":"publish","type":"page","link":"http:\/\/www.cartrophen.com\/fr\/for-dog-owners\/what-is-cartrophen-vet\/","title":{"rendered":"Qu\u2019est ce qu\u2019Anarthron?"},"content":{"rendered":"<p>Anarthron est une avanc\u00e9e r\u00e9volutionnaire dans le traitement de l\u2019arthrose chez les chiens. En fait des\u00a0millions de chiens jouissent des b\u00e9n\u00e9fices de cette technologie sup\u00e9rieure et test\u00e9e et qui continue de traiter des millions de chiens apr\u00e8s 20 ans d\u2019utilisation dans le traitement de l\u2019arthrose chez les chiens.<\/p>\n<p>Anarthron (100 mg\/mL polysulfate de pentosane sodique) est un produit donn\u00e9 sur ordonnance, injectable, \u00e0 base de sucre sulfat\u00e9 d\u2019origine v\u00e9g\u00e9tale. Il a plusieurs sites d\u2019action dans les processus sous-jacents de la maladie arthrosique et aide au maintien d\u2019une articulation en bonne sant\u00e9, dont la pr\u00e9servation du cartilage de l\u2019articulation. Il est par cons\u00e9quent class\u00e9 comme m\u00e9dicament modifiant la maladie arthrosique (MMMA).<\/p>\n<p>&nbsp;<\/p>\n<h2><strong>Le traitement<\/strong><\/h2>\n<p>Anarthron est une injection administr\u00e9e par votre v\u00e9t\u00e9rinaire de la m\u00eame fa\u00e7on qu\u2019un vaccin, \u00e0 raison de quatre injections \u00e0 une semaine d\u2019intervalle. C\u2019est une fa\u00e7on commode pour s\u2019assurer que votre animal de compagnie re\u00e7oit la dose appropri\u00e9e sans avoir \u00e0 suivre un r\u00e9gime quotidien. Il est essentiel que votre chien re\u00e7oive ces 4 injections afin d\u2019assurer un r\u00e9sultat optimal et un changement du processus de la maladie.<\/p>\n<p>80 % des compagnons r\u00e9agissent rapidement au traitement initial (Francis and Read, 1993\u00a0; Cullis-Hill and Ghosh, 1994\u00a0; Bouck et al, 1995\u00a0; Read et al, 1996\u00a0; Smith et al, 2001) avec une r\u00e9duction de la boiterie et de la douleur ainsi qu\u2019une augmentation ult\u00e9rieure de l\u2019activit\u00e9 et du bien-\u00eatre.<\/p>\n<p>La fr\u00e9quence du traitement varie d\u2019une fois par an pour les cas mod\u00e9r\u00e9s \u00e0 trois fois par an pour les cas s\u00e9v\u00e8res.<\/p>\n<p>Votre v\u00e9t\u00e9rinaire peut varier ce traitement afin d\u2019obtenir une r\u00e9duction optimale des sympt\u00f4mes arthritiques.<\/p>\n<p>&nbsp;<\/p>\n<h2><strong>Comment Anarthron fonctionne-t-il\u00a0?<\/strong><\/h2>\n<p>Anarthron fonctionne de fa\u00e7on \u00e0 modifier les processus arthritiques sous-jacents afin de soulager la douleur et la boiterie.<\/p>\n<p>Anarthron conduit \u00e0 des am\u00e9liorations sur le long terme qui durent au-del\u00e0 de la p\u00e9riode de traitement de 4 semaines, jusqu&rsquo;\u00e0 un an dans certains cas.<\/p>\n<p>Anarthron a d\u00e9montr\u00e9 les modes d\u2019actions suivants\u00a0:<\/p>\n<p>1.\u00a0<strong>Stoppe les enzymes destructrices<\/strong> qui d\u00e9t\u00e9riorent le cartilage, qui est l\u2019absorbeur de chocs naturel du corps<\/p>\n<p>2.\u00a0<strong>Stimule le corps \u00e0 produire du cartilage<\/strong><\/p>\n<p>3.\u00a0<strong>Stimule le corps<\/strong> <strong>\u00e0 produire du lubrifiant articulaire<\/strong><\/p>\n<p>4.\u00a0<strong>Nettoie l\u2019obstruction des vaisseaux sanguins<\/strong> afin de d\u00e9livrer la nutrition \u00e0 l\u2019articulation et aux os<\/p>\n<p>5.\u00a0<strong>Stimule la production d\u2019antioxydants <\/strong>qui bloquent les radicaux libres endommag\u00e9s<\/p>\n<p>&nbsp;<\/p>\n<div class=\"refbox\"><\/div>\n<p><\/p>","protected":false},"excerpt":{"rendered":"<p>Anarthron est une avanc\u00e9e r\u00e9volutionnaire dans le traitement de l\u2019arthrose chez les chiens. En fait des\u00a0millions de chiens jouissent des b\u00e9n\u00e9fices de cette technologie sup\u00e9rieure et test\u00e9e et qui continue de traiter des millions de chiens apr\u00e8s 20 ans d\u2019utilisation dans le traitement de l\u2019arthrose chez les chiens. Anarthron (100 mg\/mL polysulfate de pentosane sodique)&#8230;  <a class=\"excerpt-read-more\" href=\"http:\/\/www.cartrophen.com\/fr\/for-dog-owners\/what-is-cartrophen-vet\/\" title=\"ReadQu\u2019est ce qu\u2019Anarthron?\">Read more &raquo;<\/a><\/p>\n","protected":false},"author":1,"featured_media":0,"parent":17,"menu_order":0,"comment_status":"closed","ping_status":"closed","template":"","meta":{"_acf_changed":false,"footnotes":""},"class_list":["post-23","page","type-page","status-publish","hentry"],"acf":[],"yoast_head":"<!-- This site is optimized with the Yoast SEO plugin v26.4 - https:\/\/yoast.com\/wordpress\/plugins\/seo\/ -->\n<title>Qu\u2019est ce qu\u2019Anarthron? - Cartrophen Vet<\/title>\n<meta name=\"robots\" content=\"index, follow, max-snippet:-1, max-image-preview:large, max-video-preview:-1\" \/>\n<link rel=\"canonical\" href=\"https:\/\/www.cartrophen.com\/for-dog-owners\/what-is-cartrophen-vet\/\" \/>\n<meta property=\"og:locale\" content=\"fr_FR\" \/>\n<meta property=\"og:type\" content=\"article\" \/>\n<meta property=\"og:title\" content=\"Qu\u2019est ce qu\u2019Anarthron? - Cartrophen Vet\" \/>\n<meta property=\"og:description\" content=\"Anarthron est une avanc\u00e9e r\u00e9volutionnaire dans le traitement de l\u2019arthrose chez les chiens. En fait des\u00a0millions de chiens jouissent des b\u00e9n\u00e9fices de cette technologie sup\u00e9rieure et test\u00e9e et qui continue de traiter des millions de chiens apr\u00e8s 20 ans d\u2019utilisation dans le traitement de l\u2019arthrose chez les chiens. Anarthron (100 mg\/mL polysulfate de pentosane sodique)... Read more &raquo;\" \/>\n<meta property=\"og:url\" content=\"https:\/\/www.cartrophen.com\/for-dog-owners\/what-is-cartrophen-vet\/\" \/>\n<meta property=\"og:site_name\" content=\"Cartrophen Vet\" \/>\n<meta property=\"article:publisher\" content=\"https:\/\/www.facebook.com\/cartrophenvet\/\" \/>\n<meta property=\"article:modified_time\" content=\"2016-08-29T15:26:29+00:00\" \/>\n<meta name=\"twitter:card\" content=\"summary_large_image\" \/>\n<meta name=\"twitter:label1\" content=\"Dur\u00e9e de lecture estim\u00e9e\" \/>\n\t<meta name=\"twitter:data1\" content=\"4 minutes\" \/>\n<script type=\"application\/ld+json\" class=\"yoast-schema-graph\">{\"@context\":\"https:\/\/schema.org\",\"@graph\":[{\"@type\":\"WebPage\",\"@id\":\"https:\/\/www.cartrophen.com\/for-dog-owners\/what-is-cartrophen-vet\/\",\"url\":\"https:\/\/www.cartrophen.com\/for-dog-owners\/what-is-cartrophen-vet\/\",\"name\":\"Qu\u2019est ce qu\u2019Anarthron? - Cartrophen Vet\",\"isPartOf\":{\"@id\":\"https:\/\/www.cartrophen.com\/#website\"},\"datePublished\":\"2016-06-17T01:24:10+00:00\",\"dateModified\":\"2016-08-29T15:26:29+00:00\",\"breadcrumb\":{\"@id\":\"https:\/\/www.cartrophen.com\/for-dog-owners\/what-is-cartrophen-vet\/#breadcrumb\"},\"inLanguage\":\"fr-FR\",\"potentialAction\":[{\"@type\":\"ReadAction\",\"target\":[\"https:\/\/www.cartrophen.com\/for-dog-owners\/what-is-cartrophen-vet\/\"]}]},{\"@type\":\"BreadcrumbList\",\"@id\":\"https:\/\/www.cartrophen.com\/for-dog-owners\/what-is-cartrophen-vet\/#breadcrumb\",\"itemListElement\":[{\"@type\":\"ListItem\",\"position\":1,\"name\":\"Home\",\"item\":\"https:\/\/www.cartrophen.com\/\"},{\"@type\":\"ListItem\",\"position\":2,\"name\":\"For Dog Owners\",\"item\":\"https:\/\/www.cartrophen.com\/for-dog-owners\/\"},{\"@type\":\"ListItem\",\"position\":3,\"name\":\"What is Cartrophen Vet?\"}]},{\"@type\":\"WebSite\",\"@id\":\"https:\/\/www.cartrophen.com\/#website\",\"url\":\"https:\/\/www.cartrophen.com\/\",\"name\":\"Cartrophen Vet\",\"description\":\"Healthy joints, happy pets\",\"potentialAction\":[{\"@type\":\"SearchAction\",\"target\":{\"@type\":\"EntryPoint\",\"urlTemplate\":\"https:\/\/www.cartrophen.com\/?s={search_term_string}\"},\"query-input\":{\"@type\":\"PropertyValueSpecification\",\"valueRequired\":true,\"valueName\":\"search_term_string\"}}],\"inLanguage\":\"fr-FR\"}]}<\/script>\n<!-- \/ Yoast SEO plugin. -->","yoast_head_json":{"title":"Qu\u2019est ce qu\u2019Anarthron? - Cartrophen Vet","robots":{"index":"index","follow":"follow","max-snippet":"max-snippet:-1","max-image-preview":"max-image-preview:large","max-video-preview":"max-video-preview:-1"},"canonical":"https:\/\/www.cartrophen.com\/for-dog-owners\/what-is-cartrophen-vet\/","og_locale":"fr_FR","og_type":"article","og_title":"Qu\u2019est ce qu\u2019Anarthron? - Cartrophen Vet","og_description":"Anarthron est une avanc\u00e9e r\u00e9volutionnaire dans le traitement de l\u2019arthrose chez les chiens. En fait des\u00a0millions de chiens jouissent des b\u00e9n\u00e9fices de cette technologie sup\u00e9rieure et test\u00e9e et qui continue de traiter des millions de chiens apr\u00e8s 20 ans d\u2019utilisation dans le traitement de l\u2019arthrose chez les chiens. Anarthron (100 mg\/mL polysulfate de pentosane sodique)... Read more &raquo;","og_url":"https:\/\/www.cartrophen.com\/for-dog-owners\/what-is-cartrophen-vet\/","og_site_name":"Cartrophen Vet","article_publisher":"https:\/\/www.facebook.com\/cartrophenvet\/","article_modified_time":"2016-08-29T15:26:29+00:00","twitter_card":"summary_large_image","twitter_misc":{"Dur\u00e9e de lecture estim\u00e9e":"4 minutes"},"schema":{"@context":"https:\/\/schema.org","@graph":[{"@type":"WebPage","@id":"https:\/\/www.cartrophen.com\/for-dog-owners\/what-is-cartrophen-vet\/","url":"https:\/\/www.cartrophen.com\/for-dog-owners\/what-is-cartrophen-vet\/","name":"Qu\u2019est ce qu\u2019Anarthron? - Cartrophen Vet","isPartOf":{"@id":"https:\/\/www.cartrophen.com\/#website"},"datePublished":"2016-06-17T01:24:10+00:00","dateModified":"2016-08-29T15:26:29+00:00","breadcrumb":{"@id":"https:\/\/www.cartrophen.com\/for-dog-owners\/what-is-cartrophen-vet\/#breadcrumb"},"inLanguage":"fr-FR","potentialAction":[{"@type":"ReadAction","target":["https:\/\/www.cartrophen.com\/for-dog-owners\/what-is-cartrophen-vet\/"]}]},{"@type":"BreadcrumbList","@id":"https:\/\/www.cartrophen.com\/for-dog-owners\/what-is-cartrophen-vet\/#breadcrumb","itemListElement":[{"@type":"ListItem","position":1,"name":"Home","item":"https:\/\/www.cartrophen.com\/"},{"@type":"ListItem","position":2,"name":"For Dog Owners","item":"https:\/\/www.cartrophen.com\/for-dog-owners\/"},{"@type":"ListItem","position":3,"name":"What is Cartrophen Vet?"}]},{"@type":"WebSite","@id":"https:\/\/www.cartrophen.com\/#website","url":"https:\/\/www.cartrophen.com\/","name":"Cartrophen Vet","description":"Healthy joints, happy pets","potentialAction":[{"@type":"SearchAction","target":{"@type":"EntryPoint","urlTemplate":"https:\/\/www.cartrophen.com\/?s={search_term_string}"},"query-input":{"@type":"PropertyValueSpecification","valueRequired":true,"valueName":"search_term_string"}}],"inLanguage":"fr-FR"}]}},"_links":{"self":[{"href":"http:\/\/www.cartrophen.com\/fr\/wp-json\/wp\/v2\/pages\/23","targetHints":{"allow":["GET"]}}],"collection":[{"href":"http:\/\/www.cartrophen.com\/fr\/wp-json\/wp\/v2\/pages"}],"about":[{"href":"http:\/\/www.cartrophen.com\/fr\/wp-json\/wp\/v2\/types\/page"}],"author":[{"embeddable":true,"href":"http:\/\/www.cartrophen.com\/fr\/wp-json\/wp\/v2\/users\/1"}],"replies":[{"embeddable":true,"href":"http:\/\/www.cartrophen.com\/fr\/wp-json\/wp\/v2\/comments?post=23"}],"version-history":[{"count":9,"href":"http:\/\/www.cartrophen.com\/fr\/wp-json\/wp\/v2\/pages\/23\/revisions"}],"predecessor-version":[{"id":507,"href":"http:\/\/www.cartrophen.com\/fr\/wp-json\/wp\/v2\/pages\/23\/revisions\/507"}],"up":[{"embeddable":true,"href":"http:\/\/www.cartrophen.com\/fr\/wp-json\/wp\/v2\/pages\/17"}],"wp:attachment":[{"href":"http:\/\/www.cartrophen.com\/fr\/wp-json\/wp\/v2\/media?parent=23"}],"curies":[{"name":"wp","href":"https:\/\/api.w.org\/{rel}","templated":true}]}}