{"id":147,"date":"2016-07-05T22:53:26","date_gmt":"2016-07-05T22:53:26","guid":{"rendered":"http:\/\/www.cartrophen.com\/?page_id=147"},"modified":"2018-02-08T17:00:10","modified_gmt":"2018-02-08T17:00:10","slug":"faqs-vets","status":"publish","type":"page","link":"http:\/\/www.cartrophen.com\/fr\/for-vets\/faqs-vets\/","title":{"rendered":"Questions fr\u00e9quemment pos\u00e9es par les V\u00e9t\u00e9rinaires"},"content":{"rendered":"<p><strong>Peut-on utiliser d\u2019autres AINS en m\u00eame temps qu\u2019Anarthron\u00a0?<\/strong><\/p>\n<p>Il est g\u00e9n\u00e9ralement s\u00fbr d\u2019utiliser des anti-inflammatoires non-st\u00e9ro\u00efdiens en m\u00eame temps qu\u2019Anarthron, cependant, il n\u2019est g\u00e9n\u00e9ralement pas conseill\u00e9 qu\u2019un AINS soit utilis\u00e9 en m\u00eame temps qu\u2019Anarthron \u00e0 cause de leur modes contradictoires. De plus, le soulagement de la douleur offert par un AINS peut conduire un chien \u00e0 reprendre des activit\u00e9s plus t\u00f4t que pr\u00e9vu compromettant ainsi la progression du processus de cicatrisation. La reprise pr\u00e9matur\u00e9e d\u2019exercices \u00e9nerg\u00e9tiques peut aggraver la maladie. Avec des r\u00e9actions de douleur semblables entre Anarthron et les AINS une semaine apr\u00e8s le d\u00e9but du traitement (Smith et al, 2002), si un soulagement imm\u00e9diat de la douleur est requis, un antidouleur peut-\u00eatre une meilleure solution qu\u2019un AINS car il n\u2019interf\u00e8re pas avec le processus de cicatrisation.<\/p>\n<p><strong>Peut-on utiliser des nutraceutiques et suppl\u00e9ments en m\u00eame temps qu\u2019Anarthron<\/strong>\u00a0?<\/p>\n<p>Les alicaments (nutraceutiques) comme la glucosamine et le sulfate de chondro\u00eftine sont des produits nutritionnels et non pas th\u00e9rapeutiques, ils demandent une consommation quotidienne dans la plupart des cas.<\/p>\n<p>Anarthron est un MMMA qui s\u2019adresse aux d\u00e9s\u00e9quilibres dans les processus sous-jacents des articulations. Avec une alimentation \u00e9quilibr\u00e9e, un suppl\u00e9ment nutritionnel n\u2019est pas n\u00e9cessaire pendant la phase de recouvrement.<\/p>\n<p><strong>Peut-on utiliser Anarthron sur les chats\u00a0?<\/strong><\/p>\n<p>Anarthron n\u2019est pas approuv\u00e9 pour l\u2019utilisation sur les chats mais certains v\u00e9t\u00e9rinaires \u00e0 travers le monde l\u2019utilisent hors indications (syst\u00e8me en cascade) comme traitement de l\u2019arthrose chez les chats, apr\u00e8s consentement du propri\u00e9taire.<\/p>\n<p><strong>Peut-on utiliser Anarthron sur les chats\u00a0pour traiter les maladies des voies urinaires inf\u00e9rieures des f\u00e9lins (MVUIF)\u00a0?<\/strong><\/p>\n<p>Anarthron n\u2019est pas approuv\u00e9 pour l\u2019utilisation sur les chats, mais il y a eu des articles dans diverses revues publi\u00e9s par le Dr Danielle Gunn-Moore discutant de l\u2019utilisation d\u2019Anarthron comme traitement dans les MVUIF.<\/p>\n<ul>\n<li>Traitement des MVUIF \u2013 Gunn and Moore 2003<\/li>\n<li>Traitement des MVUIF \u2013 Gunn and Moore 2000<\/li>\n<\/ul>\n<p><strong>O\u00f9 peut-on acheter Anarthron\u00a0?<\/strong><\/p>\n<p>C\u2019est un m\u00e9dicament d\u00e9livr\u00e9 sous ordonnance v\u00e9t\u00e9rinaire, les v\u00e9t\u00e9rinaires peuvent contacter le distributeur local dans leur pays afin d\u2019obtenir des informations sur l\u2019achat d\u2019Anarthron.<\/p>\n<p><strong>Combien de fois un chien devrait-il \u00eatre trait\u00e9\u00a0? <\/strong><\/p>\n<p>Tous les chiens trait\u00e9s avec Anarthron auront besoin au minimum d\u2019une s\u00e9rie de 4 injections par an. Il est \u00e9galement recommand\u00e9 qu\u2019un examen complet d\u2019OA soit r\u00e9alis\u00e9 au moins tous les 6 mois apr\u00e8s que l\u2019OA ai \u00e9t\u00e9 diagnostiqu\u00e9e, essentiellement pour suivre les progr\u00e8s et maintenir la maladie sous contr\u00f4le et ce en vue de d\u00e9terminer le meilleur moment pour renouveler le traitement. Le traitement est \u00e9tabli pour chaque patient, l\u2019objectif est de pr\u00e9venir les signes r\u00e9currents d\u2019arr\u00eat ou de ralentissement du d\u00e9veloppement de la maladie.<\/p>\n<p>L\u2019exp\u00e9rience v\u00e9t\u00e9rinaire montre que la r\u00e9ponse clinique dure g\u00e9n\u00e9ralement entre 3-12 mois et chaque patient doit \u00eatre \u00e9valu\u00e9 sur une base individuelle. Bien qu\u2019elle varie d\u2019un cas \u00e0 l\u2019autre, bas\u00e9 sur\u00a0l\u2019exp\u00e9rience clinique, voici ci-dessous les indications approximatives recommand\u00e9es\u00a0:<\/p>\n<ul>\n<li>Faibles signes d\u2019OA \u2013 1 traitement* tous les 12 mois<\/li>\n<li>Signes mod\u00e9r\u00e9s d\u2019OA &#8211; 1 traitement* tous les 6 mois (2 s\u00e9ries pour 12 mois)<\/li>\n<li>Signes chroniques et aigus d\u2019OA \u2013 1 traitement* tous les 4 mois (3 s\u00e9ries pour 12 mois)<\/li>\n<\/ul>\n<p>&nbsp;<\/p>\n<p>Le v\u00e9t\u00e9rinaire peut varier ce r\u00e9gime afin d\u2019obtenir la r\u00e9duction optimale des sympt\u00f4mes arthritiques.<\/p>\n<p>*traitement = administration tous les 5-7 jours \u00e0 quatre reprises<\/p>\n<p><strong>Anarthron est-il d\u2019origine animale\u00a0?<\/strong><\/p>\n<p>Anarthron est un produit d\u2019origine v\u00e9g\u00e9tale et provient d\u2019un d\u00e9riv\u00e9 du h\u00eatre. Il n\u2019est pas fabriqu\u00e9 \u00e0 partir de produits d\u2019animaux.<\/p>\n<p><strong>Anarthron peut-il \u00eatre utilis\u00e9 apr\u00e8s une op\u00e9ration\u00a0?<\/strong><\/p>\n<p>Oui, les v\u00e9t\u00e9rinaires l\u2019utilisent g\u00e9n\u00e9ralement lorsque les points de suture sont enlev\u00e9s. Pour plus de discussions sur l\u2019utilisation d\u2019Anarthron, on peut consulter l\u2019onglet Anarthron\u00a0: traitement de la FPC, OCD et chirurgie articulaire<\/p>","protected":false},"excerpt":{"rendered":"<p>Peut-on utiliser d\u2019autres AINS en m\u00eame temps qu\u2019Anarthron\u00a0? Il est g\u00e9n\u00e9ralement s\u00fbr d\u2019utiliser des anti-inflammatoires non-st\u00e9ro\u00efdiens en m\u00eame temps qu\u2019Anarthron, cependant, il n\u2019est g\u00e9n\u00e9ralement pas conseill\u00e9 qu\u2019un AINS soit utilis\u00e9 en m\u00eame temps qu\u2019Anarthron \u00e0 cause de leur modes contradictoires. De plus, le soulagement de la douleur offert par un AINS peut conduire un chien&#8230;  <a class=\"excerpt-read-more\" href=\"http:\/\/www.cartrophen.com\/fr\/for-vets\/faqs-vets\/\" title=\"ReadQuestions fr\u00e9quemment pos\u00e9es par les V\u00e9t\u00e9rinaires\">Read more &raquo;<\/a><\/p>\n","protected":false},"author":1,"featured_media":0,"parent":37,"menu_order":0,"comment_status":"closed","ping_status":"closed","template":"","meta":{"_acf_changed":false,"footnotes":""},"class_list":["post-147","page","type-page","status-publish","hentry"],"acf":[],"yoast_head":"<!-- This site is optimized with the Yoast SEO plugin v26.4 - https:\/\/yoast.com\/wordpress\/plugins\/seo\/ -->\n<title>Questions fr\u00e9quemment pos\u00e9es par les V\u00e9t\u00e9rinaires - Cartrophen Vet<\/title>\n<meta name=\"robots\" content=\"index, follow, max-snippet:-1, max-image-preview:large, max-video-preview:-1\" \/>\n<link rel=\"canonical\" href=\"https:\/\/www.cartrophen.com\/for-vets\/faqs-vets\/\" \/>\n<meta property=\"og:locale\" content=\"fr_FR\" \/>\n<meta property=\"og:type\" content=\"article\" \/>\n<meta property=\"og:title\" content=\"Questions fr\u00e9quemment pos\u00e9es par les V\u00e9t\u00e9rinaires - Cartrophen Vet\" \/>\n<meta property=\"og:description\" content=\"Peut-on utiliser d\u2019autres AINS en m\u00eame temps qu\u2019Anarthron\u00a0? Il est g\u00e9n\u00e9ralement s\u00fbr d\u2019utiliser des anti-inflammatoires non-st\u00e9ro\u00efdiens en m\u00eame temps qu\u2019Anarthron, cependant, il n\u2019est g\u00e9n\u00e9ralement pas conseill\u00e9 qu\u2019un AINS soit utilis\u00e9 en m\u00eame temps qu\u2019Anarthron \u00e0 cause de leur modes contradictoires. De plus, le soulagement de la douleur offert par un AINS peut conduire un chien... Read more &raquo;\" \/>\n<meta property=\"og:url\" content=\"https:\/\/www.cartrophen.com\/for-vets\/faqs-vets\/\" \/>\n<meta property=\"og:site_name\" content=\"Cartrophen Vet\" \/>\n<meta property=\"article:publisher\" content=\"https:\/\/www.facebook.com\/cartrophenvet\/\" \/>\n<meta property=\"article:modified_time\" content=\"2018-02-08T17:00:10+00:00\" \/>\n<meta name=\"twitter:card\" content=\"summary_large_image\" \/>\n<meta name=\"twitter:label1\" content=\"Dur\u00e9e de lecture estim\u00e9e\" \/>\n\t<meta name=\"twitter:data1\" content=\"6 minutes\" \/>\n<script type=\"application\/ld+json\" class=\"yoast-schema-graph\">{\"@context\":\"https:\/\/schema.org\",\"@graph\":[{\"@type\":\"WebPage\",\"@id\":\"https:\/\/www.cartrophen.com\/for-vets\/faqs-vets\/\",\"url\":\"https:\/\/www.cartrophen.com\/for-vets\/faqs-vets\/\",\"name\":\"Questions fr\u00e9quemment pos\u00e9es par les V\u00e9t\u00e9rinaires - Cartrophen Vet\",\"isPartOf\":{\"@id\":\"https:\/\/www.cartrophen.com\/#website\"},\"datePublished\":\"2016-07-05T22:53:26+00:00\",\"dateModified\":\"2018-02-08T17:00:10+00:00\",\"breadcrumb\":{\"@id\":\"https:\/\/www.cartrophen.com\/for-vets\/faqs-vets\/#breadcrumb\"},\"inLanguage\":\"fr-FR\",\"potentialAction\":[{\"@type\":\"ReadAction\",\"target\":[\"https:\/\/www.cartrophen.com\/for-vets\/faqs-vets\/\"]}]},{\"@type\":\"BreadcrumbList\",\"@id\":\"https:\/\/www.cartrophen.com\/for-vets\/faqs-vets\/#breadcrumb\",\"itemListElement\":[{\"@type\":\"ListItem\",\"position\":1,\"name\":\"Home\",\"item\":\"https:\/\/www.cartrophen.com\/\"},{\"@type\":\"ListItem\",\"position\":2,\"name\":\"For Vets\",\"item\":\"https:\/\/www.cartrophen.com\/for-vets\/\"},{\"@type\":\"ListItem\",\"position\":3,\"name\":\"FAQs\"}]},{\"@type\":\"WebSite\",\"@id\":\"https:\/\/www.cartrophen.com\/#website\",\"url\":\"https:\/\/www.cartrophen.com\/\",\"name\":\"Cartrophen Vet\",\"description\":\"Healthy joints, happy pets\",\"potentialAction\":[{\"@type\":\"SearchAction\",\"target\":{\"@type\":\"EntryPoint\",\"urlTemplate\":\"https:\/\/www.cartrophen.com\/?s={search_term_string}\"},\"query-input\":{\"@type\":\"PropertyValueSpecification\",\"valueRequired\":true,\"valueName\":\"search_term_string\"}}],\"inLanguage\":\"fr-FR\"}]}<\/script>\n<!-- \/ Yoast SEO plugin. -->","yoast_head_json":{"title":"Questions fr\u00e9quemment pos\u00e9es par les V\u00e9t\u00e9rinaires - Cartrophen Vet","robots":{"index":"index","follow":"follow","max-snippet":"max-snippet:-1","max-image-preview":"max-image-preview:large","max-video-preview":"max-video-preview:-1"},"canonical":"https:\/\/www.cartrophen.com\/for-vets\/faqs-vets\/","og_locale":"fr_FR","og_type":"article","og_title":"Questions fr\u00e9quemment pos\u00e9es par les V\u00e9t\u00e9rinaires - Cartrophen Vet","og_description":"Peut-on utiliser d\u2019autres AINS en m\u00eame temps qu\u2019Anarthron\u00a0? Il est g\u00e9n\u00e9ralement s\u00fbr d\u2019utiliser des anti-inflammatoires non-st\u00e9ro\u00efdiens en m\u00eame temps qu\u2019Anarthron, cependant, il n\u2019est g\u00e9n\u00e9ralement pas conseill\u00e9 qu\u2019un AINS soit utilis\u00e9 en m\u00eame temps qu\u2019Anarthron \u00e0 cause de leur modes contradictoires. De plus, le soulagement de la douleur offert par un AINS peut conduire un chien... Read more &raquo;","og_url":"https:\/\/www.cartrophen.com\/for-vets\/faqs-vets\/","og_site_name":"Cartrophen Vet","article_publisher":"https:\/\/www.facebook.com\/cartrophenvet\/","article_modified_time":"2018-02-08T17:00:10+00:00","twitter_card":"summary_large_image","twitter_misc":{"Dur\u00e9e de lecture estim\u00e9e":"6 minutes"},"schema":{"@context":"https:\/\/schema.org","@graph":[{"@type":"WebPage","@id":"https:\/\/www.cartrophen.com\/for-vets\/faqs-vets\/","url":"https:\/\/www.cartrophen.com\/for-vets\/faqs-vets\/","name":"Questions fr\u00e9quemment pos\u00e9es par les V\u00e9t\u00e9rinaires - Cartrophen Vet","isPartOf":{"@id":"https:\/\/www.cartrophen.com\/#website"},"datePublished":"2016-07-05T22:53:26+00:00","dateModified":"2018-02-08T17:00:10+00:00","breadcrumb":{"@id":"https:\/\/www.cartrophen.com\/for-vets\/faqs-vets\/#breadcrumb"},"inLanguage":"fr-FR","potentialAction":[{"@type":"ReadAction","target":["https:\/\/www.cartrophen.com\/for-vets\/faqs-vets\/"]}]},{"@type":"BreadcrumbList","@id":"https:\/\/www.cartrophen.com\/for-vets\/faqs-vets\/#breadcrumb","itemListElement":[{"@type":"ListItem","position":1,"name":"Home","item":"https:\/\/www.cartrophen.com\/"},{"@type":"ListItem","position":2,"name":"For Vets","item":"https:\/\/www.cartrophen.com\/for-vets\/"},{"@type":"ListItem","position":3,"name":"FAQs"}]},{"@type":"WebSite","@id":"https:\/\/www.cartrophen.com\/#website","url":"https:\/\/www.cartrophen.com\/","name":"Cartrophen Vet","description":"Healthy joints, happy pets","potentialAction":[{"@type":"SearchAction","target":{"@type":"EntryPoint","urlTemplate":"https:\/\/www.cartrophen.com\/?s={search_term_string}"},"query-input":{"@type":"PropertyValueSpecification","valueRequired":true,"valueName":"search_term_string"}}],"inLanguage":"fr-FR"}]}},"_links":{"self":[{"href":"http:\/\/www.cartrophen.com\/fr\/wp-json\/wp\/v2\/pages\/147","targetHints":{"allow":["GET"]}}],"collection":[{"href":"http:\/\/www.cartrophen.com\/fr\/wp-json\/wp\/v2\/pages"}],"about":[{"href":"http:\/\/www.cartrophen.com\/fr\/wp-json\/wp\/v2\/types\/page"}],"author":[{"embeddable":true,"href":"http:\/\/www.cartrophen.com\/fr\/wp-json\/wp\/v2\/users\/1"}],"replies":[{"embeddable":true,"href":"http:\/\/www.cartrophen.com\/fr\/wp-json\/wp\/v2\/comments?post=147"}],"version-history":[{"count":6,"href":"http:\/\/www.cartrophen.com\/fr\/wp-json\/wp\/v2\/pages\/147\/revisions"}],"predecessor-version":[{"id":1545,"href":"http:\/\/www.cartrophen.com\/fr\/wp-json\/wp\/v2\/pages\/147\/revisions\/1545"}],"up":[{"embeddable":true,"href":"http:\/\/www.cartrophen.com\/fr\/wp-json\/wp\/v2\/pages\/37"}],"wp:attachment":[{"href":"http:\/\/www.cartrophen.com\/fr\/wp-json\/wp\/v2\/media?parent=147"}],"curies":[{"name":"wp","href":"https:\/\/api.w.org\/{rel}","templated":true}]}}